{"id":1013,"date":"2024-01-18T09:34:40","date_gmt":"2024-01-18T09:34:40","guid":{"rendered":"https:\/\/viajescreativa.com\/?page_id=1013"},"modified":"2024-11-01T10:54:56","modified_gmt":"2024-11-01T10:54:56","slug":"spiegelungen-der-meeresenge-von-gibraltar","status":"publish","type":"page","link":"https:\/\/viajescreativa.com\/?page_id=1013","title":{"rendered":"SPIEGELUNGEN DER MEERESENGE VON GIBRALTAR"},"content":{"rendered":"\n<figure class=\"wp-block-image alignfull size-full\"><img fetchpriority=\"high\" decoding=\"async\" width=\"1920\" height=\"349\" src=\"https:\/\/viajescreativa.com\/wp-content\/uploads\/2024\/08\/SPIEGELUNGEN-DER-MEERESENGE-VON-GIBRALTAR-1.png\" alt=\"\" class=\"wp-image-1912\" srcset=\"https:\/\/viajescreativa.com\/wp-content\/uploads\/2024\/08\/SPIEGELUNGEN-DER-MEERESENGE-VON-GIBRALTAR-1.png 1920w, https:\/\/viajescreativa.com\/wp-content\/uploads\/2024\/08\/SPIEGELUNGEN-DER-MEERESENGE-VON-GIBRALTAR-1-300x55.png 300w, https:\/\/viajescreativa.com\/wp-content\/uploads\/2024\/08\/SPIEGELUNGEN-DER-MEERESENGE-VON-GIBRALTAR-1-1024x186.png 1024w, https:\/\/viajescreativa.com\/wp-content\/uploads\/2024\/08\/SPIEGELUNGEN-DER-MEERESENGE-VON-GIBRALTAR-1-768x140.png 768w, https:\/\/viajescreativa.com\/wp-content\/uploads\/2024\/08\/SPIEGELUNGEN-DER-MEERESENGE-VON-GIBRALTAR-1-1536x279.png 1536w\" sizes=\"(max-width: 1920px) 100vw, 1920px\" \/><\/figure>\n\n\n\n<div class=\"wp-block-columns is-layout-flex wp-container-core-columns-is-layout-9d6595d7 wp-block-columns-is-layout-flex\">\n<div class=\"wp-block-column is-layout-flow wp-block-column-is-layout-flow\">\n<p><\/p>\n\n\n\n<p class=\"has-vivid-red-color has-white-background-color has-text-color has-background has-link-color wp-elements-91332145f1d4e635123e506c9a81db15\" style=\"font-size:22px\"><strong><em>HIGHLIGHTS:<\/em><\/strong><\/p>\n\n\n\n<ul class=\"wp-block-list\">\n<li><em>Tarifa wo sich beide Meere treffen und Besichtigung der R\u00f6mische Ausgrabungsst\u00e4tte von Baelo Claudia&nbsp;&nbsp;<\/em><\/li>\n\n\n\n<li><em>Die \u00e4lteste Moschee der Halbinsel in Algeciras<\/em><\/li>\n\n\n\n<li><em>Saint Michael\u00b4s Cave in Gibraltar<\/em><\/li>\n\n\n\n<li><em>Besichtigung von T\u00e1nger, Tetu\u00e1n und Chefchauen in Marokko<\/em><\/li>\n<\/ul>\n<\/div>\n\n\n\n<div class=\"wp-block-column is-layout-flow wp-block-column-is-layout-flow\">\n<figure class=\"wp-block-image aligncenter size-full\"><img decoding=\"async\" width=\"580\" height=\"380\" src=\"https:\/\/viajescreativa.com\/wp-content\/uploads\/2024\/08\/CIRCUITO-ESTRECHO2.jpg\" alt=\"\" class=\"wp-image-1895\" srcset=\"https:\/\/viajescreativa.com\/wp-content\/uploads\/2024\/08\/CIRCUITO-ESTRECHO2.jpg 580w, https:\/\/viajescreativa.com\/wp-content\/uploads\/2024\/08\/CIRCUITO-ESTRECHO2-300x197.jpg 300w\" sizes=\"(max-width: 580px) 100vw, 580px\" \/><\/figure>\n<\/div>\n<\/div>\n\n\n\n<p class=\"has-white-background-color has-background\">Wir bieten Ihnen diese faszinierende Route an, um dieses von Helden und Legenden, von Geschichte und Kultur gepr\u00e4gte Gebiet auf beiden Uferseiten der Meeresenge von Gibraltar kennen zu lernen.<\/p>\n\n\n\n<figure class=\"wp-block-gallery aligncenter has-nested-images columns-default is-cropped wp-block-gallery-1 is-layout-flex wp-block-gallery-is-layout-flex\">\n<figure class=\"wp-block-image aligncenter size-full\"><img decoding=\"async\" width=\"900\" height=\"300\" data-id=\"1896\" src=\"https:\/\/viajescreativa.com\/wp-content\/uploads\/2024\/08\/collage-circ-estrecho.jpg\" alt=\"\" class=\"wp-image-1896\" srcset=\"https:\/\/viajescreativa.com\/wp-content\/uploads\/2024\/08\/collage-circ-estrecho.jpg 900w, https:\/\/viajescreativa.com\/wp-content\/uploads\/2024\/08\/collage-circ-estrecho-300x100.jpg 300w, https:\/\/viajescreativa.com\/wp-content\/uploads\/2024\/08\/collage-circ-estrecho-768x256.jpg 768w\" sizes=\"(max-width: 900px) 100vw, 900px\" \/><\/figure>\n<\/figure>\n\n\n\n<div class=\"wp-block-group is-layout-constrained wp-block-group-is-layout-constrained\"><div class=\"wp-block-group__inner-container\">\n<p class=\"has-white-background-color has-background\">Begleiten Sie uns auf dieser faszinierenden 9-Tage- und 8-N\u00e4chte-Rundreise und entdecken Sie die Meeresenge von Gibraltar anhand ihrer Geschichte und der Kulturen, die sich hier im Laufe der Jahrhunderte niedergelassen haben. Von den Ph\u00f6niziern bis zum heutigen Tag hat jedes Volk seine Spuren auf beiden Seiten der Meerenge hinterlassen. W\u00e4hrend dieser 9 Tage werden Sie auch die lokale Gastronomie genie\u00dfen und sich an den atemberaubenden Landschaften erfreuen.&nbsp; Die antiken Kulturen hinterlie\u00dfen ihre Spuren in Form von Legenden und arch\u00e4ologischen Funden von gro\u00dfem Wert. Die Geschichte von al-Andalus steht f\u00fcr 800 Jahre gemeinsamer Geschichte zwischen der einen und der anderen Seite der Meerenge, die eine untrennbare Verbindung zwischen den beiden Seiten geschaffen hat. In Marokko erwartet Sie das herrliche Tanger ph\u00f6nizischen Ursprungs, Sie werden Tetouan und Chefchaouen aufsuchen, beide St\u00e4dte sind das Erbe von al-Andalus in Nordafrika. Sie werden das Spiegelbild der einen und der anderen Seite sehen, das ein einzigartiges Gesamtbild bildet. Das Ziel dieser Rundreise ist es, dass Sie mit einen anderen Blickpunt von diesem Gebiet Heimfahren. Wir zeigen Ihnen die Meerenge von Gibraltar auf eine andere Art und Weise, so dass Sie dieses Gebiet als einen magischen Ort unseres Planeten sch\u00e4tzen und verstehen lernen.<\/p>\n<\/div><\/div>\n\n\n\n<div class=\"wp-block-columns is-layout-flex wp-container-core-columns-is-layout-9d6595d7 wp-block-columns-is-layout-flex\">\n<div class=\"wp-block-column is-layout-flow wp-block-column-is-layout-flow\">\n<div class=\"wp-block-group has-white-background-color has-background is-layout-constrained wp-block-group-is-layout-constrained\"><div class=\"wp-block-group__inner-container\">\n<p><strong>REISEVERLAUF:<\/strong><\/p>\n\n\n\n<p><strong>Tag 1 Willkommen in Andalusien!<\/strong><\/p>\n\n\n\n<p>Ankunft am Flughafen M\u00e1laga. Freie Zeit bis zum Abendessen im Hotel an der Costa del Sol<\/p>\n\n\n\n<p><strong>Tag 2  Ausflug nach Gibraltar<\/strong><\/p>\n\n\n\n<p>Fr\u00fchst\u00fcck und Abfahrt zu einem ganzt\u00e4gigen Ausflug zum Felsen von Gibraltar. Wir \u00fcberqueren die Grenze zu Fu\u00df<\/p>\n\n\n\n<p class=\"has-vivid-red-color has-text-color has-link-color wp-elements-579dce0cf5eb2c873b6846fd80c76eac\"><em>WICHTIG: Bei der Ein- und Ausreise zum Felsen ist ein g\u00fcltiger Ausweis\/PASS erforderlich.&nbsp;<\/em><\/p>\n\n\n\n<p>Morgens Spaziergang durch die Stadt. Freie Zeit auf der Main Street. Am Nachmittag Besichtigung mit Bus: die H\u00f6hle von Saint Michael, Europa Point und die berberische Apes. Anschlie\u00dfend bringt der Bus Sie bis zur Grenze. In Spanien, wartet unser Bus, der Sie zur\u00fcck zum Hotel in Algeciras bringt. Abendessen im Hotel in Algeciras. <\/p>\n\n\n\n<p><strong>Tag 3 Besichtigung von Baelo Claudia, Tarifa und \u00dcberfahrt nach T\u00e1nger<\/strong><\/p>\n\n\n\n<p>Fr\u00fchst\u00fcck im Hotel in Algeciras. Abfahrt mit Gep\u00e4ck zur r\u00f6mischen arch\u00e4ologischen St\u00e4tte von Baelo Claudia in Bolonia. Besichtigung der St\u00e4tte. Anschlie\u00dfend Fahrt nach Tarifa. Spaziergang durch Tarifa. Gemeinsames Mittagessen in Tarifa. Treffen am Hafen f\u00fcr die Einschiffung nach Tanger<\/p>\n\n\n\n<p class=\"has-vivid-red-color has-text-color has-link-color wp-elements-d70830b896bd6b097cf2f7d6288bd2c4\"><em>WICHTIG: Zollabfertigung auf der F\u00e4hre. Sie m\u00fcssen einen g\u00fcltigen Reisepass vorlegen, ein kleines Formular ausf\u00fcllen und es bei der Grenzkontrolle abgeben, wenn Ihr Pass abgestempelt wird. Dieser Vorgang wird an Bord der F\u00e4hre erledigt, bevor Sie in Tanger ankommen.<\/em><\/p>\n\n\n\n<p class=\"has-vivid-red-color has-text-color has-link-color wp-elements-fcea8dc7182b663cdf37cbb981b074a6\"><strong>Zeitumstellung (eine Stunde weniger)<\/strong><\/p>\n\n\n\n<p>Abfahrt der F\u00e4hre nach Tanger. Transfer am Hafen Tanger Ville zum Hotel. Einchecken, Abendessen im Hotel in Tanger<\/p>\n\n\n\n<p><strong>Tag 4 Tanger<\/strong><\/p>\n\n\n\n<p>Fr\u00fchst\u00fcck&nbsp; und Stadtbesichtigung mit einem \u00f6rtlichen Stadtf\u00fchrer: der Kashab und die Medina. Gemeinsames Mittagessen in einem Restaurant. Nachmittags Zeit zur freien Verf\u00fcgung. Abendessen im Hotel in Tanger.<\/p>\n\n\n\n<p><strong>Tag 5 Ausflug nach Tetu\u00e1n und Xauen<\/strong><\/p>\n\n\n\n<p>Fr\u00fchst\u00fcck und Abfahrt nach Tetu\u00e1n. Besichtigung mit \u00f6rtlichen Stadtf\u00fchrer. Mittagessen in Tetu\u00e1n. Anschlie\u00dfend Weiterfahrt nach Xauen. Besichtigung mit \u00f6rtlichen Stadtf\u00fchrer. Freie Zeit in Xauen. R\u00fcckfahrt nach T\u00e1nger Abendessen im Hotel in T\u00e1nger<\/p>\n\n\n\n<p><strong>Tag 6 Besichtigung Tanger und die H\u00f6hlen des Herkules<\/strong><\/p>\n\n\n\n<p>Fr\u00fchst\u00fcck und Besichtigung von Tanger. Mittagessen im Restaurant in Tanger. Abfahrt nach Cap Espartel und Besichtigung der H\u00f6hle des Herkules. R\u00fcckfahrt nach Tanger. Abendessen in einem Restaurant und Unterkunft in Tanger.<\/p>\n\n\n\n<p><strong>Tag 7 R\u00fcckfahrt Tanger \u2013 Tarifa<\/strong><\/p>\n\n\n\n<p>Fr\u00fchst\u00fcck und freie Zeit bis zur angegebenen Uhrzeit. Treffen im Hall des Hotels f\u00fcr den Transfer zum Hafen Tanger. Einschiffung im Hafen von Tanger<\/p>\n\n\n\n<p class=\"has-vivid-red-color has-text-color has-link-color wp-elements-1a2fc3a0eed00fd70eb06ec19db59914\"><strong>Zeitverschiebung &#8211; eine Stunde mehr&nbsp;<\/strong><\/p>\n\n\n\n<p>Ankunft in Tarifa und Transfer zum Hotel an der Costa del Sol in Malaga. Freie Zeit bis zum Abendessen im Hotel an der Costa del Sol<\/p>\n\n\n\n<p><strong>Tag 8 Freier Tag am Strand<\/strong><\/p>\n\n\n\n<p>Fr\u00fchst\u00fcck und Tag zur freien Verf\u00fcgung. Abendessen im Hotel Costa del Sol. Gemeinsames Abschiedsgetr\u00e4nk&nbsp;&nbsp;<\/p>\n\n\n\n<p><strong>Tag 9 Bis zum n\u00e4chsten Mal!<\/strong> <\/p>\n\n\n\n<p>Fr\u00fchst\u00fcck und Ende der Reise<\/p>\n<\/div><\/div>\n<\/div>\n\n\n\n<div class=\"wp-block-column is-layout-flow wp-block-column-is-layout-flow\">\n<div class=\"wp-block-group is-layout-constrained wp-block-group-is-layout-constrained\"><div class=\"wp-block-group__inner-container\">\n<p><strong>INBEGRIFFENE LEISTUNGEN:<\/strong><\/p>\n\n\n\n<ul class=\"wp-block-list\">\n<li>Hotel der 4-Sterne-Kategorie an der Costa del Sol, Algeciras und Tanger mit Halbpension.<\/li>\n\n\n\n<li>Betreuung im Hafen von Tarifa\/Tangier<\/li>\n\n\n\n<li>Hin- und R\u00fcckfahrt mit der F\u00e4hre Tarifa\/Tangier Ville<\/li>\n\n\n\n<li>Bustransfers vom\/zum Hafen Tanger Ville zum Hotel in Tanger&nbsp;<\/li>\n\n\n\n<li>Klimatisierter Reisebus in Spanien und Marokko laut Programm<\/li>\n\n\n\n<li>Deutschsprachiger Reiseleiter w\u00e4hrend der gesamten Reise gem\u00e4\u00df dem Programm<\/li>\n\n\n\n<li>\u00d6rtliche Stadtf\u00fchrer in Tanger, Tetouan, Xauen&nbsp;<\/li>\n\n\n\n<li>Gef\u00fchrte Besichtigung der arch\u00e4ologischen St\u00e4tte Baelo Claudia in Bolonia<\/li>\n\n\n\n<li>Eintrittsgelder zu den Sehensw\u00fcrdigkeiten:<\/li>\n\n\n\n<li>Gibraltar:&nbsp; Naturpark von Gibraltar, H\u00f6hlen von Saint Michael<\/li>\n\n\n\n<li>Tangier: H\u00f6hlen des Herkules, Synagoge von Tanger<\/li>\n\n\n\n<li>Tarifa: Arch\u00e4ologischen St\u00e4tte Baelo Claudia<\/li>\n\n\n\n<li>Audiosystem w\u00e4hrend der Reise<\/li>\n\n\n\n<li>1 Mittagesse in Tarifa<\/li>\n\n\n\n<li>2 Mittagessen in Tangier<\/li>\n\n\n\n<li>1 Mittagessen in Tetouan<\/li>\n\n\n\n<li>1 Abendessen in T\u00e1nger <\/li>\n\n\n\n<li>Touristensteuer in Marokko<\/li>\n\n\n\n<li>Reiseversicherung<\/li>\n<\/ul>\n\n\n\n<p><strong>NICHT INBEGRIFFEN<\/strong><\/p>\n\n\n\n<ul class=\"wp-block-list\">\n<li>Internationale Fl\u00fcge<\/li>\n\n\n\n<li>Interne Fl\u00fcge nicht aufgef\u00fchrt<\/li>\n\n\n\n<li>Flughafengeb\u00fchren<\/li>\n\n\n\n<li>Transfers Flughafen M\u00e1laga \/ Hotel Costa del Sol<\/li>\n\n\n\n<li>Mittagessen Tag 7 in Tanger<\/li>\n\n\n\n<li>Alkoholische Getr\u00e4nke zu den Mahlzeiten in Marokko<\/li>\n\n\n\n<li>Trinkgelder<\/li>\n\n\n\n<li>Gep\u00e4cktr\u00e4ger<\/li>\n\n\n\n<li>Visum, falls erforderlich.<\/li>\n\n\n\n<li>Eintrittsgelder, die nicht ausdr\u00fccklich im Tagesprogramm aufgef\u00fchrt sind, sind nicht enthalten.<\/li>\n\n\n\n<li>Sonstige Leistungen die nicht ausdr\u00fccklich im Programm aufgef\u00fchrt sind.<\/li>\n<\/ul>\n\n\n\n<p><\/p>\n\n\n\n<div class=\"wp-block-group has-white-background-color has-background is-layout-constrained wp-block-group-is-layout-constrained\"><div class=\"wp-block-group__inner-container\">\n<figure class=\"wp-block-image aligncenter size-full is-resized\"><img loading=\"lazy\" decoding=\"async\" width=\"233\" height=\"350\" src=\"https:\/\/viajescreativa.com\/wp-content\/uploads\/2024\/08\/Baelo-Claudia-4161.jpg\" alt=\"\" class=\"wp-image-1898\" style=\"width:455px;height:auto\" srcset=\"https:\/\/viajescreativa.com\/wp-content\/uploads\/2024\/08\/Baelo-Claudia-4161.jpg 233w, https:\/\/viajescreativa.com\/wp-content\/uploads\/2024\/08\/Baelo-Claudia-4161-200x300.jpg 200w\" sizes=\"(max-width: 233px) 100vw, 233px\" \/><\/figure>\n<\/div><\/div>\n<\/div><\/div>\n<\/div>\n<\/div>\n\n\n\n<figure class=\"wp-block-image alignfull size-full\"><img loading=\"lazy\" decoding=\"async\" width=\"900\" height=\"300\" src=\"https:\/\/viajescreativa.com\/wp-content\/uploads\/2024\/08\/circuito-del-estrecho.jpg\" alt=\"\" class=\"wp-image-1897\" srcset=\"https:\/\/viajescreativa.com\/wp-content\/uploads\/2024\/08\/circuito-del-estrecho.jpg 900w, https:\/\/viajescreativa.com\/wp-content\/uploads\/2024\/08\/circuito-del-estrecho-300x100.jpg 300w, https:\/\/viajescreativa.com\/wp-content\/uploads\/2024\/08\/circuito-del-estrecho-768x256.jpg 768w\" sizes=\"(max-width: 900px) 100vw, 900px\" \/><\/figure>\n\n\n\n<div class=\"wp-block-cover alignfull is-light\" style=\"min-height:548px;aspect-ratio:unset;\"><span aria-hidden=\"true\" class=\"wp-block-cover__background has-ast-global-color-5-background-color has-background-dim-20 has-background-dim\"><\/span><img loading=\"lazy\" decoding=\"async\" width=\"1920\" height=\"1920\" class=\"wp-block-cover__image-background wp-image-1729\" alt=\"\" src=\"https:\/\/viajescreativa.com\/wp-content\/uploads\/2024\/07\/collage-caratula-blanco-1.jpg\" data-object-fit=\"cover\" srcset=\"https:\/\/viajescreativa.com\/wp-content\/uploads\/2024\/07\/collage-caratula-blanco-1.jpg 1920w, https:\/\/viajescreativa.com\/wp-content\/uploads\/2024\/07\/collage-caratula-blanco-1-300x300.jpg 300w, https:\/\/viajescreativa.com\/wp-content\/uploads\/2024\/07\/collage-caratula-blanco-1-1024x1024.jpg 1024w, https:\/\/viajescreativa.com\/wp-content\/uploads\/2024\/07\/collage-caratula-blanco-1-150x150.jpg 150w, https:\/\/viajescreativa.com\/wp-content\/uploads\/2024\/07\/collage-caratula-blanco-1-768x768.jpg 768w, https:\/\/viajescreativa.com\/wp-content\/uploads\/2024\/07\/collage-caratula-blanco-1-1536x1536.jpg 1536w\" sizes=\"(max-width: 1920px) 100vw, 1920px\" \/><div class=\"wp-block-cover__inner-container is-layout-flow wp-block-cover-is-layout-flow\">\n<div class=\"wp-block-columns is-layout-flex wp-container-core-columns-is-layout-9d6595d7 wp-block-columns-is-layout-flex\">\n<div class=\"wp-block-column is-layout-flow wp-block-column-is-layout-flow\">\n<div class=\"wp-block-columns is-layout-flex wp-container-core-columns-is-layout-9d6595d7 wp-block-columns-is-layout-flex\">\n<div class=\"wp-block-column is-layout-flow wp-block-column-is-layout-flow\">\n<figure class=\"wp-block-image alignfull size-full\"><a href=\"https:\/\/viajescreativa.com\/?page_id=2210\" target=\"_blank\" rel=\"noreferrer noopener\"><img loading=\"lazy\" decoding=\"async\" width=\"262\" height=\"387\" src=\"https:\/\/viajescreativa.com\/wp-content\/uploads\/2024\/08\/5-GASTRONOMICO-ALEMAN.jpg\" alt=\"\" class=\"wp-image-2153\" style=\"box-shadow:var(--wp--preset--shadow--natural)\" srcset=\"https:\/\/viajescreativa.com\/wp-content\/uploads\/2024\/08\/5-GASTRONOMICO-ALEMAN.jpg 262w, https:\/\/viajescreativa.com\/wp-content\/uploads\/2024\/08\/5-GASTRONOMICO-ALEMAN-203x300.jpg 203w\" sizes=\"(max-width: 262px) 100vw, 262px\" \/><\/a><figcaption class=\"wp-element-caption\">GENUSSVOLLE              ROUTEN<\/figcaption><\/figure>\n<\/div>\n\n\n\n<div class=\"wp-block-column is-layout-flow wp-block-column-is-layout-flow\">\n<figure class=\"wp-block-image alignfull size-full\"><a href=\"https:\/\/viajescreativa.com\/?page_id=2439\" target=\"_blank\" rel=\"noreferrer noopener\"><img loading=\"lazy\" decoding=\"async\" width=\"244\" height=\"361\" src=\"https:\/\/viajescreativa.com\/wp-content\/uploads\/2024\/08\/THEMENREISEN.jpg\" alt=\"\" class=\"wp-image-2154\" style=\"box-shadow:var(--wp--preset--shadow--natural)\" srcset=\"https:\/\/viajescreativa.com\/wp-content\/uploads\/2024\/08\/THEMENREISEN.jpg 244w, https:\/\/viajescreativa.com\/wp-content\/uploads\/2024\/08\/THEMENREISEN-203x300.jpg 203w\" sizes=\"(max-width: 244px) 100vw, 244px\" \/><\/a><figcaption class=\"wp-element-caption\">THEMENREISEN<\/figcaption><\/figure>\n<\/div>\n<\/div>\n<\/div>\n\n\n\n<div class=\"wp-block-column is-layout-flow wp-block-column-is-layout-flow\">\n<div class=\"wp-block-columns is-layout-flex wp-container-core-columns-is-layout-9d6595d7 wp-block-columns-is-layout-flex\">\n<div class=\"wp-block-column is-layout-flow wp-block-column-is-layout-flow\">\n<figure class=\"wp-block-image alignfull size-full\"><a href=\"https:\/\/viajescreativa.com\/?page_id=2299\" target=\"_blank\" rel=\"noreferrer noopener\"><img loading=\"lazy\" decoding=\"async\" width=\"244\" height=\"360\" src=\"https:\/\/viajescreativa.com\/wp-content\/uploads\/2024\/08\/SLOWTRAVEL-1.jpg\" alt=\"\" class=\"wp-image-2165\" style=\"box-shadow:var(--wp--preset--shadow--natural)\" srcset=\"https:\/\/viajescreativa.com\/wp-content\/uploads\/2024\/08\/SLOWTRAVEL-1.jpg 244w, https:\/\/viajescreativa.com\/wp-content\/uploads\/2024\/08\/SLOWTRAVEL-1-203x300.jpg 203w\" sizes=\"(max-width: 244px) 100vw, 244px\" \/><\/a><figcaption class=\"wp-element-caption\">SLOW TRAVEL<\/figcaption><\/figure>\n<\/div>\n\n\n\n<div class=\"wp-block-column is-layout-flow wp-block-column-is-layout-flow\">\n<figure class=\"wp-block-image alignfull size-full\"><a href=\"https:\/\/viajescreativa.com\/?page_id=2477\" target=\"_blank\" rel=\"noreferrer noopener\"><img loading=\"lazy\" decoding=\"async\" width=\"244\" height=\"361\" src=\"https:\/\/viajescreativa.com\/wp-content\/uploads\/2024\/08\/11-BASICOS1-2.jpg\" alt=\"\" class=\"wp-image-2168\" style=\"box-shadow:var(--wp--preset--shadow--natural)\" srcset=\"https:\/\/viajescreativa.com\/wp-content\/uploads\/2024\/08\/11-BASICOS1-2.jpg 244w, https:\/\/viajescreativa.com\/wp-content\/uploads\/2024\/08\/11-BASICOS1-2-203x300.jpg 203w\" sizes=\"(max-width: 244px) 100vw, 244px\" \/><\/a><figcaption class=\"wp-element-caption\">DIE ESSENZ VON ANDALUSIEN<\/figcaption><\/figure>\n<\/div>\n<\/div>\n<\/div>\n\n\n\n<div class=\"wp-block-column is-layout-flow wp-block-column-is-layout-flow\">\n<div class=\"wp-block-columns is-layout-flex wp-container-core-columns-is-layout-9d6595d7 wp-block-columns-is-layout-flex\">\n<div class=\"wp-block-column is-layout-flow wp-block-column-is-layout-flow\">\n<figure class=\"wp-block-image alignfull size-full\"><a href=\"https:\/\/viajescreativa.com\/?page_id=2487\" target=\"_blank\" rel=\"noreferrer noopener\"><img loading=\"lazy\" decoding=\"async\" width=\"628\" height=\"928\" src=\"https:\/\/viajescreativa.com\/wp-content\/uploads\/2024\/08\/21collage2.jpg\" alt=\"\" class=\"wp-image-2170\" style=\"box-shadow:var(--wp--preset--shadow--natural)\" srcset=\"https:\/\/viajescreativa.com\/wp-content\/uploads\/2024\/08\/21collage2.jpg 628w, https:\/\/viajescreativa.com\/wp-content\/uploads\/2024\/08\/21collage2-203x300.jpg 203w\" sizes=\"(max-width: 628px) 100vw, 628px\" \/><\/a><figcaption class=\"wp-element-caption\">NATURREISEN<\/figcaption><\/figure>\n<\/div>\n\n\n\n<div class=\"wp-block-column is-layout-flow wp-block-column-is-layout-flow\">\n<figure class=\"wp-block-image alignfull size-full\"><a href=\"https:\/\/viajescreativa.com\/?page_id=2492\" target=\"_blank\" rel=\"noreferrer noopener\"><img loading=\"lazy\" decoding=\"async\" width=\"244\" height=\"361\" src=\"https:\/\/viajescreativa.com\/wp-content\/uploads\/2024\/08\/31collage3.jpg\" alt=\"\" class=\"wp-image-2171\" style=\"box-shadow:var(--wp--preset--shadow--natural)\" srcset=\"https:\/\/viajescreativa.com\/wp-content\/uploads\/2024\/08\/31collage3.jpg 244w, https:\/\/viajescreativa.com\/wp-content\/uploads\/2024\/08\/31collage3-203x300.jpg 203w\" sizes=\"(max-width: 244px) 100vw, 244px\" \/><\/a><figcaption class=\"wp-element-caption\">KLEINE FLUCHTEN<\/figcaption><\/figure>\n<\/div>\n<\/div>\n<\/div>\n<\/div>\n<\/div><\/div>\n\n\n\n<div class=\"wp-block-columns is-layout-flex wp-container-core-columns-is-layout-9d6595d7 wp-block-columns-is-layout-flex\">\n<div class=\"wp-block-column is-layout-flow wp-block-column-is-layout-flow\"><div class=\"wpforms-container wpforms-block wpforms-block-1c9e3381-be90-44ba-9792-bb009a08ef66\" id=\"wpforms-6\"><form id=\"wpforms-form-6\" class=\"wpforms-validate wpforms-form\" data-formid=\"6\" method=\"post\" enctype=\"multipart\/form-data\" action=\"\/index.php?rest_route=%2Fwp%2Fv2%2Fpages%2F1013\" data-token=\"f0099e697e6c12b81606c8048d6aa372\" data-token-time=\"1775941322\"><noscript class=\"wpforms-error-noscript\">Por favor, activa JavaScript en tu navegador para completar este formulario.<\/noscript><div class=\"wpforms-field-container\"><div id=\"wpforms-6-field_1-container\" class=\"wpforms-field wpforms-field-name\" data-field-id=\"1\"><label class=\"wpforms-field-label\" for=\"wpforms-6-field_1\">Name <span class=\"wpforms-required-label\">*<\/span><\/label><input type=\"text\" id=\"wpforms-6-field_1\" class=\"wpforms-field-medium wpforms-field-required\" name=\"wpforms[fields][1]\" required><\/div><div id=\"wpforms-6-field_2-container\" class=\"wpforms-field wpforms-field-email\" data-field-id=\"2\"><label class=\"wpforms-field-label\" for=\"wpforms-6-field_2\">E-mail <span class=\"wpforms-required-label\">*<\/span><\/label><input type=\"email\" id=\"wpforms-6-field_2\" class=\"wpforms-field-medium wpforms-field-required\" name=\"wpforms[fields][2]\" spellcheck=\"false\" required><\/div><div id=\"wpforms-6-field_4-container\" class=\"wpforms-field wpforms-field-select wpforms-field-select-style-classic\" data-field-id=\"4\"><label class=\"wpforms-field-label\" for=\"wpforms-6-field_4\">Eine Option ausw\u00e4hlen <span class=\"wpforms-required-label\">*<\/span><\/label><select id=\"wpforms-6-field_4\" class=\"wpforms-field-medium wpforms-field-required\" name=\"wpforms[fields][4]\" required=\"required\"><option value=\"Reiseb\u00fcro\"  selected='selected' class=\"choice-1 depth-1\"  >Reiseb\u00fcro<\/option><option value=\"Reisender\"  class=\"choice-2 depth-1\"  >Reisender<\/option><\/select><\/div><div id=\"wpforms-6-field_3-container\" class=\"wpforms-field wpforms-field-textarea\" data-field-id=\"3\"><label class=\"wpforms-field-label\" for=\"wpforms-6-field_3\">Nachricht <span class=\"wpforms-required-label\">*<\/span><\/label><textarea id=\"wpforms-6-field_3\" class=\"wpforms-field-medium wpforms-field-required\" name=\"wpforms[fields][3]\" required><\/textarea><\/div><\/div><!-- .wpforms-field-container --><div class=\"wpforms-submit-container\" ><input type=\"hidden\" name=\"wpforms[id]\" value=\"6\"><input type=\"hidden\" name=\"page_title\" value=\"\"><input type=\"hidden\" name=\"page_url\" value=\"https:\/\/viajescreativa.com\/index.php?rest_route=\/wp\/v2\/pages\/1013\"><input type=\"hidden\" name=\"url_referer\" value=\"\"><button type=\"submit\" name=\"wpforms[submit]\" id=\"wpforms-submit-6\" class=\"wpforms-submit\" data-alt-text=\"Sending...\" data-submit-text=\"Send Message\" aria-live=\"assertive\" value=\"wpforms-submit\">Send Message<\/button><\/div><\/form><\/div>  <!-- .wpforms-container --><\/div>\n\n\n\n<div class=\"wp-block-column is-layout-flow wp-block-column-is-layout-flow\">\n<p class=\"has-ast-global-color-5-color has-text-color has-background has-link-color wp-elements-aafbe019a0c69dc9e941247c6acbdfce\" style=\"background-color:#8383f8;font-size:26px\"><strong><em>Werfe einen Blick auf unseren Blog<\/em><\/strong><\/p>\n\n\n\n<figure class=\"wp-block-image aligncenter size-full\"><a href=\"https:\/\/www.viajescreativa.net\/blog.php\" target=\"_blank\" rel=\"noreferrer noopener\"><img loading=\"lazy\" decoding=\"async\" width=\"593\" height=\"313\" src=\"https:\/\/viajescreativa.com\/wp-content\/uploads\/2024\/08\/capture-20240812-184311.png\" alt=\"\" class=\"wp-image-1885\" srcset=\"https:\/\/viajescreativa.com\/wp-content\/uploads\/2024\/08\/capture-20240812-184311.png 593w, https:\/\/viajescreativa.com\/wp-content\/uploads\/2024\/08\/capture-20240812-184311-300x158.png 300w\" sizes=\"(max-width: 593px) 100vw, 593px\" \/><\/a><\/figure>\n<\/div>\n<\/div>\n","protected":false},"excerpt":{"rendered":"<p>HIGHLIGHTS: Wir bieten Ihnen diese faszinierende Route an, um dieses von Helden und Legenden, von Geschichte und Kultur gepr\u00e4gte Gebiet auf beiden Uferseiten der Meeresenge von Gibraltar kennen zu lernen. Begleiten Sie uns auf dieser faszinierenden 9-Tage- und 8-N\u00e4chte-Rundreise und entdecken Sie die Meeresenge von Gibraltar anhand ihrer Geschichte und der Kulturen, die sich hier &hellip;<\/p>\n<p class=\"read-more\"> <a class=\"\" href=\"https:\/\/viajescreativa.com\/?page_id=1013\"> <span class=\"screen-reader-text\">SPIEGELUNGEN DER MEERESENGE VON GIBRALTAR<\/span> Leer m\u00e1s &raquo;<\/a><\/p>\n","protected":false},"author":1,"featured_media":0,"parent":0,"menu_order":0,"comment_status":"closed","ping_status":"closed","template":"elementor_header_footer","meta":{"om_disable_all_campaigns":false,"_monsterinsights_skip_tracking":false,"_monsterinsights_sitenote_active":false,"_monsterinsights_sitenote_note":"","_monsterinsights_sitenote_category":0,"site-sidebar-layout":"default","site-content-layout":"default","ast-main-header-display":"","ast-hfb-above-header-display":"","ast-hfb-below-header-display":"","ast-hfb-mobile-header-display":"","site-post-title":"","ast-breadcrumbs-content":"","ast-featured-img":"","footer-sml-layout":"","theme-transparent-header-meta":"","adv-header-id-meta":"","stick-header-meta":"","header-above-stick-meta":"","header-main-stick-meta":"","header-below-stick-meta":"","footnotes":""},"class_list":["post-1013","page","type-page","status-publish","hentry"],"aioseo_notices":[],"_links":{"self":[{"href":"https:\/\/viajescreativa.com\/index.php?rest_route=\/wp\/v2\/pages\/1013","targetHints":{"allow":["GET"]}}],"collection":[{"href":"https:\/\/viajescreativa.com\/index.php?rest_route=\/wp\/v2\/pages"}],"about":[{"href":"https:\/\/viajescreativa.com\/index.php?rest_route=\/wp\/v2\/types\/page"}],"author":[{"embeddable":true,"href":"https:\/\/viajescreativa.com\/index.php?rest_route=\/wp\/v2\/users\/1"}],"replies":[{"embeddable":true,"href":"https:\/\/viajescreativa.com\/index.php?rest_route=%2Fwp%2Fv2%2Fcomments&post=1013"}],"version-history":[{"count":22,"href":"https:\/\/viajescreativa.com\/index.php?rest_route=\/wp\/v2\/pages\/1013\/revisions"}],"predecessor-version":[{"id":2520,"href":"https:\/\/viajescreativa.com\/index.php?rest_route=\/wp\/v2\/pages\/1013\/revisions\/2520"}],"wp:attachment":[{"href":"https:\/\/viajescreativa.com\/index.php?rest_route=%2Fwp%2Fv2%2Fmedia&parent=1013"}],"curies":[{"name":"wp","href":"https:\/\/api.w.org\/{rel}","templated":true}]}}