{"id":1018,"date":"2024-01-18T10:08:40","date_gmt":"2024-01-18T10:08:40","guid":{"rendered":"https:\/\/viajescreativa.com\/?page_id=1018"},"modified":"2024-11-01T10:53:18","modified_gmt":"2024-11-01T10:53:18","slug":"sternfahrten-andalusien-2","status":"publish","type":"page","link":"https:\/\/viajescreativa.com\/?page_id=1018","title":{"rendered":"STERNFAHRTEN ANDALUSIEN"},"content":{"rendered":"\n<figure class=\"wp-block-image size-full\"><img fetchpriority=\"high\" decoding=\"async\" width=\"1920\" height=\"349\" src=\"https:\/\/viajescreativa.com\/wp-content\/uploads\/2024\/08\/sternfahrten-andalusien-1.png\" alt=\"\" class=\"wp-image-1945\" srcset=\"https:\/\/viajescreativa.com\/wp-content\/uploads\/2024\/08\/sternfahrten-andalusien-1.png 1920w, https:\/\/viajescreativa.com\/wp-content\/uploads\/2024\/08\/sternfahrten-andalusien-1-300x55.png 300w, https:\/\/viajescreativa.com\/wp-content\/uploads\/2024\/08\/sternfahrten-andalusien-1-1024x186.png 1024w, https:\/\/viajescreativa.com\/wp-content\/uploads\/2024\/08\/sternfahrten-andalusien-1-768x140.png 768w, https:\/\/viajescreativa.com\/wp-content\/uploads\/2024\/08\/sternfahrten-andalusien-1-1536x279.png 1536w\" sizes=\"(max-width: 1920px) 100vw, 1920px\" \/><\/figure>\n\n\n\n<div class=\"wp-block-columns is-layout-flex wp-container-core-columns-is-layout-9d6595d7 wp-block-columns-is-layout-flex\">\n<div class=\"wp-block-column is-layout-flow wp-block-column-is-layout-flow\">\n<p><\/p>\n\n\n\n<p class=\"has-vivid-red-color has-white-background-color has-text-color has-background has-link-color wp-elements-91332145f1d4e635123e506c9a81db15\" style=\"font-size:22px\"><strong><em>HIGHLIGHTS:<\/em><\/strong><\/p>\n\n\n\n<ul class=\"wp-block-list\">\n<li><em>Besichtigung 3 Unesco Weltkulturerbe St\u00e4dte: Sevilla, Granada, C\u00f3rdoba<\/em><\/li>\n\n\n\n<li><em>Erlebnis in einer Weinkellerei in Jerez<\/em><\/li>\n\n\n\n<li><em>Besichtigung von Gibraltar: Saint Michel\u00b4s Cave und Europa Point<\/em><\/li>\n<\/ul>\n<\/div>\n\n\n\n<div class=\"wp-block-column is-layout-flow wp-block-column-is-layout-flow\">\n<figure class=\"wp-block-image aligncenter size-full\"><img decoding=\"async\" width=\"704\" height=\"447\" src=\"https:\/\/viajescreativa.com\/wp-content\/uploads\/2024\/08\/RADIAL-ANDALUCIA.jpg\" alt=\"\" class=\"wp-image-1977\" srcset=\"https:\/\/viajescreativa.com\/wp-content\/uploads\/2024\/08\/RADIAL-ANDALUCIA.jpg 704w, https:\/\/viajescreativa.com\/wp-content\/uploads\/2024\/08\/RADIAL-ANDALUCIA-300x190.jpg 300w\" sizes=\"(max-width: 704px) 100vw, 704px\" \/><\/figure>\n<\/div>\n<\/div>\n\n\n\n<p class=\"has-white-background-color has-background\">In Viajes Creativa glauben wir, dass diese Reise Art bequem ist, um Euch das bedeutendste von Andalusien zu zeigen, ausgehend von zwei St\u00e4dten: M\u00e1laga und Sevilla.<\/p>\n\n\n\n<figure class=\"wp-block-gallery aligncenter has-nested-images columns-default is-cropped wp-block-gallery-1 is-layout-flex wp-block-gallery-is-layout-flex\">\n<figure class=\"wp-block-image size-full\"><img decoding=\"async\" width=\"900\" height=\"300\" data-id=\"1937\" src=\"https:\/\/viajescreativa.com\/wp-content\/uploads\/2024\/08\/radial-malaga-sevilla.jpg\" alt=\"\" class=\"wp-image-1937\" srcset=\"https:\/\/viajescreativa.com\/wp-content\/uploads\/2024\/08\/radial-malaga-sevilla.jpg 900w, https:\/\/viajescreativa.com\/wp-content\/uploads\/2024\/08\/radial-malaga-sevilla-300x100.jpg 300w, https:\/\/viajescreativa.com\/wp-content\/uploads\/2024\/08\/radial-malaga-sevilla-768x256.jpg 768w\" sizes=\"(max-width: 900px) 100vw, 900px\" \/><\/figure>\n<\/figure>\n\n\n\n<div class=\"wp-block-group is-layout-constrained wp-block-group-is-layout-constrained\"><div class=\"wp-block-group__inner-container\">\n<p class=\"has-white-background-color has-background\">Die Stadt, die Euch empfangen wird, ist M\u00e1laga. Die Geburtsstadt Picassos bietet ein sehr interessantes kulturelles Leben und ihre Str\u00e4nde sind ein Genuss. Die Tagesausfl\u00fcge in die sch\u00f6nsten und eindrucksvollsten St\u00e4dte Andalusiens, wie Granada, Ronda oder Sevilla werden Euch zum Staunen bringen. Die Zauberhafte Hauptstadt Andalusiens, ist die zweite Stadt der Sternfahrten. Von dort aus wird ihr C\u00f3rdoba, mit der einmaligen Moschee-Kathedrale besichtigen. Ein Tagesausflug in die Provinz Huelva, bringt euch zu der mittelalterlichen Stadt Niebla. Auf dem Weg zur\u00fcck nach M\u00e1laga, wird ihr in Jerez de la Frontera ein sch\u00f6nes Erlebnis haben in einer besonderen Weinkellerei. Gibraltar ist auch auf dem Programm, wo ihr die kleinen Sch\u00e4tze des Felsens genie\u00dfen werdet. &nbsp;<\/p>\n<\/div><\/div>\n\n\n\n<div class=\"wp-block-columns is-layout-flex wp-container-core-columns-is-layout-9d6595d7 wp-block-columns-is-layout-flex\">\n<div class=\"wp-block-column is-layout-flow wp-block-column-is-layout-flow\">\n<div class=\"wp-block-group has-white-background-color has-background is-layout-constrained wp-block-group-is-layout-constrained\"><div class=\"wp-block-group__inner-container\">\n<p><strong>REISEVERLAUF:<\/strong><\/p>\n\n\n\n<p><strong>1.TAG<\/strong>:<strong> Willkommen in Andalusien!<\/strong><\/p>\n\n\n\n<p>Freie Zeit bis zum Abendessen im Hotel an der Costa del Sol<\/p>\n\n\n\n<p><strong>2. TAG: Ausflug nach Granada<\/strong><\/p>\n\n\n\n<p>Nach dem Fr\u00fchst\u00fcck im Hotel, beginnt die Sternfahrten. Ankunft in Granada und treffen mit dem \u00f6rtlichen Stadtf\u00fchrer. Besichtigung des Alhambra Komplex*.&nbsp;<\/p>\n\n\n\n<p class=\"has-vivid-red-color has-text-color has-link-color wp-elements-3e3e36178b875e58610eaf39151833a0\"><em><strong>*WICHTIGER HINWEIS:<\/strong> Aufgrund des gro\u00dfen Besucheraufkommens k\u00f6nnen Besucher stets nur vorgegebene Teile der Alhambra besichtigen. Eintrittskarten und Besichtigungsmodalit\u00e4ten werden ausnahmslos zentral vom Patronato de la Alhambra y Generalife (Verwaltung der Alhambra) zugeteilt. Darauf hat der Reiseveranstalter keinen Einfluss. Kann ein bestimmter Teil der Alhambra aufgrund der zentralen Zuteilung nicht besichtigt werden, ergibt sich daraus kein Anspruch auf R\u00fcckerstattung. Wir danken f\u00fcr ihr Verst\u00e4ndnis.<\/em><\/p>\n\n\n\n<p>Freie Zeit in der Stadt.&nbsp;R\u00fcckfahrt nach M\u00e1laga. Abendessen im Hotel&nbsp;costa del Sol<\/p>\n\n\n\n<p><strong>3. TAG:<\/strong> <strong>M\u00e1laga<\/strong><\/p>\n\n\n\n<p>Fr\u00fchst\u00fcck und Abfahrt in die Stadt M\u00e1laga. Panoramafahrt von M\u00e1laga und freie Zeit in der Stadt. R\u00fcckfahrt ins Hotel. Abendessen im Hotel costa del Sol <\/p>\n\n\n\n<p><strong>4. TAG<\/strong>: <strong>M\u00e1laga \u2013 Ronda \u2013 Sevilla<\/strong><\/p>\n\n\n\n<p>Fr\u00fchst\u00fcck im Hotel. Koffer in den Bus. Abfahrt zur Stadt Ronda. Besichtigung mit \u00f6rtlichem Stadtf\u00fchrer. Freie Zeit. Weiterfahrt nach Sevilla. Abendessen Frei Unterkunft in Sevilla. &nbsp;<\/p>\n\n\n\n<p><strong>5. TAG: Sevilla<\/strong><\/p>\n\n\n\n<p>Fr\u00fchst\u00fcck im Hotel. Der \u00f6rtlichen Stadtf\u00fchrer wird Ihnen die Stadt zeigen. Der Nachmittag steht frei, um die Stadt auf eigene Faust zu erkunden. Tapas-Tour in Sevilla und Unterkunft in Sevilla.&nbsp;<\/p>\n\n\n\n<p><strong>6. TAG: Ausflug nach C\u00f3rdoba<\/strong><\/p>\n\n\n\n<p>Fr\u00fchst\u00fcck im Hotel. Tagesausflug nach C\u00f3rdoba, mit dem \u00f6rtlichem Stadtf\u00fchrer werden Sie des j\u00fcdischen Viertel und der imposanten Moschee-Kathedrale entdecken. Freie Zeit und R\u00fcckkehr nach Sevilla. Abendessen frei und Unterkunft in Sevilla<\/p>\n\n\n\n<p><strong>7. TAG: Ausflug nach Niebla und La R\u00e1bida \u2013 Huelva<\/strong><\/p>\n\n\n\n<p>Fr\u00fchst\u00fcck im Hotel. Ausflug nach Huelva, um die malerische mittelalterliche Stadt Niebla zu besichtigen. Gemeinsames Mittagessen in Niebla. Weiterfahrt nach La R\u00e1bida, das Kloster in Verbindung mit der ersten \u00dcberfahrt von Christoph Kolumbus im August 1492. R\u00fcckfahrt nach Sevilla. Abendessen frei und Unterkunft in Sevilla.&nbsp;<\/p>\n\n\n\n<p><strong>8. TAG: Sevilla \u2013 Jerez \u2013 Gibraltar \u2013 Hotel Costa del Sol<\/strong><\/p>\n\n\n\n<p>Fr\u00fchst\u00fcck im Hotel. Koffer in den Bus. Abfahrt von Sevilla nach M\u00e1laga. Zwischenstopp in der Stadt Jerez de la Frontera, um ein sch\u00f6nes Erlebnis zu haben in einer Weinkellerei. Gemeinsames Mittagessen auf dem Weg nach Gibraltar. Weiterfahrt nach Gibraltar mit Besichtigung.&nbsp;Weiterfahrt ins Hotel an der Costa del Sol. Abendessen im Hotel mit Abschiedsgetr\u00e4nk.&nbsp; &nbsp;<\/p>\n\n\n\n<p><strong>9. TAG:&nbsp;Hasta Pronto! <\/strong><\/p>\n\n\n\n<p>Fr\u00fchst\u00fcck und Ender der Reise<\/p>\n<\/div><\/div>\n<\/div>\n\n\n\n<div class=\"wp-block-column is-layout-flow wp-block-column-is-layout-flow\">\n<div class=\"wp-block-group is-layout-constrained wp-block-group-is-layout-constrained\"><div class=\"wp-block-group__inner-container\">\n<p><strong>INBEGRIFFENE LEISTUNGEN:<\/strong><\/p>\n\n\n\n<ul class=\"wp-block-list\">\n<li>Moderner Klimatisierter Reisebus w\u00e4hrend der Sternfahrten laut Programm<\/li>\n\n\n\n<li>Deutschsprechende Professionelle Reiseleiter w\u00e4hrend der ganzen Reise&nbsp;<\/li>\n\n\n\n<li>Unterkunft in 4-Sterne-Hotel in Costa del Sol mit Halbpension (Abendessen und Fr\u00fchst\u00fcck).<\/li>\n\n\n\n<li>Unterkunft in 4-Sterne-Hotel in Sevilla mit Fr\u00fchst\u00fcck<\/li>\n\n\n\n<li>Eintrittsgelder f\u00fcr die Kathedrale von Sevilla, *der Alhambra in Granada, die Moschee- Kathedrale von C\u00f3rdoba, Casa don Bosco in Ronda.<\/li>\n<\/ul>\n\n\n\n<p class=\"has-vivid-red-color has-text-color has-link-color wp-elements-3e3e36178b875e58610eaf39151833a0\"><em><strong>*WICHTIGER HINWEIS:<\/strong> Aufgrund des gro\u00dfen Besucheraufkommens k\u00f6nnen Besucher stets nur vorgegebene Teile der Alhambra besichtigen. Eintrittskarten und Besichtigungsmodalit\u00e4ten werden ausnahmslos zentral vom Patronato de la Alhambra y Generalife (Verwaltung der Alhambra) zugeteilt. Darauf hat der Reiseveranstalter keinen Einfluss. Kann ein bestimmter Teil der Alhambra aufgrund der zentralen Zuteilung nicht besichtigt werden, ergibt sich daraus kein Anspruch auf R\u00fcckerstattung. Wir danken f\u00fcr ihr Verst\u00e4ndnis.<\/em><\/p>\n\n\n\n<ul class=\"wp-block-list\">\n<li>Besuch einer Weinkellerei in Jerez.&nbsp;<\/li>\n\n\n\n<li>Besichtigung von Gibraltar mit Saint Michel\u00b4s Cave und Europa Point<\/li>\n\n\n\n<li>Deutschsprachige Stadtf\u00fchrer in Granada, Ronda, Sevilla, C\u00f3rdoba. Niebla, Gibraltar, M\u00e1laga wird der Reiseleiter die Besichtigung \u00fcbernehmen.<\/li>\n\n\n\n<li>Reiseversicherung<\/li>\n\n\n\n<li>Audiosystem<\/li>\n<\/ul>\n\n\n\n<p><strong>NICHT INBEGRIFFEN<\/strong><\/p>\n\n\n\n<ul class=\"wp-block-list\">\n<li>Internationale Fl\u00fcge<\/li>\n\n\n\n<li>Interne Fl\u00fcge nicht aufgef\u00fchrt<\/li>\n\n\n\n<li>Flughafengeb\u00fchren<\/li>\n\n\n\n<li>Transfers vom\/zum Flughafen Malaga**<\/li>\n\n\n\n<li>Trinkgeld<\/li>\n\n\n\n<li>Koffertr\u00e4ger&nbsp;<\/li>\n\n\n\n<li>Visum, falls erforderlich.<\/li>\n\n\n\n<li>Eintrittsgelder, die nicht ausdr\u00fccklich im Tagesprogramm aufgef\u00fchrt sind, sind nicht enthalten.<\/li>\n<\/ul>\n\n\n\n<p><\/p>\n\n\n\n<div class=\"wp-block-group has-white-background-color has-background is-layout-constrained wp-block-group-is-layout-constrained\"><div class=\"wp-block-group__inner-container\">\n<figure class=\"wp-block-image alignfull size-full\"><img loading=\"lazy\" decoding=\"async\" width=\"1467\" height=\"2200\" src=\"https:\/\/viajescreativa.com\/wp-content\/uploads\/2024\/08\/sevilla-0906.jpg\" alt=\"\" class=\"wp-image-1940\" srcset=\"https:\/\/viajescreativa.com\/wp-content\/uploads\/2024\/08\/sevilla-0906.jpg 1467w, https:\/\/viajescreativa.com\/wp-content\/uploads\/2024\/08\/sevilla-0906-200x300.jpg 200w, https:\/\/viajescreativa.com\/wp-content\/uploads\/2024\/08\/sevilla-0906-683x1024.jpg 683w, https:\/\/viajescreativa.com\/wp-content\/uploads\/2024\/08\/sevilla-0906-768x1152.jpg 768w, https:\/\/viajescreativa.com\/wp-content\/uploads\/2024\/08\/sevilla-0906-1024x1536.jpg 1024w, https:\/\/viajescreativa.com\/wp-content\/uploads\/2024\/08\/sevilla-0906-1366x2048.jpg 1366w\" sizes=\"(max-width: 1467px) 100vw, 1467px\" \/><\/figure>\n<\/div><\/div>\n<\/div><\/div>\n<\/div>\n<\/div>\n\n\n\n<figure class=\"wp-block-image alignfull size-full\"><img loading=\"lazy\" decoding=\"async\" width=\"900\" height=\"300\" src=\"https:\/\/viajescreativa.com\/wp-content\/uploads\/2024\/08\/circuito-malaga-sevilla.jpg\" alt=\"\" class=\"wp-image-1938\" srcset=\"https:\/\/viajescreativa.com\/wp-content\/uploads\/2024\/08\/circuito-malaga-sevilla.jpg 900w, https:\/\/viajescreativa.com\/wp-content\/uploads\/2024\/08\/circuito-malaga-sevilla-300x100.jpg 300w, https:\/\/viajescreativa.com\/wp-content\/uploads\/2024\/08\/circuito-malaga-sevilla-768x256.jpg 768w\" sizes=\"(max-width: 900px) 100vw, 900px\" \/><\/figure>\n\n\n\n<div class=\"wp-block-cover alignfull is-light\" style=\"min-height:548px;aspect-ratio:unset;\"><span aria-hidden=\"true\" class=\"wp-block-cover__background has-ast-global-color-5-background-color has-background-dim-20 has-background-dim\"><\/span><img loading=\"lazy\" decoding=\"async\" width=\"1920\" height=\"1920\" class=\"wp-block-cover__image-background wp-image-1729\" alt=\"\" src=\"https:\/\/viajescreativa.com\/wp-content\/uploads\/2024\/07\/collage-caratula-blanco-1.jpg\" data-object-fit=\"cover\" srcset=\"https:\/\/viajescreativa.com\/wp-content\/uploads\/2024\/07\/collage-caratula-blanco-1.jpg 1920w, https:\/\/viajescreativa.com\/wp-content\/uploads\/2024\/07\/collage-caratula-blanco-1-300x300.jpg 300w, https:\/\/viajescreativa.com\/wp-content\/uploads\/2024\/07\/collage-caratula-blanco-1-1024x1024.jpg 1024w, https:\/\/viajescreativa.com\/wp-content\/uploads\/2024\/07\/collage-caratula-blanco-1-150x150.jpg 150w, https:\/\/viajescreativa.com\/wp-content\/uploads\/2024\/07\/collage-caratula-blanco-1-768x768.jpg 768w, https:\/\/viajescreativa.com\/wp-content\/uploads\/2024\/07\/collage-caratula-blanco-1-1536x1536.jpg 1536w\" sizes=\"(max-width: 1920px) 100vw, 1920px\" \/><div class=\"wp-block-cover__inner-container is-layout-flow wp-block-cover-is-layout-flow\">\n<div class=\"wp-block-columns is-layout-flex wp-container-core-columns-is-layout-9d6595d7 wp-block-columns-is-layout-flex\">\n<div class=\"wp-block-column is-layout-flow wp-block-column-is-layout-flow\">\n<div class=\"wp-block-columns is-layout-flex wp-container-core-columns-is-layout-9d6595d7 wp-block-columns-is-layout-flex\">\n<div class=\"wp-block-column is-layout-flow wp-block-column-is-layout-flow\">\n<figure class=\"wp-block-image alignfull size-full\"><a href=\"https:\/\/viajescreativa.com\/?page_id=2210\" target=\"_blank\" rel=\"noreferrer noopener\"><img loading=\"lazy\" decoding=\"async\" width=\"262\" height=\"387\" src=\"https:\/\/viajescreativa.com\/wp-content\/uploads\/2024\/08\/5-GASTRONOMICO-ALEMAN.jpg\" alt=\"\" class=\"wp-image-2153\" style=\"box-shadow:var(--wp--preset--shadow--natural)\" srcset=\"https:\/\/viajescreativa.com\/wp-content\/uploads\/2024\/08\/5-GASTRONOMICO-ALEMAN.jpg 262w, https:\/\/viajescreativa.com\/wp-content\/uploads\/2024\/08\/5-GASTRONOMICO-ALEMAN-203x300.jpg 203w\" sizes=\"(max-width: 262px) 100vw, 262px\" \/><\/a><figcaption class=\"wp-element-caption\">GENUSSVOLLE              ROUTEN<\/figcaption><\/figure>\n<\/div>\n\n\n\n<div class=\"wp-block-column is-layout-flow wp-block-column-is-layout-flow\">\n<figure class=\"wp-block-image alignfull size-full\"><a href=\"https:\/\/viajescreativa.com\/?page_id=2439\" target=\"_blank\" rel=\"noreferrer noopener\"><img loading=\"lazy\" decoding=\"async\" width=\"244\" height=\"361\" src=\"https:\/\/viajescreativa.com\/wp-content\/uploads\/2024\/08\/THEMENREISEN.jpg\" alt=\"\" class=\"wp-image-2154\" style=\"box-shadow:var(--wp--preset--shadow--natural)\" srcset=\"https:\/\/viajescreativa.com\/wp-content\/uploads\/2024\/08\/THEMENREISEN.jpg 244w, https:\/\/viajescreativa.com\/wp-content\/uploads\/2024\/08\/THEMENREISEN-203x300.jpg 203w\" sizes=\"(max-width: 244px) 100vw, 244px\" \/><\/a><figcaption class=\"wp-element-caption\">THEMENREISEN<\/figcaption><\/figure>\n<\/div>\n<\/div>\n<\/div>\n\n\n\n<div class=\"wp-block-column is-layout-flow wp-block-column-is-layout-flow\">\n<div class=\"wp-block-columns is-layout-flex wp-container-core-columns-is-layout-9d6595d7 wp-block-columns-is-layout-flex\">\n<div class=\"wp-block-column is-layout-flow wp-block-column-is-layout-flow\">\n<figure class=\"wp-block-image alignfull size-full\"><a href=\"https:\/\/viajescreativa.com\/?page_id=2299\" target=\"_blank\" rel=\"noreferrer noopener\"><img loading=\"lazy\" decoding=\"async\" width=\"244\" height=\"360\" src=\"https:\/\/viajescreativa.com\/wp-content\/uploads\/2024\/08\/SLOWTRAVEL-1.jpg\" alt=\"\" class=\"wp-image-2165\" style=\"box-shadow:var(--wp--preset--shadow--natural)\" srcset=\"https:\/\/viajescreativa.com\/wp-content\/uploads\/2024\/08\/SLOWTRAVEL-1.jpg 244w, https:\/\/viajescreativa.com\/wp-content\/uploads\/2024\/08\/SLOWTRAVEL-1-203x300.jpg 203w\" sizes=\"(max-width: 244px) 100vw, 244px\" \/><\/a><figcaption class=\"wp-element-caption\">SLOW TRAVEL<\/figcaption><\/figure>\n<\/div>\n\n\n\n<div class=\"wp-block-column is-layout-flow wp-block-column-is-layout-flow\">\n<figure class=\"wp-block-image alignfull size-full\"><a href=\"https:\/\/viajescreativa.com\/?page_id=2477\" target=\"_blank\" rel=\"noreferrer noopener\"><img loading=\"lazy\" decoding=\"async\" width=\"244\" height=\"361\" src=\"https:\/\/viajescreativa.com\/wp-content\/uploads\/2024\/08\/11-BASICOS1-2.jpg\" alt=\"\" class=\"wp-image-2168\" style=\"box-shadow:var(--wp--preset--shadow--natural)\" srcset=\"https:\/\/viajescreativa.com\/wp-content\/uploads\/2024\/08\/11-BASICOS1-2.jpg 244w, https:\/\/viajescreativa.com\/wp-content\/uploads\/2024\/08\/11-BASICOS1-2-203x300.jpg 203w\" sizes=\"(max-width: 244px) 100vw, 244px\" \/><\/a><figcaption class=\"wp-element-caption\">DIE ESSENZ VON ANDALUSIEN<\/figcaption><\/figure>\n<\/div>\n<\/div>\n<\/div>\n\n\n\n<div class=\"wp-block-column is-layout-flow wp-block-column-is-layout-flow\">\n<div class=\"wp-block-columns is-layout-flex wp-container-core-columns-is-layout-9d6595d7 wp-block-columns-is-layout-flex\">\n<div class=\"wp-block-column is-layout-flow wp-block-column-is-layout-flow\">\n<figure class=\"wp-block-image alignfull size-full\"><a href=\"https:\/\/viajescreativa.com\/?page_id=2487\" target=\"_blank\" rel=\"noreferrer noopener\"><img loading=\"lazy\" decoding=\"async\" width=\"628\" height=\"928\" src=\"https:\/\/viajescreativa.com\/wp-content\/uploads\/2024\/08\/21collage2.jpg\" alt=\"\" class=\"wp-image-2170\" style=\"box-shadow:var(--wp--preset--shadow--natural)\" srcset=\"https:\/\/viajescreativa.com\/wp-content\/uploads\/2024\/08\/21collage2.jpg 628w, https:\/\/viajescreativa.com\/wp-content\/uploads\/2024\/08\/21collage2-203x300.jpg 203w\" sizes=\"(max-width: 628px) 100vw, 628px\" \/><\/a><figcaption class=\"wp-element-caption\">NATURREISEN<\/figcaption><\/figure>\n<\/div>\n\n\n\n<div class=\"wp-block-column is-layout-flow wp-block-column-is-layout-flow\">\n<figure class=\"wp-block-image alignfull size-full\"><a href=\"https:\/\/viajescreativa.com\/?page_id=2492\" target=\"_blank\" rel=\"noreferrer noopener\"><img loading=\"lazy\" decoding=\"async\" width=\"244\" height=\"361\" src=\"https:\/\/viajescreativa.com\/wp-content\/uploads\/2024\/08\/31collage3.jpg\" alt=\"\" class=\"wp-image-2171\" style=\"box-shadow:var(--wp--preset--shadow--natural)\" srcset=\"https:\/\/viajescreativa.com\/wp-content\/uploads\/2024\/08\/31collage3.jpg 244w, https:\/\/viajescreativa.com\/wp-content\/uploads\/2024\/08\/31collage3-203x300.jpg 203w\" sizes=\"(max-width: 244px) 100vw, 244px\" \/><\/a><figcaption class=\"wp-element-caption\">KLEINE FLUCHTEN<\/figcaption><\/figure>\n<\/div>\n<\/div>\n<\/div>\n<\/div>\n<\/div><\/div>\n\n\n\n<div class=\"wp-block-columns is-layout-flex wp-container-core-columns-is-layout-9d6595d7 wp-block-columns-is-layout-flex\">\n<div class=\"wp-block-column is-layout-flow wp-block-column-is-layout-flow\"><div class=\"wpforms-container wpforms-block wpforms-block-1c9e3381-be90-44ba-9792-bb009a08ef66\" id=\"wpforms-6\"><form id=\"wpforms-form-6\" class=\"wpforms-validate wpforms-form\" data-formid=\"6\" method=\"post\" enctype=\"multipart\/form-data\" action=\"\/index.php?rest_route=%2Fwp%2Fv2%2Fpages%2F1018\" data-token=\"2afb85d4314ae1eac3630dc82d214311\" data-token-time=\"1777657762\"><noscript class=\"wpforms-error-noscript\">Por favor, activa JavaScript en tu navegador para completar este formulario.<\/noscript><div class=\"wpforms-field-container\"><div id=\"wpforms-6-field_1-container\" class=\"wpforms-field wpforms-field-name\" data-field-id=\"1\"><label class=\"wpforms-field-label\" for=\"wpforms-6-field_1\">Name <span class=\"wpforms-required-label\">*<\/span><\/label><input type=\"text\" id=\"wpforms-6-field_1\" class=\"wpforms-field-medium wpforms-field-required\" name=\"wpforms[fields][1]\" required><\/div><div id=\"wpforms-6-field_2-container\" class=\"wpforms-field wpforms-field-email\" data-field-id=\"2\"><label class=\"wpforms-field-label\" for=\"wpforms-6-field_2\">E-mail <span class=\"wpforms-required-label\">*<\/span><\/label><input type=\"email\" id=\"wpforms-6-field_2\" class=\"wpforms-field-medium wpforms-field-required\" name=\"wpforms[fields][2]\" spellcheck=\"false\" required><\/div><div id=\"wpforms-6-field_4-container\" class=\"wpforms-field wpforms-field-select wpforms-field-select-style-classic\" data-field-id=\"4\"><label class=\"wpforms-field-label\" for=\"wpforms-6-field_4\">Eine Option ausw\u00e4hlen <span class=\"wpforms-required-label\">*<\/span><\/label><select id=\"wpforms-6-field_4\" class=\"wpforms-field-medium wpforms-field-required\" name=\"wpforms[fields][4]\" required=\"required\"><option value=\"Reiseb\u00fcro\"  selected='selected' class=\"choice-1 depth-1\"  >Reiseb\u00fcro<\/option><option value=\"Reisender\"  class=\"choice-2 depth-1\"  >Reisender<\/option><\/select><\/div><div id=\"wpforms-6-field_3-container\" class=\"wpforms-field wpforms-field-textarea\" data-field-id=\"3\"><label class=\"wpforms-field-label\" for=\"wpforms-6-field_3\">Nachricht <span class=\"wpforms-required-label\">*<\/span><\/label><textarea id=\"wpforms-6-field_3\" class=\"wpforms-field-medium wpforms-field-required\" name=\"wpforms[fields][3]\" required><\/textarea><\/div><\/div><!-- .wpforms-field-container --><div class=\"wpforms-submit-container\" ><input type=\"hidden\" name=\"wpforms[id]\" value=\"6\"><input type=\"hidden\" name=\"page_title\" value=\"\"><input type=\"hidden\" name=\"page_url\" value=\"https:\/\/viajescreativa.com\/index.php?rest_route=\/wp\/v2\/pages\/1018\"><input type=\"hidden\" name=\"url_referer\" value=\"\"><button type=\"submit\" name=\"wpforms[submit]\" id=\"wpforms-submit-6\" class=\"wpforms-submit\" data-alt-text=\"Sending...\" data-submit-text=\"Send Message\" aria-live=\"assertive\" value=\"wpforms-submit\">Send Message<\/button><\/div><\/form><\/div>  <!-- .wpforms-container --><\/div>\n\n\n\n<div class=\"wp-block-column is-layout-flow wp-block-column-is-layout-flow\">\n<p class=\"has-ast-global-color-5-color has-text-color has-background has-link-color wp-elements-aafbe019a0c69dc9e941247c6acbdfce\" style=\"background-color:#8383f8;font-size:26px\"><strong><em>Werfe einen Blick auf unseren Blog<\/em><\/strong><\/p>\n\n\n\n<figure class=\"wp-block-image aligncenter size-full\"><a href=\"https:\/\/www.viajescreativa.net\/blog.php\" target=\"_blank\" rel=\"noreferrer noopener\"><img loading=\"lazy\" decoding=\"async\" width=\"593\" height=\"313\" src=\"https:\/\/viajescreativa.com\/wp-content\/uploads\/2024\/08\/capture-20240812-184311.png\" alt=\"\" class=\"wp-image-1885\" srcset=\"https:\/\/viajescreativa.com\/wp-content\/uploads\/2024\/08\/capture-20240812-184311.png 593w, https:\/\/viajescreativa.com\/wp-content\/uploads\/2024\/08\/capture-20240812-184311-300x158.png 300w\" sizes=\"(max-width: 593px) 100vw, 593px\" \/><\/a><\/figure>\n<\/div>\n<\/div>\n","protected":false},"excerpt":{"rendered":"<p>HIGHLIGHTS: In Viajes Creativa glauben wir, dass diese Reise Art bequem ist, um Euch das bedeutendste von Andalusien zu zeigen, ausgehend von zwei St\u00e4dten: M\u00e1laga und Sevilla. Die Stadt, die Euch empfangen wird, ist M\u00e1laga. Die Geburtsstadt Picassos bietet ein sehr interessantes kulturelles Leben und ihre Str\u00e4nde sind ein Genuss. Die Tagesausfl\u00fcge in die sch\u00f6nsten &hellip;<\/p>\n<p class=\"read-more\"> <a class=\"\" href=\"https:\/\/viajescreativa.com\/?page_id=1018\"> <span class=\"screen-reader-text\">STERNFAHRTEN ANDALUSIEN<\/span> Leer m\u00e1s &raquo;<\/a><\/p>\n","protected":false},"author":1,"featured_media":0,"parent":0,"menu_order":0,"comment_status":"closed","ping_status":"closed","template":"elementor_header_footer","meta":{"om_disable_all_campaigns":false,"_monsterinsights_skip_tracking":false,"_monsterinsights_sitenote_active":false,"_monsterinsights_sitenote_note":"","_monsterinsights_sitenote_category":0,"site-sidebar-layout":"default","site-content-layout":"default","ast-main-header-display":"","ast-hfb-above-header-display":"","ast-hfb-below-header-display":"","ast-hfb-mobile-header-display":"","site-post-title":"","ast-breadcrumbs-content":"","ast-featured-img":"","footer-sml-layout":"","theme-transparent-header-meta":"","adv-header-id-meta":"","stick-header-meta":"","header-above-stick-meta":"","header-main-stick-meta":"","header-below-stick-meta":"","footnotes":""},"class_list":["post-1018","page","type-page","status-publish","hentry"],"aioseo_notices":[],"_links":{"self":[{"href":"https:\/\/viajescreativa.com\/index.php?rest_route=\/wp\/v2\/pages\/1018","targetHints":{"allow":["GET"]}}],"collection":[{"href":"https:\/\/viajescreativa.com\/index.php?rest_route=\/wp\/v2\/pages"}],"about":[{"href":"https:\/\/viajescreativa.com\/index.php?rest_route=\/wp\/v2\/types\/page"}],"author":[{"embeddable":true,"href":"https:\/\/viajescreativa.com\/index.php?rest_route=\/wp\/v2\/users\/1"}],"replies":[{"embeddable":true,"href":"https:\/\/viajescreativa.com\/index.php?rest_route=%2Fwp%2Fv2%2Fcomments&post=1018"}],"version-history":[{"count":32,"href":"https:\/\/viajescreativa.com\/index.php?rest_route=\/wp\/v2\/pages\/1018\/revisions"}],"predecessor-version":[{"id":2519,"href":"https:\/\/viajescreativa.com\/index.php?rest_route=\/wp\/v2\/pages\/1018\/revisions\/2519"}],"wp:attachment":[{"href":"https:\/\/viajescreativa.com\/index.php?rest_route=%2Fwp%2Fv2%2Fmedia&parent=1018"}],"curies":[{"name":"wp","href":"https:\/\/api.w.org\/{rel}","templated":true}]}}