{"id":1201,"date":"2024-01-26T18:01:27","date_gmt":"2024-01-26T18:01:27","guid":{"rendered":"https:\/\/viajescreativa.com\/?page_id=1201"},"modified":"2024-11-01T10:48:58","modified_gmt":"2024-11-01T10:48:58","slug":"al-andalus-route-1001-kilometer-von-geschichten","status":"publish","type":"page","link":"https:\/\/viajescreativa.com\/?page_id=1201","title":{"rendered":"Al-Andalus: 1001 Kilometer voller Geschichten"},"content":{"rendered":"\n<figure class=\"wp-block-image alignfull size-full\"><img fetchpriority=\"high\" decoding=\"async\" width=\"1920\" height=\"349\" src=\"https:\/\/viajescreativa.com\/wp-content\/uploads\/2024\/08\/1001-km.png\" alt=\"\" class=\"wp-image-2032\" srcset=\"https:\/\/viajescreativa.com\/wp-content\/uploads\/2024\/08\/1001-km.png 1920w, https:\/\/viajescreativa.com\/wp-content\/uploads\/2024\/08\/1001-km-300x55.png 300w, https:\/\/viajescreativa.com\/wp-content\/uploads\/2024\/08\/1001-km-1024x186.png 1024w, https:\/\/viajescreativa.com\/wp-content\/uploads\/2024\/08\/1001-km-768x140.png 768w, https:\/\/viajescreativa.com\/wp-content\/uploads\/2024\/08\/1001-km-1536x279.png 1536w\" sizes=\"(max-width: 1920px) 100vw, 1920px\" \/><\/figure>\n\n\n\n<div class=\"wp-block-columns is-layout-flex wp-container-core-columns-is-layout-9d6595d7 wp-block-columns-is-layout-flex\">\n<div class=\"wp-block-column is-layout-flow wp-block-column-is-layout-flow\">\n<p><\/p>\n\n\n\n<p class=\"has-vivid-red-color has-white-background-color has-text-color has-background has-link-color wp-elements-91332145f1d4e635123e506c9a81db15\" style=\"font-size:22px\"><strong><em>HIGHLIGHTS:<\/em><\/strong><\/p>\n\n\n\n<ul class=\"wp-block-list\">\n<li>Besuch von drei St\u00e4dten, die von der UNESCO zum Weltkulturerbe erkl\u00e4rt wurden<\/li>\n\n\n\n<li>Besuch von Niebla und Almonaster la Real in Huelva<\/li>\n\n\n\n<li>Besichtigung der Mota-Festung in Alcal\u00e1 la Real \u2013 Ja\u00e9n<\/li>\n<\/ul>\n<\/div>\n\n\n\n<div class=\"wp-block-column is-layout-flow wp-block-column-is-layout-flow\">\n<figure class=\"wp-block-image aligncenter size-full\"><img decoding=\"async\" width=\"704\" height=\"412\" src=\"https:\/\/viajescreativa.com\/wp-content\/uploads\/2024\/08\/1001-KM-AL-ANDALUS-1.jpg\" alt=\"\" class=\"wp-image-2028\" srcset=\"https:\/\/viajescreativa.com\/wp-content\/uploads\/2024\/08\/1001-KM-AL-ANDALUS-1.jpg 704w, https:\/\/viajescreativa.com\/wp-content\/uploads\/2024\/08\/1001-KM-AL-ANDALUS-1-300x176.jpg 300w\" sizes=\"(max-width: 704px) 100vw, 704px\" \/><\/figure>\n<\/div>\n<\/div>\n\n\n\n<p class=\"has-white-background-color has-background\">Entdecken Sie auf dieser faszinierenden Route die islamische Geschichte Andalusiens. Diese sorgf\u00e4ltig ausgearbeitete Rundreise bietet Ihnen ein unterhaltsames Erlebnis, bei dem Sie in das reiche Erbe von al-Andalus im S\u00fcden der Halbinsel eintauchen. Von den Urspr\u00fcngen des Emirats von C\u00f3rdoba, das von Damaskus abh\u00e4ngig war, bis zum Untergang des Nasriden-K\u00f6nigreichs von Granada werden Sie acht Jahrhunderte eines kulturellen, k\u00fcnstlerischen und wissenschaftlichen Erbes erkunden, das bis heute andauert.<\/p>\n\n\n\n<figure class=\"wp-block-gallery aligncenter has-nested-images columns-default is-cropped wp-block-gallery-1 is-layout-flex wp-block-gallery-is-layout-flex\">\n<figure class=\"wp-block-image alignfull size-full\"><img decoding=\"async\" width=\"900\" height=\"300\" data-id=\"2029\" src=\"https:\/\/viajescreativa.com\/wp-content\/uploads\/2024\/08\/1001-KM-2.jpg\" alt=\"\" class=\"wp-image-2029\" srcset=\"https:\/\/viajescreativa.com\/wp-content\/uploads\/2024\/08\/1001-KM-2.jpg 900w, https:\/\/viajescreativa.com\/wp-content\/uploads\/2024\/08\/1001-KM-2-300x100.jpg 300w, https:\/\/viajescreativa.com\/wp-content\/uploads\/2024\/08\/1001-KM-2-768x256.jpg 768w\" sizes=\"(max-width: 900px) 100vw, 900px\" \/><figcaption class=\"wp-element-caption\"><strong><em>Cordoba &#8211; Granada &#8211; Sevilla &#8211; Alcal\u00e1 la Real<\/em><\/strong><\/figcaption><\/figure>\n<\/figure>\n\n\n\n<div class=\"wp-block-group is-layout-constrained wp-block-group-is-layout-constrained\"><div class=\"wp-block-group__inner-container\">\n<p class=\"has-white-background-color has-background\">Eine leidenschaftliche Reise durch die Geschichte von Al-Andalus. W\u00e4hrend dieser zehnt\u00e4gigen Rundreise werden Sie einzigartige Erfahrungen machen, indem Sie die wichtigsten St\u00e4dte besuchen, die die Hauptdarsteller dieser faszinierenden mittelalterlichen Geschichte waren. Sie werden bedeutende Denkm\u00e4ler und einzigartige Kleinode entdecken. Unsere fachkundigen Reiseleiter werden Ihnen die Geschichte des islamischen Andalusiens in einem fast chronologischen Verlauf erz\u00e4hlen und Ihnen so ein tieferes und umfassenderes Verst\u00e4ndnis der Ereignisse und historische Pers\u00f6nlichkeiten vermitteln, die diese Epoche der Geschichte gepr\u00e4gt haben.<\/p>\n<\/div><\/div>\n\n\n\n<div class=\"wp-block-columns is-layout-flex wp-container-core-columns-is-layout-9d6595d7 wp-block-columns-is-layout-flex\">\n<div class=\"wp-block-column is-layout-flow wp-block-column-is-layout-flow\">\n<div class=\"wp-block-group has-white-background-color has-background is-layout-constrained wp-block-group-is-layout-constrained\"><div class=\"wp-block-group__inner-container\">\n<p><strong>REISEVERLAUF:<\/strong><\/p>\n\n\n\n<p><strong>Tag 1: Willkommen in Andalusien<\/strong><\/p>\n\n\n\n<p>Ankunft am Flughafen M\u00e1laga. Freie Zeit bis zum Abendessen im Hotel an der Costa del Sol.<\/p>\n\n\n\n<p><strong>Tag 2: M\u00e1laga \u2013 C\u00f3rdoba<\/strong><\/p>\n\n\n\n<p>Fr\u00fchst\u00fcck und Abfahrt nach C\u00f3rdoba. Besichtigung von C\u00f3rdoba mit einem \u00f6rtlichen deutschsprachigen Stadtf\u00fchrer: Moschee, Synagoge und Spaziergang durch das j\u00fcdische Viertel. Mittagessen und freier Nachmittag. Abendessen im Hotel in C\u00f3rdoba<\/p>\n\n\n\n<p><strong>Tag 3: C\u00f3rdoba \u2013 Medinat al-Zahra \u2013 Palma del Rio \u2013 Sevilla<\/strong><\/p>\n\n\n\n<p>Fr\u00fchst\u00fcck im Hotel und Abfahrt nach Sevilla. Besuch der arch\u00e4ologischen St\u00e4tte von Madinat az-Zahra. Anschlie\u00dfend Weiterfahrt nach Palma del R\u00edo. Mittagessen in einem Restaurant in Palma del R\u00edo. Rundgang durch die Ortschaft um die islamische \u00dcberreste zusehen und besuch des Portocarrero Palastes, Weiterfahrt nach Sevilla. Abendessen frei und Hotel\u00fcbernachtung in Sevilla<\/p>\n\n\n\n<p><strong>Tag 4: Ausflug nach Almonaster und Niebla<\/strong><\/p>\n\n\n\n<p>Fr\u00fchst\u00fcck im Hotel. Abfahrt nach Almonaster, Besichtigung der Moschee. Weiterfahrt nach Niebla. Mittagessen in Niebla. Besichtigung der Stadt: Burg, Kirche Santa Mar\u00eda de la Granada, Stadtmauer und Stadttore, Kirche San Mart\u00edn. R\u00fcckkehr nach Sevilla. Abendessen frei und Unterkunft im Hotel in Sevilla<\/p>\n\n\n\n<p><strong>Tag 5: Sevilla<\/strong><\/p>\n\n\n\n<p>Fr\u00fchst\u00fcck im Hotel. Halbt\u00e4gige Besichtigung mit \u00f6rtlichem Stadtf\u00fchrer: Kathedrale, Santa-Cruz-Viertel, etc. Freier Nachmittag. Abendessen frei und Unterkunft im Hotel in Sevilla<\/p>\n\n\n\n<p><strong>Tag 6: Sevilla \u2013 Lucena \u2013 Alcal\u00e1 la Real \u2013 Granada<\/strong><\/p>\n\n\n\n<p>Fr\u00fchst\u00fcck im Hotel. Abfahrt nach Lucena und Besichtigung der Stadt. Weiterfahrt nach Alcal\u00e1 la Real. Mittagessen in Alcal\u00e1. Besichtigung der Festung von La Mota. Weiterfahrt nach Granada. Abendessen und Hotel\u00fcbernachtung in Granada<\/p>\n\n\n\n<p><strong>Tag 7: Granada<\/strong><\/p>\n\n\n\n<p>Fr\u00fchst\u00fcck. Besichtigung der Alhambra.<\/p>\n\n\n\n<p class=\"has-vivid-red-color has-text-color has-link-color wp-elements-787926d6fd7c5635ee34ba5d1f5111fd\"><em>*<strong>WICHTIGER HINWEIS f\u00fcr die Besichtigung der Alhambra<\/strong>: Aufgrund des gro\u00dfen Besucheraufkommens k\u00f6nnen Besucher stets nur vorgegebene Teile der Alhambra besichtigen. Eintrittskarten und Besichtigungsmodalit\u00e4ten werden ausnahmslos zentral vom Patronato de la Alhambra y Generalife (Verwaltung der Alhambra) zugeteilt. Darauf hat der Reiseveranstalter keinen Einfluss. Kann ein bestimmter Teil der Alhambra aufgrund der zentralen Zuteilung nicht besichtigt werden, ergibt sich daraus kein Anspruch auf R\u00fcckerstattung. Wir danken f\u00fcr ihr Verst\u00e4ndnis.<\/em><\/p>\n\n\n\n<p>Freie Zeit um die Stadt zu erkunden (ja nach Uhrzeit der Eintrittskarten der Alhambra) Abendessen im Hotel in Granada<\/p>\n\n\n\n<p><strong>Tag 8: Granada \u2013 M\u00e1laga<\/strong><\/p>\n\n\n\n<p>Fr\u00fchst\u00fcck. Abfahrt nach M\u00e1laga. Spaziergang durch die Stadt. Freier Nachmittag. Abendessen und \u00dcbernachtung in einem Hotel an der Costa del Sol.<\/p>\n\n\n\n<p><strong>Tag 9: Ausflug nach Ronda<\/strong><\/p>\n\n\n\n<p>Fr\u00fchst\u00fcck. Abfahrt zum Ausflug nach Ronda. Besichtigung der Stadt: Kirche Santa Mar\u00eda, arabische B\u00e4der, R\u00fcckfahrt nach M\u00e1laga. Abendessen im Hotel an der Costa del Sol<\/p>\n\n\n\n<p><strong>Tag 10: Hasta Pronto!<\/strong><\/p>\n\n\n\n<p>Fr\u00fchst\u00fcck<\/p>\n<\/div><\/div>\n<\/div>\n\n\n\n<div class=\"wp-block-column is-layout-flow wp-block-column-is-layout-flow\">\n<div class=\"wp-block-group is-layout-constrained wp-block-group-is-layout-constrained\"><div class=\"wp-block-group__inner-container\">\n<p><strong>INBEGRIFFENE LEISTUNGEN:<\/strong><\/p>\n\n\n\n<ul class=\"wp-block-list\">\n<li>Klimatisierter Reisebus w\u00e4hrend der gesamten Reise.<\/li>\n\n\n\n<li>4-Sterne-Hotel mit HP in Hotel an der Costa del Sol und Granada (Fr\u00fchst\u00fcck und Abendessen)<\/li>\n\n\n\n<li>3\/4-Sterne-Hotel mit Fr\u00fchst\u00fcck in Sevilla<\/li>\n\n\n\n<li>3\/4-Sterne-Hotel mit Fr\u00fchst\u00fcck in C\u00f3rdoba<\/li>\n\n\n\n<li>Deutschsprachige Reiseleitung w\u00e4hrend der gesamten Rundreise<\/li>\n\n\n\n<li>\u00d6rtliche Deutschsprechende Stadtf\u00fchrer in Sevilla, Cordoba, Granada, Ronda<\/li>\n\n\n\n<li>Der Deutschsprachige Reiseleiter wird sie in Niebla, M\u00e1laga und Palma del Rio f\u00fchren &nbsp;<\/li>\n\n\n\n<li>Eintrittsgelder f\u00fcr Denkm\u00e4ler:<\/li>\n\n\n\n<li>C\u00f3rdoba: Moschee-Kathedrale, Medina az-Zahra,<\/li>\n\n\n\n<li>Palma del R\u00edo: Palast von Portocarrero<\/li>\n\n\n\n<li>Sevilla: Kathedrale<\/li>\n\n\n\n<li>Niebla: Burg, Kirche Santa Mar\u00eda de la Granada<\/li>\n\n\n\n<li>Alcal\u00e1 la Real: Festung von La Mota<\/li>\n\n\n\n<li>Granada: La Alhambra*<\/li>\n\n\n\n<li>Malaga: Alcazaba <\/li>\n\n\n\n<li>Ronda: Kirche von Santa Mar\u00eda, arabische B\u00e4der<\/li>\n\n\n\n<li>3 x Mittagessen in Palma del R\u00edo, Niebla, Alcal\u00e1 la Real<\/li>\n\n\n\n<li>Audiosystem w\u00e4hrend der gesamten Reise<\/li>\n\n\n\n<li>Reiseversicherung<\/li>\n<\/ul>\n\n\n\n<p class=\"has-text-align-left has-vivid-red-color has-text-color has-link-color wp-elements-0049bc7d774219175a058c9c4a27f6fc\"><em><br><br><strong>*Hinweis zur Besichtigung der Alhambra: <\/strong>Aufgrund des gro\u00dfen Besucheraufkommens k\u00f6nnen<br>Besucher stets nur vorgegebene Teile der Alhambra besichtigen. Eintrittskarten und Besichtigungsmodalit\u00e4ten werden ausnahmslos zentral vom Patronato de la Alhambra y Generalife (Verwaltung der Alhambra) zugeteilt. Darauf hat der Reiseveranstalter keinen Einfluss. Kann ein bestimmter Teil der Alhambra aufgrund der zentralen Zuteilung nicht besichtigt werden, ergibt sich daraus<br>kein Anspruch auf R\u00fcckerstattung. Wir danken f\u00fcr Ihr Verst\u00e4ndnis.<\/em><\/p>\n\n\n\n<p><strong>NICHT INBEGRIFFEN<\/strong><\/p>\n\n\n\n<ul class=\"wp-block-list\">\n<li>Internationale Fl\u00fcge<\/li>\n\n\n\n<li>Flughafengeb\u00fchren<\/li>\n\n\n\n<li>Visum, falls erforderlich&nbsp;<\/li>\n\n\n\n<li>Transfer vom\/zum Flughafen M\u00e1laga\/Hotel an der Costa del Sol<\/li>\n\n\n\n<li>Trinkgelder<\/li>\n\n\n\n<li>Koffertr\u00e4ger<\/li>\n\n\n\n<li>Getr\u00e4nke<\/li>\n\n\n\n<li>Eintrittsgelder, die nicht ausdr\u00fccklich im Programm aufgef\u00fchrt sind<\/li>\n\n\n\n<li>Sonstige Dienstleistungen, die nicht ausdr\u00fccklich im Programm aufgef\u00fchrt sind<\/li>\n<\/ul>\n\n\n\n<p><strong>OPTION:<\/strong><\/p>\n\n\n\n<p>Ein zus\u00e4tzlicher Tag kann hinzugef\u00fcgt werden: Entsprechend dem 2. Tag:<\/p>\n\n\n\n<p>Fr\u00fchst\u00fcck. Abfahrt nach Tarifa, Besichtigung der Burg und Spaziergang durch die Stadt. Weiterfahrt nach Algeciras: Besichtigung des Gartens des Hotels Reina Cristina. Mittagessen. Weiterfahrt nach Gibraltar. Besichtigung von Gibraltar.R\u00fcckkehr zum Hotel Costa del Sol. Abendessen und \u00dcbernachtung<\/p>\n\n\n\n<p>Weiterreise wie oben beschrieben<\/p>\n\n\n\n<p><strong>ZUS\u00c4TZLICHE LEISTUNGEN:<\/strong><\/p>\n\n\n\n<ul class=\"wp-block-list\">\n<li>Thematischer Vortrag von Experten<\/li>\n\n\n\n<li>Live-Musik von al-Andalus in Sevilla oder Granada<\/li>\n\n\n\n<li>Essen in einem Sephardischen Restaurant in C\u00f3rdoba<\/li>\n<\/ul>\n\n\n\n<p><\/p>\n\n\n\n<div class=\"wp-block-group has-white-background-color has-background is-layout-constrained wp-block-group-is-layout-constrained\"><div class=\"wp-block-group__inner-container\"><\/div><\/div>\n<\/div><\/div>\n<\/div>\n<\/div>\n\n\n\n<figure class=\"wp-block-image alignfull size-full\"><img loading=\"lazy\" decoding=\"async\" width=\"900\" height=\"300\" src=\"https:\/\/viajescreativa.com\/wp-content\/uploads\/2024\/08\/1001-KM.jpg\" alt=\"\" class=\"wp-image-2030\" srcset=\"https:\/\/viajescreativa.com\/wp-content\/uploads\/2024\/08\/1001-KM.jpg 900w, https:\/\/viajescreativa.com\/wp-content\/uploads\/2024\/08\/1001-KM-300x100.jpg 300w, https:\/\/viajescreativa.com\/wp-content\/uploads\/2024\/08\/1001-KM-768x256.jpg 768w\" sizes=\"(max-width: 900px) 100vw, 900px\" \/><figcaption class=\"wp-element-caption\"><strong><em>Almonaster la Real &#8211; Niebla &#8211; Ronda &#8211; Sevilla<\/em><\/strong><\/figcaption><\/figure>\n\n\n\n<div class=\"wp-block-cover alignfull is-light\" style=\"min-height:548px;aspect-ratio:unset;\"><span aria-hidden=\"true\" class=\"wp-block-cover__background has-ast-global-color-5-background-color has-background-dim-20 has-background-dim\"><\/span><img loading=\"lazy\" decoding=\"async\" width=\"1920\" height=\"1920\" class=\"wp-block-cover__image-background wp-image-1729\" alt=\"\" src=\"https:\/\/viajescreativa.com\/wp-content\/uploads\/2024\/07\/collage-caratula-blanco-1.jpg\" data-object-fit=\"cover\" srcset=\"https:\/\/viajescreativa.com\/wp-content\/uploads\/2024\/07\/collage-caratula-blanco-1.jpg 1920w, https:\/\/viajescreativa.com\/wp-content\/uploads\/2024\/07\/collage-caratula-blanco-1-300x300.jpg 300w, https:\/\/viajescreativa.com\/wp-content\/uploads\/2024\/07\/collage-caratula-blanco-1-1024x1024.jpg 1024w, https:\/\/viajescreativa.com\/wp-content\/uploads\/2024\/07\/collage-caratula-blanco-1-150x150.jpg 150w, https:\/\/viajescreativa.com\/wp-content\/uploads\/2024\/07\/collage-caratula-blanco-1-768x768.jpg 768w, https:\/\/viajescreativa.com\/wp-content\/uploads\/2024\/07\/collage-caratula-blanco-1-1536x1536.jpg 1536w\" sizes=\"(max-width: 1920px) 100vw, 1920px\" \/><div class=\"wp-block-cover__inner-container is-layout-flow wp-block-cover-is-layout-flow\">\n<div class=\"wp-block-columns is-layout-flex wp-container-core-columns-is-layout-9d6595d7 wp-block-columns-is-layout-flex\">\n<div class=\"wp-block-column is-layout-flow wp-block-column-is-layout-flow\">\n<div class=\"wp-block-columns is-layout-flex wp-container-core-columns-is-layout-9d6595d7 wp-block-columns-is-layout-flex\">\n<div class=\"wp-block-column is-layout-flow wp-block-column-is-layout-flow\">\n<figure class=\"wp-block-image alignfull size-full\"><a href=\"https:\/\/viajescreativa.com\/?page_id=2210\" target=\"_blank\" rel=\"noreferrer noopener\"><img loading=\"lazy\" decoding=\"async\" width=\"262\" height=\"387\" src=\"https:\/\/viajescreativa.com\/wp-content\/uploads\/2024\/08\/5-GASTRONOMICO-ALEMAN.jpg\" alt=\"\" class=\"wp-image-2153\" style=\"box-shadow:var(--wp--preset--shadow--natural)\" srcset=\"https:\/\/viajescreativa.com\/wp-content\/uploads\/2024\/08\/5-GASTRONOMICO-ALEMAN.jpg 262w, https:\/\/viajescreativa.com\/wp-content\/uploads\/2024\/08\/5-GASTRONOMICO-ALEMAN-203x300.jpg 203w\" sizes=\"(max-width: 262px) 100vw, 262px\" \/><\/a><figcaption class=\"wp-element-caption\">GENUSSVOLLE              ROUTEN<\/figcaption><\/figure>\n<\/div>\n\n\n\n<div class=\"wp-block-column is-layout-flow wp-block-column-is-layout-flow\">\n<figure class=\"wp-block-image alignfull size-full\"><a href=\"https:\/\/viajescreativa.com\/?page_id=2439\" target=\"_blank\" rel=\"noreferrer noopener\"><img loading=\"lazy\" decoding=\"async\" width=\"244\" height=\"361\" src=\"https:\/\/viajescreativa.com\/wp-content\/uploads\/2024\/08\/THEMENREISEN.jpg\" alt=\"\" class=\"wp-image-2154\" style=\"box-shadow:var(--wp--preset--shadow--natural)\" srcset=\"https:\/\/viajescreativa.com\/wp-content\/uploads\/2024\/08\/THEMENREISEN.jpg 244w, https:\/\/viajescreativa.com\/wp-content\/uploads\/2024\/08\/THEMENREISEN-203x300.jpg 203w\" sizes=\"(max-width: 244px) 100vw, 244px\" \/><\/a><figcaption class=\"wp-element-caption\">THEMENREISEN<\/figcaption><\/figure>\n<\/div>\n<\/div>\n<\/div>\n\n\n\n<div class=\"wp-block-column is-layout-flow wp-block-column-is-layout-flow\">\n<div class=\"wp-block-columns is-layout-flex wp-container-core-columns-is-layout-9d6595d7 wp-block-columns-is-layout-flex\">\n<div class=\"wp-block-column is-layout-flow wp-block-column-is-layout-flow\">\n<figure class=\"wp-block-image alignfull size-full\"><a href=\"https:\/\/viajescreativa.com\/?page_id=2299\" target=\"_blank\" rel=\"noreferrer noopener\"><img loading=\"lazy\" decoding=\"async\" width=\"244\" height=\"360\" src=\"https:\/\/viajescreativa.com\/wp-content\/uploads\/2024\/08\/SLOWTRAVEL-1.jpg\" alt=\"\" class=\"wp-image-2165\" style=\"box-shadow:var(--wp--preset--shadow--natural)\" srcset=\"https:\/\/viajescreativa.com\/wp-content\/uploads\/2024\/08\/SLOWTRAVEL-1.jpg 244w, https:\/\/viajescreativa.com\/wp-content\/uploads\/2024\/08\/SLOWTRAVEL-1-203x300.jpg 203w\" sizes=\"(max-width: 244px) 100vw, 244px\" \/><\/a><figcaption class=\"wp-element-caption\">SLOW TRAVEL<\/figcaption><\/figure>\n<\/div>\n\n\n\n<div class=\"wp-block-column is-layout-flow wp-block-column-is-layout-flow\">\n<figure class=\"wp-block-image alignfull size-full\"><a href=\"https:\/\/viajescreativa.com\/?page_id=2477\" target=\"_blank\" rel=\"noreferrer noopener\"><img loading=\"lazy\" decoding=\"async\" width=\"244\" height=\"361\" src=\"https:\/\/viajescreativa.com\/wp-content\/uploads\/2024\/08\/11-BASICOS1-2.jpg\" alt=\"\" class=\"wp-image-2168\" style=\"box-shadow:var(--wp--preset--shadow--natural)\" srcset=\"https:\/\/viajescreativa.com\/wp-content\/uploads\/2024\/08\/11-BASICOS1-2.jpg 244w, https:\/\/viajescreativa.com\/wp-content\/uploads\/2024\/08\/11-BASICOS1-2-203x300.jpg 203w\" sizes=\"(max-width: 244px) 100vw, 244px\" \/><\/a><figcaption class=\"wp-element-caption\">DIE ESSENZ VON ANDALUSIEN<\/figcaption><\/figure>\n<\/div>\n<\/div>\n<\/div>\n\n\n\n<div class=\"wp-block-column is-layout-flow wp-block-column-is-layout-flow\">\n<div class=\"wp-block-columns is-layout-flex wp-container-core-columns-is-layout-9d6595d7 wp-block-columns-is-layout-flex\">\n<div class=\"wp-block-column is-layout-flow wp-block-column-is-layout-flow\">\n<figure class=\"wp-block-image alignfull size-full\"><a href=\"https:\/\/viajescreativa.com\/?page_id=2487\" target=\"_blank\" rel=\"noreferrer noopener\"><img loading=\"lazy\" decoding=\"async\" width=\"628\" height=\"928\" src=\"https:\/\/viajescreativa.com\/wp-content\/uploads\/2024\/08\/21collage2.jpg\" alt=\"\" class=\"wp-image-2170\" style=\"box-shadow:var(--wp--preset--shadow--natural)\" srcset=\"https:\/\/viajescreativa.com\/wp-content\/uploads\/2024\/08\/21collage2.jpg 628w, https:\/\/viajescreativa.com\/wp-content\/uploads\/2024\/08\/21collage2-203x300.jpg 203w\" sizes=\"(max-width: 628px) 100vw, 628px\" \/><\/a><figcaption class=\"wp-element-caption\">NATURREISEN<\/figcaption><\/figure>\n<\/div>\n\n\n\n<div class=\"wp-block-column is-layout-flow wp-block-column-is-layout-flow\">\n<figure class=\"wp-block-image alignfull size-full\"><a href=\"https:\/\/viajescreativa.com\/?page_id=2492\" target=\"_blank\" rel=\"noreferrer noopener\"><img loading=\"lazy\" decoding=\"async\" width=\"244\" height=\"361\" src=\"https:\/\/viajescreativa.com\/wp-content\/uploads\/2024\/08\/31collage3.jpg\" alt=\"\" class=\"wp-image-2171\" style=\"box-shadow:var(--wp--preset--shadow--natural)\" srcset=\"https:\/\/viajescreativa.com\/wp-content\/uploads\/2024\/08\/31collage3.jpg 244w, https:\/\/viajescreativa.com\/wp-content\/uploads\/2024\/08\/31collage3-203x300.jpg 203w\" sizes=\"(max-width: 244px) 100vw, 244px\" \/><\/a><figcaption class=\"wp-element-caption\">KLEINE FLUCHTEN<\/figcaption><\/figure>\n<\/div>\n<\/div>\n<\/div>\n<\/div>\n<\/div><\/div>\n\n\n\n<div class=\"wp-block-columns is-layout-flex wp-container-core-columns-is-layout-9d6595d7 wp-block-columns-is-layout-flex\">\n<div class=\"wp-block-column is-layout-flow wp-block-column-is-layout-flow\"><div class=\"wpforms-container wpforms-block wpforms-block-1c9e3381-be90-44ba-9792-bb009a08ef66\" id=\"wpforms-6\"><form id=\"wpforms-form-6\" class=\"wpforms-validate wpforms-form\" data-formid=\"6\" method=\"post\" enctype=\"multipart\/form-data\" action=\"\/index.php?rest_route=%2Fwp%2Fv2%2Fpages%2F1201\" data-token=\"6345bf94530a6aca5a850cad5c1337c2\" data-token-time=\"1775857074\"><noscript class=\"wpforms-error-noscript\">Por favor, activa JavaScript en tu navegador para completar este formulario.<\/noscript><div class=\"wpforms-field-container\"><div id=\"wpforms-6-field_1-container\" class=\"wpforms-field wpforms-field-name\" data-field-id=\"1\"><label class=\"wpforms-field-label\" for=\"wpforms-6-field_1\">Name <span class=\"wpforms-required-label\">*<\/span><\/label><input type=\"text\" id=\"wpforms-6-field_1\" class=\"wpforms-field-medium wpforms-field-required\" name=\"wpforms[fields][1]\" required><\/div><div id=\"wpforms-6-field_2-container\" class=\"wpforms-field wpforms-field-email\" data-field-id=\"2\"><label class=\"wpforms-field-label\" for=\"wpforms-6-field_2\">E-mail <span class=\"wpforms-required-label\">*<\/span><\/label><input type=\"email\" id=\"wpforms-6-field_2\" class=\"wpforms-field-medium wpforms-field-required\" name=\"wpforms[fields][2]\" spellcheck=\"false\" required><\/div><div id=\"wpforms-6-field_4-container\" class=\"wpforms-field wpforms-field-select wpforms-field-select-style-classic\" data-field-id=\"4\"><label class=\"wpforms-field-label\" for=\"wpforms-6-field_4\">Eine Option ausw\u00e4hlen <span class=\"wpforms-required-label\">*<\/span><\/label><select id=\"wpforms-6-field_4\" class=\"wpforms-field-medium wpforms-field-required\" name=\"wpforms[fields][4]\" required=\"required\"><option value=\"Reiseb\u00fcro\"  selected='selected' class=\"choice-1 depth-1\"  >Reiseb\u00fcro<\/option><option value=\"Reisender\"  class=\"choice-2 depth-1\"  >Reisender<\/option><\/select><\/div><div id=\"wpforms-6-field_3-container\" class=\"wpforms-field wpforms-field-textarea\" data-field-id=\"3\"><label class=\"wpforms-field-label\" for=\"wpforms-6-field_3\">Nachricht <span class=\"wpforms-required-label\">*<\/span><\/label><textarea id=\"wpforms-6-field_3\" class=\"wpforms-field-medium wpforms-field-required\" name=\"wpforms[fields][3]\" required><\/textarea><\/div><\/div><!-- .wpforms-field-container --><div class=\"wpforms-submit-container\" ><input type=\"hidden\" name=\"wpforms[id]\" value=\"6\"><input type=\"hidden\" name=\"page_title\" value=\"\"><input type=\"hidden\" name=\"page_url\" value=\"https:\/\/viajescreativa.com\/index.php?rest_route=\/wp\/v2\/pages\/1201\"><input type=\"hidden\" name=\"url_referer\" value=\"\"><button type=\"submit\" name=\"wpforms[submit]\" id=\"wpforms-submit-6\" class=\"wpforms-submit\" data-alt-text=\"Sending...\" data-submit-text=\"Send Message\" aria-live=\"assertive\" value=\"wpforms-submit\">Send Message<\/button><\/div><\/form><\/div>  <!-- .wpforms-container --><\/div>\n\n\n\n<div class=\"wp-block-column is-layout-flow wp-block-column-is-layout-flow\">\n<p class=\"has-ast-global-color-5-color has-text-color has-background has-link-color wp-elements-aafbe019a0c69dc9e941247c6acbdfce\" style=\"background-color:#8383f8;font-size:26px\"><strong><em>Werfe einen Blick auf unseren Blog<\/em><\/strong><\/p>\n\n\n\n<figure class=\"wp-block-image aligncenter size-full\"><a href=\"https:\/\/www.viajescreativa.net\/blog.php\" target=\"_blank\" rel=\"noreferrer noopener\"><img loading=\"lazy\" decoding=\"async\" width=\"593\" height=\"313\" src=\"https:\/\/viajescreativa.com\/wp-content\/uploads\/2024\/08\/capture-20240812-184311.png\" alt=\"\" class=\"wp-image-1885\" srcset=\"https:\/\/viajescreativa.com\/wp-content\/uploads\/2024\/08\/capture-20240812-184311.png 593w, https:\/\/viajescreativa.com\/wp-content\/uploads\/2024\/08\/capture-20240812-184311-300x158.png 300w\" sizes=\"(max-width: 593px) 100vw, 593px\" \/><\/a><\/figure>\n<\/div>\n<\/div>\n","protected":false},"excerpt":{"rendered":"<p>HIGHLIGHTS: Entdecken Sie auf dieser faszinierenden Route die islamische Geschichte Andalusiens. Diese sorgf\u00e4ltig ausgearbeitete Rundreise bietet Ihnen ein unterhaltsames Erlebnis, bei dem Sie in das reiche Erbe von al-Andalus im S\u00fcden der Halbinsel eintauchen. Von den Urspr\u00fcngen des Emirats von C\u00f3rdoba, das von Damaskus abh\u00e4ngig war, bis zum Untergang des Nasriden-K\u00f6nigreichs von Granada werden Sie &hellip;<\/p>\n<p class=\"read-more\"> <a class=\"\" href=\"https:\/\/viajescreativa.com\/?page_id=1201\"> <span class=\"screen-reader-text\">Al-Andalus: 1001 Kilometer voller Geschichten<\/span> Leer m\u00e1s &raquo;<\/a><\/p>\n","protected":false},"author":1,"featured_media":0,"parent":0,"menu_order":0,"comment_status":"closed","ping_status":"closed","template":"elementor_header_footer","meta":{"om_disable_all_campaigns":false,"_monsterinsights_skip_tracking":false,"_monsterinsights_sitenote_active":false,"_monsterinsights_sitenote_note":"","_monsterinsights_sitenote_category":0,"site-sidebar-layout":"default","site-content-layout":"default","ast-main-header-display":"","ast-hfb-above-header-display":"","ast-hfb-below-header-display":"","ast-hfb-mobile-header-display":"","site-post-title":"","ast-breadcrumbs-content":"","ast-featured-img":"","footer-sml-layout":"","theme-transparent-header-meta":"","adv-header-id-meta":"","stick-header-meta":"","header-above-stick-meta":"","header-main-stick-meta":"","header-below-stick-meta":"","footnotes":""},"class_list":["post-1201","page","type-page","status-publish","hentry"],"aioseo_notices":[],"_links":{"self":[{"href":"https:\/\/viajescreativa.com\/index.php?rest_route=\/wp\/v2\/pages\/1201","targetHints":{"allow":["GET"]}}],"collection":[{"href":"https:\/\/viajescreativa.com\/index.php?rest_route=\/wp\/v2\/pages"}],"about":[{"href":"https:\/\/viajescreativa.com\/index.php?rest_route=\/wp\/v2\/types\/page"}],"author":[{"embeddable":true,"href":"https:\/\/viajescreativa.com\/index.php?rest_route=\/wp\/v2\/users\/1"}],"replies":[{"embeddable":true,"href":"https:\/\/viajescreativa.com\/index.php?rest_route=%2Fwp%2Fv2%2Fcomments&post=1201"}],"version-history":[{"count":29,"href":"https:\/\/viajescreativa.com\/index.php?rest_route=\/wp\/v2\/pages\/1201\/revisions"}],"predecessor-version":[{"id":2600,"href":"https:\/\/viajescreativa.com\/index.php?rest_route=\/wp\/v2\/pages\/1201\/revisions\/2600"}],"wp:attachment":[{"href":"https:\/\/viajescreativa.com\/index.php?rest_route=%2Fwp%2Fv2%2Fmedia&parent=1201"}],"curies":[{"name":"wp","href":"https:\/\/api.w.org\/{rel}","templated":true}]}}