{"id":135,"date":"2021-05-12T11:36:55","date_gmt":"2021-05-12T11:36:55","guid":{"rendered":"http:\/\/viajescreativa.com\/?page_id=135"},"modified":"2026-01-24T18:33:04","modified_gmt":"2026-01-24T18:33:04","slug":"home","status":"publish","type":"page","link":"https:\/\/viajescreativa.com\/","title":{"rendered":"Home"},"content":{"rendered":"\n<div class=\"wp-block-cover alignfull is-light has-custom-content-position is-position-bottom-center has-ast-global-color-2-color has-text-color has-link-color wp-elements-2edf8e4847d944468a7dc03ce524e19c\" style=\"min-height:668px;aspect-ratio:unset;\"><video class=\"wp-block-cover__video-background intrinsic-ignore\" autoplay muted loop playsinline src=\"https:\/\/viajescreativa.com\/wp-content\/uploads\/2026\/01\/video-palmas-web.mp4\" style=\"object-position:49% 8%\" data-object-fit=\"cover\" data-object-position=\"49% 8%\"><\/video><span aria-hidden=\"true\" class=\"wp-block-cover__background has-ast-global-color-5-background-color has-background-dim-20 has-background-dim\"><\/span><div class=\"wp-block-cover__inner-container is-layout-flow wp-block-cover-is-layout-flow\">\n<div class=\"wp-block-columns alignfull is-layout-flex wp-container-core-columns-is-layout-9d6595d7 wp-block-columns-is-layout-flex\">\n<div class=\"wp-block-column is-vertically-aligned-stretch is-layout-flow wp-block-column-is-layout-flow\"><\/div>\n\n\n\n<div class=\"wp-block-column is-vertically-aligned-top is-layout-flow wp-block-column-is-layout-flow\"><\/div>\n\n\n\n<div class=\"wp-block-column is-vertically-aligned-top is-layout-flow wp-block-column-is-layout-flow\"><\/div>\n<\/div>\n<\/div><\/div>\n\n\n\n<div class=\"wp-block-cover alignfull is-light\" style=\"min-height:548px;aspect-ratio:unset;\"><img fetchpriority=\"high\" decoding=\"async\" width=\"1920\" height=\"1920\" class=\"wp-block-cover__image-background wp-image-1729\" alt=\"\" src=\"https:\/\/viajescreativa.com\/wp-content\/uploads\/2024\/07\/collage-caratula-blanco-1.jpg\" data-object-fit=\"cover\" srcset=\"https:\/\/viajescreativa.com\/wp-content\/uploads\/2024\/07\/collage-caratula-blanco-1.jpg 1920w, https:\/\/viajescreativa.com\/wp-content\/uploads\/2024\/07\/collage-caratula-blanco-1-300x300.jpg 300w, https:\/\/viajescreativa.com\/wp-content\/uploads\/2024\/07\/collage-caratula-blanco-1-1024x1024.jpg 1024w, https:\/\/viajescreativa.com\/wp-content\/uploads\/2024\/07\/collage-caratula-blanco-1-150x150.jpg 150w, https:\/\/viajescreativa.com\/wp-content\/uploads\/2024\/07\/collage-caratula-blanco-1-768x768.jpg 768w, https:\/\/viajescreativa.com\/wp-content\/uploads\/2024\/07\/collage-caratula-blanco-1-1536x1536.jpg 1536w\" sizes=\"(max-width: 1920px) 100vw, 1920px\" \/><span aria-hidden=\"true\" class=\"wp-block-cover__background has-ast-global-color-5-background-color has-background-dim-20 has-background-dim\"><\/span><div class=\"wp-block-cover__inner-container is-layout-flow wp-block-cover-is-layout-flow\">\n<h1 class=\"wp-block-heading has-text-align-center has-ast-global-color-5-color has-text-color has-background has-link-color wp-elements-0bcaf1bd1da514cf75eedf6c61754540\" style=\"background-color:#6b95ff;font-size:39px\"><mark style=\"background-color:rgba(0, 0, 0, 0)\" class=\"has-inline-color has-ast-global-color-7-color\"><strong><strong>Willkommen bei Viajes Creativa!<\/strong><\/strong><\/mark><\/h1>\n\n\n\n<div class=\"wp-block-columns is-layout-flex wp-container-core-columns-is-layout-9d6595d7 wp-block-columns-is-layout-flex\">\n<div class=\"wp-block-column is-layout-flow wp-block-column-is-layout-flow\">\n<h2 class=\"wp-block-heading has-text-align-right has-ast-global-color-2-color has-text-color\" style=\"font-size:25px\">Auf unserer Webseite k\u00f6nnen wir Euch Empfehlungen \u00fcber Euren Andalusien Urlaub geben. Unsere Rundreisen sind eine Auswahl von Touren durch Andalusien. Diese k\u00f6nnen in Gruppen, Freundeskreis, mit Familie oder einfach nur zu zweit stattfinden. Wir passen uns Euren Bed\u00fcrfnissen an, damit Ihr unvergessliche Momente genie\u00dfen k\u00f6nnt. Nehmt bitte hier Kontakt mit uns auf. Wir erwarten Euch in Andalusien.<br><\/h2>\n<\/div>\n\n\n\n<div class=\"wp-block-column is-layout-flow wp-block-column-is-layout-flow\">\n<figure class=\"wp-block-embed aligncenter is-type-video is-provider-youtube wp-block-embed-youtube wp-embed-aspect-16-9 wp-has-aspect-ratio\"><div class=\"wp-block-embed__wrapper\">\n<div class=\"ast-oembed-container\"><iframe title=\"Viajes Creativa, presentaci\u00f3n.\" width=\"500\" height=\"281\" src=\"https:\/\/www.youtube.com\/embed\/KNOo-BUCBqI?feature=oembed\" frameborder=\"0\" allow=\"accelerometer; autoplay; clipboard-write; encrypted-media; gyroscope; picture-in-picture; web-share\" referrerpolicy=\"strict-origin-when-cross-origin\" allowfullscreen><\/iframe><\/div>\n<\/div><\/figure>\n<\/div>\n<\/div>\n\n\n\n<div class=\"wp-block-columns is-layout-flex wp-container-core-columns-is-layout-9d6595d7 wp-block-columns-is-layout-flex\">\n<div class=\"wp-block-column is-layout-flow wp-block-column-is-layout-flow\">\n<div class=\"wp-block-columns is-layout-flex wp-container-core-columns-is-layout-9d6595d7 wp-block-columns-is-layout-flex\">\n<div class=\"wp-block-column is-layout-flow wp-block-column-is-layout-flow\">\n<figure class=\"wp-block-image alignfull size-full\"><a href=\"https:\/\/viajescreativa.com\/?page_id=2210\" target=\"_blank\" rel=\"noreferrer noopener\"><img decoding=\"async\" width=\"262\" height=\"387\" src=\"https:\/\/viajescreativa.com\/wp-content\/uploads\/2024\/08\/5-GASTRONOMICO-ALEMAN.jpg\" alt=\"\" class=\"wp-image-2153\" style=\"box-shadow:var(--wp--preset--shadow--natural)\" srcset=\"https:\/\/viajescreativa.com\/wp-content\/uploads\/2024\/08\/5-GASTRONOMICO-ALEMAN.jpg 262w, https:\/\/viajescreativa.com\/wp-content\/uploads\/2024\/08\/5-GASTRONOMICO-ALEMAN-203x300.jpg 203w\" sizes=\"(max-width: 262px) 100vw, 262px\" \/><\/a><figcaption class=\"wp-element-caption\">GENUSSVOLLE              ROUTEN<\/figcaption><\/figure>\n<\/div>\n\n\n\n<div class=\"wp-block-column is-layout-flow wp-block-column-is-layout-flow\">\n<figure class=\"wp-block-image alignfull size-full\"><a href=\"https:\/\/viajescreativa.com\/?page_id=2439\" target=\"_blank\" rel=\"noreferrer noopener\"><img decoding=\"async\" width=\"244\" height=\"361\" src=\"https:\/\/viajescreativa.com\/wp-content\/uploads\/2024\/08\/THEMENREISEN.jpg\" alt=\"\" class=\"wp-image-2154\" style=\"box-shadow:var(--wp--preset--shadow--natural)\" srcset=\"https:\/\/viajescreativa.com\/wp-content\/uploads\/2024\/08\/THEMENREISEN.jpg 244w, https:\/\/viajescreativa.com\/wp-content\/uploads\/2024\/08\/THEMENREISEN-203x300.jpg 203w\" sizes=\"(max-width: 244px) 100vw, 244px\" \/><\/a><figcaption class=\"wp-element-caption\">THEMENREISEN<\/figcaption><\/figure>\n<\/div>\n<\/div>\n<\/div>\n\n\n\n<div class=\"wp-block-column is-layout-flow wp-block-column-is-layout-flow\">\n<div class=\"wp-block-columns is-layout-flex wp-container-core-columns-is-layout-9d6595d7 wp-block-columns-is-layout-flex\">\n<div class=\"wp-block-column is-layout-flow wp-block-column-is-layout-flow\">\n<figure class=\"wp-block-image alignfull size-full\"><a href=\"https:\/\/viajescreativa.com\/?page_id=2299\" target=\"_blank\" rel=\"noreferrer noopener\"><img loading=\"lazy\" decoding=\"async\" width=\"244\" height=\"360\" src=\"https:\/\/viajescreativa.com\/wp-content\/uploads\/2024\/08\/SLOWTRAVEL-1.jpg\" alt=\"\" class=\"wp-image-2165\" style=\"box-shadow:var(--wp--preset--shadow--natural)\" srcset=\"https:\/\/viajescreativa.com\/wp-content\/uploads\/2024\/08\/SLOWTRAVEL-1.jpg 244w, https:\/\/viajescreativa.com\/wp-content\/uploads\/2024\/08\/SLOWTRAVEL-1-203x300.jpg 203w\" sizes=\"(max-width: 244px) 100vw, 244px\" \/><\/a><figcaption class=\"wp-element-caption\">SLOW TRAVEL<\/figcaption><\/figure>\n<\/div>\n\n\n\n<div class=\"wp-block-column is-layout-flow wp-block-column-is-layout-flow\">\n<figure class=\"wp-block-image alignfull size-full\"><a href=\"https:\/\/viajescreativa.com\/?page_id=2477\" target=\"_blank\" rel=\"noreferrer noopener\"><img loading=\"lazy\" decoding=\"async\" width=\"244\" height=\"361\" src=\"https:\/\/viajescreativa.com\/wp-content\/uploads\/2024\/08\/11-BASICOS1-2.jpg\" alt=\"\" class=\"wp-image-2168\" style=\"box-shadow:var(--wp--preset--shadow--natural)\" srcset=\"https:\/\/viajescreativa.com\/wp-content\/uploads\/2024\/08\/11-BASICOS1-2.jpg 244w, https:\/\/viajescreativa.com\/wp-content\/uploads\/2024\/08\/11-BASICOS1-2-203x300.jpg 203w\" sizes=\"(max-width: 244px) 100vw, 244px\" \/><\/a><figcaption class=\"wp-element-caption\">DIE ESSENZ VON ANDALUSIEN<\/figcaption><\/figure>\n<\/div>\n<\/div>\n<\/div>\n\n\n\n<div class=\"wp-block-column is-layout-flow wp-block-column-is-layout-flow\">\n<div class=\"wp-block-columns is-layout-flex wp-container-core-columns-is-layout-9d6595d7 wp-block-columns-is-layout-flex\">\n<div class=\"wp-block-column is-layout-flow wp-block-column-is-layout-flow\">\n<figure class=\"wp-block-image alignfull size-full\"><a href=\"https:\/\/viajescreativa.com\/?page_id=2487\" target=\"_blank\" rel=\"noreferrer noopener\"><img loading=\"lazy\" decoding=\"async\" width=\"628\" height=\"928\" src=\"https:\/\/viajescreativa.com\/wp-content\/uploads\/2024\/08\/21collage2.jpg\" alt=\"\" class=\"wp-image-2170\" style=\"box-shadow:var(--wp--preset--shadow--natural)\" srcset=\"https:\/\/viajescreativa.com\/wp-content\/uploads\/2024\/08\/21collage2.jpg 628w, https:\/\/viajescreativa.com\/wp-content\/uploads\/2024\/08\/21collage2-203x300.jpg 203w\" sizes=\"(max-width: 628px) 100vw, 628px\" \/><\/a><figcaption class=\"wp-element-caption\">NATURREISEN<\/figcaption><\/figure>\n<\/div>\n\n\n\n<div class=\"wp-block-column is-layout-flow wp-block-column-is-layout-flow\">\n<figure class=\"wp-block-image alignfull size-full\"><a href=\"https:\/\/viajescreativa.com\/?page_id=2492\" target=\"_blank\" rel=\"noreferrer noopener\"><img loading=\"lazy\" decoding=\"async\" width=\"244\" height=\"361\" src=\"https:\/\/viajescreativa.com\/wp-content\/uploads\/2024\/08\/31collage3.jpg\" alt=\"\" class=\"wp-image-2171\" style=\"box-shadow:var(--wp--preset--shadow--natural)\" srcset=\"https:\/\/viajescreativa.com\/wp-content\/uploads\/2024\/08\/31collage3.jpg 244w, https:\/\/viajescreativa.com\/wp-content\/uploads\/2024\/08\/31collage3-203x300.jpg 203w\" sizes=\"(max-width: 244px) 100vw, 244px\" \/><\/a><figcaption class=\"wp-element-caption\">KLEINE FLUCHTEN<\/figcaption><\/figure>\n<\/div>\n<\/div>\n<\/div>\n<\/div>\n<\/div><\/div>\n\n\n\n<div class=\"wp-block-cover alignfull is-light\" style=\"min-height:599px;aspect-ratio:unset;\"><img loading=\"lazy\" decoding=\"async\" width=\"1920\" height=\"1920\" class=\"wp-block-cover__image-background wp-image-1729\" alt=\"\" src=\"http:\/\/viajescreativa.com\/wp-content\/uploads\/2024\/07\/collage-caratula-blanco-1.jpg\" data-object-fit=\"cover\" srcset=\"https:\/\/viajescreativa.com\/wp-content\/uploads\/2024\/07\/collage-caratula-blanco-1.jpg 1920w, https:\/\/viajescreativa.com\/wp-content\/uploads\/2024\/07\/collage-caratula-blanco-1-300x300.jpg 300w, https:\/\/viajescreativa.com\/wp-content\/uploads\/2024\/07\/collage-caratula-blanco-1-1024x1024.jpg 1024w, https:\/\/viajescreativa.com\/wp-content\/uploads\/2024\/07\/collage-caratula-blanco-1-150x150.jpg 150w, https:\/\/viajescreativa.com\/wp-content\/uploads\/2024\/07\/collage-caratula-blanco-1-768x768.jpg 768w, https:\/\/viajescreativa.com\/wp-content\/uploads\/2024\/07\/collage-caratula-blanco-1-1536x1536.jpg 1536w\" sizes=\"(max-width: 1920px) 100vw, 1920px\" \/><span aria-hidden=\"true\" class=\"wp-block-cover__background has-ast-global-color-5-background-color has-background-dim-20 has-background-dim\"><\/span><div class=\"wp-block-cover__inner-container is-layout-flow wp-block-cover-is-layout-flow\">\n<p class=\"has-text-align-center has-ast-global-color-5-color has-text-color has-background\" style=\"background-color:#6b95ff;font-size:30px\"><strong><em><a href=\"https:\/\/viajescreativa.com\/?page_id=137\" target=\"_blank\" rel=\"noopener\" title=\"\">Rundreisen<\/a><\/em><\/strong><\/p>\n\n\n\n<div class=\"wp-block-columns is-layout-flex wp-container-core-columns-is-layout-9d6595d7 wp-block-columns-is-layout-flex\">\n<div class=\"wp-block-column is-vertically-aligned-center is-layout-flow wp-block-column-is-layout-flow\">\n<figure class=\"wp-block-image aligncenter size-large\"><a href=\"https:\/\/viajescreativa.com\/?page_id=1013\" target=\"_blank\" rel=\"noreferrer noopener\"><img loading=\"lazy\" decoding=\"async\" width=\"251\" height=\"368\" src=\"https:\/\/viajescreativa.com\/wp-content\/uploads\/2024\/08\/SPIEGELUNGEN-DER-MEERESENGE-VON-GIBRALTAR.jpg\" alt=\"\" class=\"wp-image-1820\" srcset=\"https:\/\/viajescreativa.com\/wp-content\/uploads\/2024\/08\/SPIEGELUNGEN-DER-MEERESENGE-VON-GIBRALTAR.jpg 251w, https:\/\/viajescreativa.com\/wp-content\/uploads\/2024\/08\/SPIEGELUNGEN-DER-MEERESENGE-VON-GIBRALTAR-205x300.jpg 205w\" sizes=\"(max-width: 251px) 100vw, 251px\" \/><\/a><\/figure>\n<\/div>\n\n\n\n<div class=\"wp-block-column is-layout-flow wp-block-column-is-layout-flow\">\n<figure class=\"wp-block-image aligncenter size-full\"><a href=\"https:\/\/viajescreativa.com\/?page_id=939\" target=\"_blank\" rel=\"noreferrer noopener\"><img loading=\"lazy\" decoding=\"async\" width=\"251\" height=\"368\" src=\"http:\/\/viajescreativa.com\/wp-content\/uploads\/2024\/08\/eindrcke-al-andalus-1.jpg\" alt=\"\" class=\"wp-image-1817\" srcset=\"https:\/\/viajescreativa.com\/wp-content\/uploads\/2024\/08\/eindrcke-al-andalus-1.jpg 251w, https:\/\/viajescreativa.com\/wp-content\/uploads\/2024\/08\/eindrcke-al-andalus-1-205x300.jpg 205w\" sizes=\"(max-width: 251px) 100vw, 251px\" \/><\/a><\/figure>\n<\/div>\n\n\n\n<div class=\"wp-block-column is-vertically-aligned-center is-layout-flow wp-block-column-is-layout-flow\">\n<figure class=\"wp-block-image aligncenter size-full\"><a href=\"https:\/\/viajescreativa.com\/?page_id=887\" target=\"_blank\" rel=\"noreferrer noopener\"><img loading=\"lazy\" decoding=\"async\" width=\"251\" height=\"368\" src=\"http:\/\/viajescreativa.com\/wp-content\/uploads\/2024\/08\/Sternfahrten-von-sevilla.jpg\" alt=\"\" class=\"wp-image-1814\" srcset=\"https:\/\/viajescreativa.com\/wp-content\/uploads\/2024\/08\/Sternfahrten-von-sevilla.jpg 251w, https:\/\/viajescreativa.com\/wp-content\/uploads\/2024\/08\/Sternfahrten-von-sevilla-205x300.jpg 205w\" sizes=\"(max-width: 251px) 100vw, 251px\" \/><\/a><\/figure>\n<\/div>\n<\/div>\n\n\n\n<div class=\"wp-block-columns is-layout-flex wp-container-core-columns-is-layout-9d6595d7 wp-block-columns-is-layout-flex\">\n<div class=\"wp-block-column is-layout-flow wp-block-column-is-layout-flow\"><\/div>\n\n\n\n<div class=\"wp-block-column is-layout-flow wp-block-column-is-layout-flow\"><\/div>\n<\/div>\n\n\n\n<div class=\"wp-block-buttons is-content-justification-center is-layout-flex wp-container-core-buttons-is-layout-16018d1d wp-block-buttons-is-layout-flex\">\n<div class=\"wp-block-button is-style-fill\"><a class=\"wp-block-button__link has-ast-global-color-5-color has-text-color has-background wp-element-button\" href=\"https:\/\/viajescreativa.com\/?page_id=137\" style=\"border-radius:52px;background-color:#0047fa\" target=\"_blank\" rel=\"noreferrer noopener\"><strong><em>Mehr Rundreisen&#8230;<\/em><\/strong><\/a><\/div>\n<\/div>\n<\/div><\/div>\n\n\n\n<div class=\"wp-block-columns are-vertically-aligned-center is-layout-flex wp-container-core-columns-is-layout-9d6595d7 wp-block-columns-is-layout-flex\">\n<div class=\"wp-block-column is-vertically-aligned-center has-background is-layout-flow wp-block-column-is-layout-flow\" style=\"background-color:#549dea\">\n<p class=\"has-text-align-center has-white-color has-text-color has-background has-link-color wp-elements-b55d251a08725c50655fd4ea980825ac\" style=\"background-color:#ffffff00;font-size:40px\"><strong><em>Werfe einen Blick auf unseren Blog<\/em><\/strong><\/p>\n<\/div>\n\n\n\n<div class=\"wp-block-column is-vertically-aligned-center is-layout-flow wp-block-column-is-layout-flow\">\n<figure class=\"wp-block-image alignfull size-full\"><a href=\"https:\/\/viajescreativa.com\/?page_id=429\" target=\"_blank\" rel=\"noreferrer noopener\"><img loading=\"lazy\" decoding=\"async\" width=\"593\" height=\"313\" src=\"https:\/\/viajescreativa.com\/wp-content\/uploads\/2024\/08\/capture-20240812-184311-3.png\" alt=\"\" class=\"wp-image-2133\" srcset=\"https:\/\/viajescreativa.com\/wp-content\/uploads\/2024\/08\/capture-20240812-184311-3.png 593w, https:\/\/viajescreativa.com\/wp-content\/uploads\/2024\/08\/capture-20240812-184311-3-300x158.png 300w\" sizes=\"(max-width: 593px) 100vw, 593px\" \/><\/a><\/figure>\n<\/div>\n<\/div>\n\n\n\n<div class=\"wp-block-cover alignfull is-light\" style=\"min-height:670px;aspect-ratio:unset;\"><img loading=\"lazy\" decoding=\"async\" width=\"1920\" height=\"1920\" class=\"wp-block-cover__image-background wp-image-1728\" alt=\"\" src=\"http:\/\/viajescreativa.com\/wp-content\/uploads\/2024\/07\/collage-caratula-blanco.jpg\" data-object-fit=\"cover\" srcset=\"https:\/\/viajescreativa.com\/wp-content\/uploads\/2024\/07\/collage-caratula-blanco.jpg 1920w, https:\/\/viajescreativa.com\/wp-content\/uploads\/2024\/07\/collage-caratula-blanco-300x300.jpg 300w, https:\/\/viajescreativa.com\/wp-content\/uploads\/2024\/07\/collage-caratula-blanco-1024x1024.jpg 1024w, https:\/\/viajescreativa.com\/wp-content\/uploads\/2024\/07\/collage-caratula-blanco-150x150.jpg 150w, https:\/\/viajescreativa.com\/wp-content\/uploads\/2024\/07\/collage-caratula-blanco-768x768.jpg 768w, https:\/\/viajescreativa.com\/wp-content\/uploads\/2024\/07\/collage-caratula-blanco-1536x1536.jpg 1536w\" sizes=\"(max-width: 1920px) 100vw, 1920px\" \/><span aria-hidden=\"true\" class=\"wp-block-cover__background has-ast-global-color-5-background-color has-background-dim-40 has-background-dim\"><\/span><div class=\"wp-block-cover__inner-container is-layout-flow wp-block-cover-is-layout-flow\">\n<p class=\"has-text-align-center has-ast-global-color-5-color has-text-color has-background\" style=\"background-color:#6b95ff;font-size:30px\"><strong><em>Kontakt<\/em><\/strong><\/p>\n\n\n\n<div class=\"wp-block-columns is-layout-flex wp-container-core-columns-is-layout-9d6595d7 wp-block-columns-is-layout-flex\">\n<div class=\"wp-block-column is-layout-flow wp-block-column-is-layout-flow\" style=\"flex-basis:66.66%\"><div class=\"wpforms-container wpforms-block wpforms-block-b7c739dc-21cd-4d31-9d9d-e9ae4bdbe8b1\" id=\"wpforms-6\"><form id=\"wpforms-form-6\" class=\"wpforms-validate wpforms-form\" data-formid=\"6\" method=\"post\" enctype=\"multipart\/form-data\" action=\"\/index.php?rest_route=%2Fwp%2Fv2%2Fpages%2F135\" data-token=\"c35612cd9bbdb79e458c45f686531d57\" data-token-time=\"1778665661\"><noscript class=\"wpforms-error-noscript\">Por favor, activa JavaScript en tu navegador para completar este formulario.<\/noscript><div class=\"wpforms-field-container\"><div id=\"wpforms-6-field_1-container\" class=\"wpforms-field wpforms-field-name\" data-field-id=\"1\"><label class=\"wpforms-field-label\" for=\"wpforms-6-field_1\">Name <span class=\"wpforms-required-label\">*<\/span><\/label><input type=\"text\" id=\"wpforms-6-field_1\" class=\"wpforms-field-medium wpforms-field-required\" name=\"wpforms[fields][1]\" required><\/div><div id=\"wpforms-6-field_2-container\" class=\"wpforms-field wpforms-field-email\" data-field-id=\"2\"><label class=\"wpforms-field-label\" for=\"wpforms-6-field_2\">E-mail <span class=\"wpforms-required-label\">*<\/span><\/label><input type=\"email\" id=\"wpforms-6-field_2\" class=\"wpforms-field-medium wpforms-field-required\" name=\"wpforms[fields][2]\" spellcheck=\"false\" required><\/div><div id=\"wpforms-6-field_4-container\" class=\"wpforms-field wpforms-field-select wpforms-field-select-style-classic\" data-field-id=\"4\"><label class=\"wpforms-field-label\" for=\"wpforms-6-field_4\">Eine Option ausw\u00e4hlen <span class=\"wpforms-required-label\">*<\/span><\/label><select id=\"wpforms-6-field_4\" class=\"wpforms-field-medium wpforms-field-required\" name=\"wpforms[fields][4]\" required=\"required\"><option value=\"Reiseb\u00fcro\"  selected='selected' class=\"choice-1 depth-1\"  >Reiseb\u00fcro<\/option><option value=\"Reisender\"  class=\"choice-2 depth-1\"  >Reisender<\/option><\/select><\/div><div id=\"wpforms-6-field_3-container\" class=\"wpforms-field wpforms-field-textarea\" data-field-id=\"3\"><label class=\"wpforms-field-label\" for=\"wpforms-6-field_3\">Nachricht <span class=\"wpforms-required-label\">*<\/span><\/label><textarea id=\"wpforms-6-field_3\" class=\"wpforms-field-medium wpforms-field-required\" name=\"wpforms[fields][3]\" required><\/textarea><\/div><\/div><!-- .wpforms-field-container --><div class=\"wpforms-submit-container\" ><input type=\"hidden\" name=\"wpforms[id]\" value=\"6\"><input type=\"hidden\" name=\"page_title\" value=\"\"><input type=\"hidden\" name=\"page_url\" value=\"https:\/\/viajescreativa.com\/index.php?rest_route=\/wp\/v2\/pages\/135\"><input type=\"hidden\" name=\"url_referer\" value=\"\"><button type=\"submit\" name=\"wpforms[submit]\" id=\"wpforms-submit-6\" class=\"wpforms-submit\" data-alt-text=\"Sending...\" data-submit-text=\"Send Message\" aria-live=\"assertive\" value=\"wpforms-submit\">Send Message<\/button><\/div><\/form><\/div>  <!-- .wpforms-container --><\/div>\n\n\n\n<div class=\"wp-block-column is-vertically-aligned-center is-layout-flow wp-block-column-is-layout-flow\" style=\"flex-basis:33.33%\">\n<div class=\"wp-block-columns is-layout-flex wp-container-core-columns-is-layout-9d6595d7 wp-block-columns-is-layout-flex\">\n<div class=\"wp-block-column is-layout-flow wp-block-column-is-layout-flow\">\n<div class=\"wp-block-columns is-layout-flex wp-container-core-columns-is-layout-9d6595d7 wp-block-columns-is-layout-flex\">\n<div class=\"wp-block-column is-layout-flow wp-block-column-is-layout-flow\">\n<figure class=\"wp-block-image aligncenter size-large is-resized is-style-rounded\"><a href=\"https:\/\/www.instagram.com\/viajes_creativa\/\"><img loading=\"lazy\" decoding=\"async\" width=\"1024\" height=\"1024\" src=\"http:\/\/viajescreativa.com\/wp-content\/uploads\/2024\/07\/instagram-insta-instagram-logo-3814080-1024x1024.png\" alt=\"instagram, insta, instagram logo-3814080.jpg\" class=\"wp-image-1719\" style=\"width:60px\" srcset=\"https:\/\/viajescreativa.com\/wp-content\/uploads\/2024\/07\/instagram-insta-instagram-logo-3814080-1024x1024.png 1024w, https:\/\/viajescreativa.com\/wp-content\/uploads\/2024\/07\/instagram-insta-instagram-logo-3814080-300x300.png 300w, https:\/\/viajescreativa.com\/wp-content\/uploads\/2024\/07\/instagram-insta-instagram-logo-3814080-150x150.png 150w, https:\/\/viajescreativa.com\/wp-content\/uploads\/2024\/07\/instagram-insta-instagram-logo-3814080-768x768.png 768w, https:\/\/viajescreativa.com\/wp-content\/uploads\/2024\/07\/instagram-insta-instagram-logo-3814080.png 1280w\" sizes=\"(max-width: 1024px) 100vw, 1024px\" \/><\/a><\/figure>\n<\/div>\n\n\n\n<div class=\"wp-block-column is-layout-flow wp-block-column-is-layout-flow\">\n<figure class=\"wp-block-image aligncenter size-large is-resized is-style-rounded\"><a href=\"https:\/\/www.facebook.com\/creativaviajes\/?locale=es_LA\"><img loading=\"lazy\" decoding=\"async\" width=\"1024\" height=\"1024\" src=\"http:\/\/viajescreativa.com\/wp-content\/uploads\/2024\/07\/facebook-logo-social-network-770688-1024x1024.png\" alt=\"facebook, logo, social network-770688.jpg\" class=\"wp-image-1720\" style=\"width:60px\" srcset=\"https:\/\/viajescreativa.com\/wp-content\/uploads\/2024\/07\/facebook-logo-social-network-770688-1024x1024.png 1024w, https:\/\/viajescreativa.com\/wp-content\/uploads\/2024\/07\/facebook-logo-social-network-770688-300x300.png 300w, https:\/\/viajescreativa.com\/wp-content\/uploads\/2024\/07\/facebook-logo-social-network-770688-150x150.png 150w, https:\/\/viajescreativa.com\/wp-content\/uploads\/2024\/07\/facebook-logo-social-network-770688-768x768.png 768w, https:\/\/viajescreativa.com\/wp-content\/uploads\/2024\/07\/facebook-logo-social-network-770688.png 1280w\" sizes=\"(max-width: 1024px) 100vw, 1024px\" \/><\/a><\/figure>\n<\/div>\n\n\n\n<div class=\"wp-block-column is-layout-flow wp-block-column-is-layout-flow\">\n<figure class=\"wp-block-image aligncenter size-large is-resized\"><a href=\"https:\/\/www.youtube.com\/@viajescreativa9268\"><img loading=\"lazy\" decoding=\"async\" width=\"1024\" height=\"1024\" src=\"http:\/\/viajescreativa.com\/wp-content\/uploads\/2024\/07\/play-begin-video-2398749-1024x1024.png\" alt=\"play, begin, video-2398749.jpg\" class=\"wp-image-1722\" style=\"width:60px\" srcset=\"https:\/\/viajescreativa.com\/wp-content\/uploads\/2024\/07\/play-begin-video-2398749-1024x1024.png 1024w, https:\/\/viajescreativa.com\/wp-content\/uploads\/2024\/07\/play-begin-video-2398749-300x300.png 300w, https:\/\/viajescreativa.com\/wp-content\/uploads\/2024\/07\/play-begin-video-2398749-150x150.png 150w, https:\/\/viajescreativa.com\/wp-content\/uploads\/2024\/07\/play-begin-video-2398749-768x768.png 768w, https:\/\/viajescreativa.com\/wp-content\/uploads\/2024\/07\/play-begin-video-2398749.png 1280w\" sizes=\"(max-width: 1024px) 100vw, 1024px\" \/><\/a><\/figure>\n<\/div>\n<\/div>\n<\/div>\n<\/div>\n<\/div>\n<\/div>\n\n\n\n<div class=\"wp-block-columns is-layout-flex wp-container-core-columns-is-layout-9d6595d7 wp-block-columns-is-layout-flex\">\n<div class=\"wp-block-column is-layout-flow wp-block-column-is-layout-flow\"><\/div>\n\n\n\n<div class=\"wp-block-column is-layout-flow wp-block-column-is-layout-flow\"><\/div>\n<\/div>\n<\/div><\/div>\n","protected":false},"excerpt":{"rendered":"<p>Werfe einen Blick auf unseren Blog<\/p>\n","protected":false},"author":1,"featured_media":1665,"parent":0,"menu_order":0,"comment_status":"closed","ping_status":"closed","template":"","meta":{"om_disable_all_campaigns":false,"_monsterinsights_skip_tracking":false,"_monsterinsights_sitenote_active":false,"_monsterinsights_sitenote_note":"","_monsterinsights_sitenote_category":0,"site-sidebar-layout":"no-sidebar","site-content-layout":"plain-container","ast-main-header-display":"","ast-hfb-above-header-display":"","ast-hfb-below-header-display":"","ast-hfb-mobile-header-display":"","site-post-title":"disabled","ast-breadcrumbs-content":"","ast-featured-img":"disabled","footer-sml-layout":"","theme-transparent-header-meta":"enabled","adv-header-id-meta":"","stick-header-meta":"","header-above-stick-meta":"","header-main-stick-meta":"","header-below-stick-meta":"","footnotes":""},"class_list":["post-135","page","type-page","status-publish","has-post-thumbnail","hentry"],"aioseo_notices":[],"_links":{"self":[{"href":"https:\/\/viajescreativa.com\/index.php?rest_route=\/wp\/v2\/pages\/135","targetHints":{"allow":["GET"]}}],"collection":[{"href":"https:\/\/viajescreativa.com\/index.php?rest_route=\/wp\/v2\/pages"}],"about":[{"href":"https:\/\/viajescreativa.com\/index.php?rest_route=\/wp\/v2\/types\/page"}],"author":[{"embeddable":true,"href":"https:\/\/viajescreativa.com\/index.php?rest_route=\/wp\/v2\/users\/1"}],"replies":[{"embeddable":true,"href":"https:\/\/viajescreativa.com\/index.php?rest_route=%2Fwp%2Fv2%2Fcomments&post=135"}],"version-history":[{"count":174,"href":"https:\/\/viajescreativa.com\/index.php?rest_route=\/wp\/v2\/pages\/135\/revisions"}],"predecessor-version":[{"id":2568,"href":"https:\/\/viajescreativa.com\/index.php?rest_route=\/wp\/v2\/pages\/135\/revisions\/2568"}],"wp:featuredmedia":[{"embeddable":true,"href":"https:\/\/viajescreativa.com\/index.php?rest_route=\/wp\/v2\/media\/1665"}],"wp:attachment":[{"href":"https:\/\/viajescreativa.com\/index.php?rest_route=%2Fwp%2Fv2%2Fmedia&parent=135"}],"curies":[{"name":"wp","href":"https:\/\/api.w.org\/{rel}","templated":true}]}}