{"id":1934,"date":"2024-08-13T11:27:22","date_gmt":"2024-08-13T11:27:22","guid":{"rendered":"https:\/\/viajescreativa.com\/?page_id=1934"},"modified":"2024-11-01T10:47:33","modified_gmt":"2024-11-01T10:47:33","slug":"sternfahrten-in-andalusien","status":"publish","type":"page","link":"https:\/\/viajescreativa.com\/?page_id=1934","title":{"rendered":"GENUSSVOLLE ROUTEN IN SEVILLA"},"content":{"rendered":"\n<figure class=\"wp-block-image size-full\"><img fetchpriority=\"high\" decoding=\"async\" width=\"1920\" height=\"349\" src=\"https:\/\/viajescreativa.com\/wp-content\/uploads\/2024\/08\/GENUSSVOLLE-ROUTEN-IN-SEVILLA-aljarafe.png\" alt=\"\" class=\"wp-image-2183\" srcset=\"https:\/\/viajescreativa.com\/wp-content\/uploads\/2024\/08\/GENUSSVOLLE-ROUTEN-IN-SEVILLA-aljarafe.png 1920w, https:\/\/viajescreativa.com\/wp-content\/uploads\/2024\/08\/GENUSSVOLLE-ROUTEN-IN-SEVILLA-aljarafe-300x55.png 300w, https:\/\/viajescreativa.com\/wp-content\/uploads\/2024\/08\/GENUSSVOLLE-ROUTEN-IN-SEVILLA-aljarafe-1024x186.png 1024w, https:\/\/viajescreativa.com\/wp-content\/uploads\/2024\/08\/GENUSSVOLLE-ROUTEN-IN-SEVILLA-aljarafe-768x140.png 768w, https:\/\/viajescreativa.com\/wp-content\/uploads\/2024\/08\/GENUSSVOLLE-ROUTEN-IN-SEVILLA-aljarafe-1536x279.png 1536w\" sizes=\"(max-width: 1920px) 100vw, 1920px\" \/><\/figure>\n\n\n\n<div class=\"wp-block-columns is-layout-flex wp-container-core-columns-is-layout-9d6595d7 wp-block-columns-is-layout-flex\">\n<div class=\"wp-block-column is-layout-flow wp-block-column-is-layout-flow\">\n<p><\/p>\n\n\n\n<p class=\"has-vivid-red-color has-white-background-color has-text-color has-background has-link-color wp-elements-f1e9b1e555ea0aee154dcb9f6b040668\" style=\"font-size:22px\"><strong><em>HIGHLIGHTS<\/em><\/strong><\/p>\n\n\n\n<ul class=\"wp-block-list\">\n<li><strong><em>Besichtigung von Sevilla, einer UNESCO Weltkulturerbe-Stadt&nbsp;<\/em><\/strong><\/li>\n\n\n\n<li><strong><em>Kulinarischen Erlebnisse&nbsp;<\/em><\/strong><\/li>\n\n\n\n<li><strong><em>Erlebnis des besten Flamenco der Stadt&nbsp;<\/em><\/strong><\/li>\n<\/ul>\n<\/div>\n\n\n\n<div class=\"wp-block-column is-layout-flow wp-block-column-is-layout-flow\">\n<figure class=\"wp-block-image aligncenter size-full is-resized\"><img decoding=\"async\" width=\"700\" height=\"467\" src=\"https:\/\/viajescreativa.com\/wp-content\/uploads\/2024\/08\/000-sevilla.jpg\" alt=\"\" class=\"wp-image-2184\" style=\"width:400px;height:auto\" srcset=\"https:\/\/viajescreativa.com\/wp-content\/uploads\/2024\/08\/000-sevilla.jpg 700w, https:\/\/viajescreativa.com\/wp-content\/uploads\/2024\/08\/000-sevilla-300x200.jpg 300w\" sizes=\"(max-width: 700px) 100vw, 700px\" \/><\/figure>\n<\/div>\n<\/div>\n\n\n\n<p class=\"has-white-background-color has-background\">Wir glauben daran, eine Stadt auf lockere und unterhaltsame Weise kennenzulernen, um ihre Essenz und Lebensrhythmus zu sp\u00fcren. In Sevilla werdet Ihr werdet die Geschichte der Stadt entdecken, ihre kulinarischen K\u00f6stlichkeiten in kleinen Gruppen genie\u00dfen und die Leidenschaft des Flamenco erleben. Wir haben diese Routen durch Sevilla und ihre Provinz so konzipiert, dass ihr euch vom Charme der Stadt bezaubern lassen k\u00f6nnt.&nbsp;&nbsp;Taucht ein in das einzigartige Flair von Sevilla! Freut euch auf eine 4-t\u00e4gige unvergessliche Entdeckungsreise in die Hauptstadt Andalusiens!<\/p>\n\n\n\n<figure class=\"wp-block-gallery aligncenter has-nested-images columns-default is-cropped wp-block-gallery-1 is-layout-flex wp-block-gallery-is-layout-flex\">\n<figure class=\"wp-block-image aligncenter size-full\"><img decoding=\"async\" width=\"1280\" height=\"400\" data-id=\"2185\" src=\"https:\/\/viajescreativa.com\/wp-content\/uploads\/2024\/08\/2-SLOW-TRAVEL.jpg\" alt=\"\" class=\"wp-image-2185\" srcset=\"https:\/\/viajescreativa.com\/wp-content\/uploads\/2024\/08\/2-SLOW-TRAVEL.jpg 1280w, https:\/\/viajescreativa.com\/wp-content\/uploads\/2024\/08\/2-SLOW-TRAVEL-300x94.jpg 300w, https:\/\/viajescreativa.com\/wp-content\/uploads\/2024\/08\/2-SLOW-TRAVEL-1024x320.jpg 1024w, https:\/\/viajescreativa.com\/wp-content\/uploads\/2024\/08\/2-SLOW-TRAVEL-768x240.jpg 768w\" sizes=\"(max-width: 1280px) 100vw, 1280px\" \/><\/figure>\n<\/figure>\n\n\n\n<div class=\"wp-block-group is-layout-constrained wp-block-group-is-layout-constrained\"><div class=\"wp-block-group__inner-container\">\n<p class=\"has-white-background-color has-background\">Innerhalb von vier Tagen werden Sie die Stadt Sevilla in vollen Z\u00fcgen genie\u00dfen und durch die malerischen Gassen des historischen Zentrums Spazieren, wo Sie die reiche Geschichte dieser faszinierenden Stadt entdecken werden. Sie werden die vielf\u00e4ltige Gastronomie mit ihren k\u00f6stlichen Tapas erkunden und die lebendige Atmosph\u00e4re in den Bars der Stadt erleben. Zudem werden Sie den besonderen Charme der Region Aljarafe entdecken, die sich westlich der Stadt auf einem langgezogenen Landstreifen zwischen den Ausl\u00e4ufern der Sierra Morena und der M\u00fcndung des Flusses Guadalquivir erstreckt. Der Name Aljarafe stammt aus dem Arabischen und bedeutet \u201e<em>Aussichtsh\u00fcgel<\/em>\u201c. Die verschiedenen Kulturen, die sich im Laufe der Jahrhunderte in Sevilla niedergelassen haben, haben auch in Aljarafe ihre Spuren hinterlassen: von den pr\u00e4historischen Dolmen \u00fcber die r\u00f6mische Epoche mit der beeindruckenden Stadt It\u00e1lica, die islamische Zeit mit dem Cuatrovitas-Turm bis hin zur Entdeckung der Neuen Welt, dem Barock und der Gegenwart. In all diesen Epochen war Aljarafe aufgrund seines fruchtbaren und hochwertigen Bodens die Kornkammer Sevillas und lieferte exquisiten Wein, erstklassiges Oliven\u00f6l und andere hochwertige Produkte. Diese Reise beginnt und endet mit der Verkostung der besten lokalen K\u00fcche in einer gastfreundlichen Atmosph\u00e4re, sodass Sie mit einem unvergesslichen Geschmackserlebnis im Gep\u00e4ck nach Hause zur\u00fcckkehren.<\/p>\n<\/div><\/div>\n\n\n\n<div class=\"wp-block-columns is-layout-flex wp-container-core-columns-is-layout-9d6595d7 wp-block-columns-is-layout-flex\">\n<div class=\"wp-block-column is-layout-flow wp-block-column-is-layout-flow\">\n<div class=\"wp-block-group has-white-background-color has-background is-layout-constrained wp-block-group-is-layout-constrained\"><div class=\"wp-block-group__inner-container\">\n<p><strong>REISEVERLAUF:<\/strong><\/p>\n\n\n\n<p><strong>Tag 1: Willkommen in Sevilla!&nbsp;<\/strong><\/p>\n\n\n\n<p>Ankunft in Sevilla, der pulsierenden Hauptstadt Andalusiens. Nach dem Check-in im Stadthotel haben Sie Zeit zur freien Verf\u00fcgung, um erste Eindr\u00fccke der Stadt zu sammeln. Am Nachmittag treffen Sie sich in der Hotellobby mit Ihrem Reiseveranstalter, um das Programm f\u00fcr die kommenden Tage zu besprechen. Anschlie\u00dfend erleben Sie eine Tapas-Tour durch die lebhaften Stra\u00dfen der Stadt, bei der Sie den pulsierenden Lebensstil Sevillas hautnah erleben. R\u00fcckkehr zum Hotel zu Fu\u00df.&nbsp;<\/p>\n\n\n\n<p><strong>Tag 2: Sevilla<\/strong><\/p>\n\n\n\n<p>Nach dem Fr\u00fchst\u00fcck im Hotel werden Sie von Ihrem Stadtf\u00fchrer abgeholt, um die Stadtbesichtigung zu unternehmen. Sie spazieren durch das malerische Viertel Santa Cruz und besuchen die beeindruckende Kathedrale von Sevilla, ein Meisterwerk der Gotik. Anschlie\u00dfend haben Sie etwas Freizeit, um die Stadt auf eigene Faust zu erkunden. Danach treffen Sie Ihren Stadtf\u00fchrer wieder zur Besichtigung des Flamenco-Tanzmuseums, wo Sie eine mitrei\u00dfende Vorf\u00fchrung erleben werden. Der Tag wird mit einem genussvollen Abendessen abgerundet, bevor Sie gem\u00fctlich zum Hotel zur\u00fcckkehren.<\/p>\n\n\n\n<p><strong>Tag 3: Ausflug nach Aljarafe<\/strong><\/p>\n\n\n\n<p>Nach dem Fr\u00fchst\u00fcck brechen Sie mit Ihrem Reiseleiter zu einem Ausflug in die Region Aljarafe auf. Sie besuchen die arch\u00e4ologische St\u00e4tte von Italica, die am Stadtrand von Sevilla liegt. Im Anschluss daran steht eine Besichtigung einer traditionellen Weinkellerei in Aljarafe auf dem Programm, wo Sie die Weine der Region verkosten. Das Mittagessen genie\u00dfen Sie in einem Restaurant in Aljarafe, das Ihnen die lokalen Spezialit\u00e4ten n\u00e4herbringt. Auf der R\u00fcckfahrt nach Sevilla machen Sie einen Stopp an der beeindruckenden Plaza de Espa\u00f1a. Am Abend erwartet Sie eine Bootsfahrt zum Sonnenuntergang, gefolgt von einem entspannten Spaziergang durch das Viertel Triana und einem abschlie\u00dfenden Abendessen. Die R\u00fcckkehr zum Hotel erfolgt entweder zu Fu\u00df oder optional per Taxi.<\/p>\n\n\n\n<p><strong>Tag 4: Hasta Pronto!&nbsp;<\/strong><\/p>\n\n\n\n<p>Fr\u00fchst\u00fcck im Hotel<\/p>\n<\/div><\/div>\n<\/div>\n\n\n\n<div class=\"wp-block-column is-layout-flow wp-block-column-is-layout-flow\">\n<div class=\"wp-block-group is-layout-constrained wp-block-group-is-layout-constrained\"><div class=\"wp-block-group__inner-container\">\n<p><strong>INBEGRIFFENE LEISTUNGEN:<\/strong><\/p>\n\n\n\n<ul class=\"wp-block-list\">\n<li>Unterbringung in einem 3\/4-Sterne-Hotel in der Stadt Sevilla mit Fr\u00fchst\u00fcck&nbsp;<\/li>\n\n\n\n<li>Reiseleitung f\u00fcr alle Aktivit\u00e4ten&nbsp;<\/li>\n\n\n\n<li>\u00d6rtlicher Stadtf\u00fchrer f\u00fcr die Stadtbesichtigung von Sevilla<\/li>\n\n\n\n<li>Flamenco- Show&nbsp;<\/li>\n\n\n\n<li>Eintrittsgelder f\u00fcr Monumente: Kathedrale, Flamenco-Tanzmuseum, It\u00e1lica<\/li>\n\n\n\n<li>Speisen:&nbsp;<\/li>\n\n\n\n<li>Tag 1: Tapas-Tour&nbsp;<\/li>\n\n\n\n<li>Tag 2: Abendessen&nbsp;<\/li>\n\n\n\n<li>Tag 3: Mittagessen und Abendessen&nbsp;<\/li>\n\n\n\n<li>Ausflug Tag 3: klimatisierter Reisebus, Reiseleiter, Besuch von Alcal\u00e1 und Carmona, Besuch einer Oliven\u00f6lm\u00fchle&nbsp;<\/li>\n\n\n\n<li>Audiosystem&nbsp;&nbsp;<\/li>\n\n\n\n<li>Reiseversicherung<\/li>\n<\/ul>\n\n\n\n<p class=\"has-text-align-left has-black-color has-text-color has-link-color wp-elements-b2e9c03597182b69ccbce2034a0ece57\"><strong>NICHT INBEGRIFFEN<\/strong><\/p>\n\n\n\n<ul class=\"wp-block-list\">\n<li>Internationale und nationale Fl\u00fcge&nbsp;<\/li>\n\n\n\n<li>Flughafengeb\u00fchren&nbsp;<\/li>\n\n\n\n<li>Visum, falls erforderlich&nbsp;<\/li>\n\n\n\n<li>Trinkgelder&nbsp;<\/li>\n\n\n\n<li>Gep\u00e4cktr\u00e4gerdienst&nbsp;<\/li>\n\n\n\n<li>Eintrittsgelder f\u00fcr Sehensw\u00fcrdigkeiten, die nicht ausdr\u00fccklich im Programm aufgef\u00fchrt sind&nbsp;<\/li>\n\n\n\n<li>Alle sonstigen Dienstleistungen, die nicht ausdr\u00fccklich im Programm aufgef\u00fchrt sind<\/li>\n<\/ul>\n\n\n\n<div class=\"wp-block-group has-white-background-color has-background is-layout-constrained wp-block-group-is-layout-constrained\"><div class=\"wp-block-group__inner-container\">\n<figure class=\"wp-block-image aligncenter size-full is-resized\"><img loading=\"lazy\" decoding=\"async\" width=\"600\" height=\"900\" src=\"https:\/\/viajescreativa.com\/wp-content\/uploads\/2024\/08\/000-setas.jpg\" alt=\"\" class=\"wp-image-2186\" style=\"width:328px;height:auto\" srcset=\"https:\/\/viajescreativa.com\/wp-content\/uploads\/2024\/08\/000-setas.jpg 600w, https:\/\/viajescreativa.com\/wp-content\/uploads\/2024\/08\/000-setas-200x300.jpg 200w\" sizes=\"(max-width: 600px) 100vw, 600px\" \/><\/figure>\n<\/div><\/div>\n<\/div><\/div>\n<\/div>\n<\/div>\n\n\n\n<div class=\"wp-block-cover alignfull is-light\" style=\"min-height:548px;aspect-ratio:unset;\"><span aria-hidden=\"true\" class=\"wp-block-cover__background has-ast-global-color-5-background-color has-background-dim-20 has-background-dim\"><\/span><img loading=\"lazy\" decoding=\"async\" width=\"1920\" height=\"1920\" class=\"wp-block-cover__image-background wp-image-1729\" alt=\"\" src=\"https:\/\/viajescreativa.com\/wp-content\/uploads\/2024\/07\/collage-caratula-blanco-1.jpg\" data-object-fit=\"cover\" srcset=\"https:\/\/viajescreativa.com\/wp-content\/uploads\/2024\/07\/collage-caratula-blanco-1.jpg 1920w, https:\/\/viajescreativa.com\/wp-content\/uploads\/2024\/07\/collage-caratula-blanco-1-300x300.jpg 300w, https:\/\/viajescreativa.com\/wp-content\/uploads\/2024\/07\/collage-caratula-blanco-1-1024x1024.jpg 1024w, https:\/\/viajescreativa.com\/wp-content\/uploads\/2024\/07\/collage-caratula-blanco-1-150x150.jpg 150w, https:\/\/viajescreativa.com\/wp-content\/uploads\/2024\/07\/collage-caratula-blanco-1-768x768.jpg 768w, https:\/\/viajescreativa.com\/wp-content\/uploads\/2024\/07\/collage-caratula-blanco-1-1536x1536.jpg 1536w\" sizes=\"(max-width: 1920px) 100vw, 1920px\" \/><div class=\"wp-block-cover__inner-container is-layout-flow wp-block-cover-is-layout-flow\">\n<div class=\"wp-block-columns is-layout-flex wp-container-core-columns-is-layout-9d6595d7 wp-block-columns-is-layout-flex\">\n<div class=\"wp-block-column is-layout-flow wp-block-column-is-layout-flow\">\n<div class=\"wp-block-columns is-layout-flex wp-container-core-columns-is-layout-9d6595d7 wp-block-columns-is-layout-flex\">\n<div class=\"wp-block-column is-layout-flow wp-block-column-is-layout-flow\">\n<figure class=\"wp-block-image alignfull size-full\"><a href=\"https:\/\/viajescreativa.com\/?page_id=2210\" target=\"_blank\" rel=\"noreferrer noopener\"><img loading=\"lazy\" decoding=\"async\" width=\"262\" height=\"387\" src=\"https:\/\/viajescreativa.com\/wp-content\/uploads\/2024\/08\/5-GASTRONOMICO-ALEMAN.jpg\" alt=\"\" class=\"wp-image-2153\" style=\"box-shadow:var(--wp--preset--shadow--natural)\" srcset=\"https:\/\/viajescreativa.com\/wp-content\/uploads\/2024\/08\/5-GASTRONOMICO-ALEMAN.jpg 262w, https:\/\/viajescreativa.com\/wp-content\/uploads\/2024\/08\/5-GASTRONOMICO-ALEMAN-203x300.jpg 203w\" sizes=\"(max-width: 262px) 100vw, 262px\" \/><\/a><figcaption class=\"wp-element-caption\">GENUSSVOLLE              ROUTEN<\/figcaption><\/figure>\n<\/div>\n\n\n\n<div class=\"wp-block-column is-layout-flow wp-block-column-is-layout-flow\">\n<figure class=\"wp-block-image alignfull size-full\"><a href=\"https:\/\/viajescreativa.com\/?page_id=2439\" target=\"_blank\" rel=\"noreferrer noopener\"><img loading=\"lazy\" decoding=\"async\" width=\"244\" height=\"361\" src=\"https:\/\/viajescreativa.com\/wp-content\/uploads\/2024\/08\/THEMENREISEN.jpg\" alt=\"\" class=\"wp-image-2154\" style=\"box-shadow:var(--wp--preset--shadow--natural)\" srcset=\"https:\/\/viajescreativa.com\/wp-content\/uploads\/2024\/08\/THEMENREISEN.jpg 244w, https:\/\/viajescreativa.com\/wp-content\/uploads\/2024\/08\/THEMENREISEN-203x300.jpg 203w\" sizes=\"(max-width: 244px) 100vw, 244px\" \/><\/a><figcaption class=\"wp-element-caption\">THEMENREISEN<\/figcaption><\/figure>\n<\/div>\n<\/div>\n<\/div>\n\n\n\n<div class=\"wp-block-column is-layout-flow wp-block-column-is-layout-flow\">\n<div class=\"wp-block-columns is-layout-flex wp-container-core-columns-is-layout-9d6595d7 wp-block-columns-is-layout-flex\">\n<div class=\"wp-block-column is-layout-flow wp-block-column-is-layout-flow\">\n<figure class=\"wp-block-image alignfull size-full\"><a href=\"https:\/\/viajescreativa.com\/?page_id=2299\" target=\"_blank\" rel=\"noreferrer noopener\"><img loading=\"lazy\" decoding=\"async\" width=\"244\" height=\"360\" src=\"https:\/\/viajescreativa.com\/wp-content\/uploads\/2024\/08\/SLOWTRAVEL-1.jpg\" alt=\"\" class=\"wp-image-2165\" style=\"box-shadow:var(--wp--preset--shadow--natural)\" srcset=\"https:\/\/viajescreativa.com\/wp-content\/uploads\/2024\/08\/SLOWTRAVEL-1.jpg 244w, https:\/\/viajescreativa.com\/wp-content\/uploads\/2024\/08\/SLOWTRAVEL-1-203x300.jpg 203w\" sizes=\"(max-width: 244px) 100vw, 244px\" \/><\/a><figcaption class=\"wp-element-caption\">SLOW TRAVEL<\/figcaption><\/figure>\n<\/div>\n\n\n\n<div class=\"wp-block-column is-layout-flow wp-block-column-is-layout-flow\">\n<figure class=\"wp-block-image alignfull size-full\"><a href=\"https:\/\/viajescreativa.com\/?page_id=2477\" target=\"_blank\" rel=\"noreferrer noopener\"><img loading=\"lazy\" decoding=\"async\" width=\"244\" height=\"361\" src=\"https:\/\/viajescreativa.com\/wp-content\/uploads\/2024\/08\/11-BASICOS1-2.jpg\" alt=\"\" class=\"wp-image-2168\" style=\"box-shadow:var(--wp--preset--shadow--natural)\" srcset=\"https:\/\/viajescreativa.com\/wp-content\/uploads\/2024\/08\/11-BASICOS1-2.jpg 244w, https:\/\/viajescreativa.com\/wp-content\/uploads\/2024\/08\/11-BASICOS1-2-203x300.jpg 203w\" sizes=\"(max-width: 244px) 100vw, 244px\" \/><\/a><figcaption class=\"wp-element-caption\">DIE ESSENZ VON ANDALUSIEN<\/figcaption><\/figure>\n<\/div>\n<\/div>\n<\/div>\n\n\n\n<div class=\"wp-block-column is-layout-flow wp-block-column-is-layout-flow\">\n<div class=\"wp-block-columns is-layout-flex wp-container-core-columns-is-layout-9d6595d7 wp-block-columns-is-layout-flex\">\n<div class=\"wp-block-column is-layout-flow wp-block-column-is-layout-flow\">\n<figure class=\"wp-block-image alignfull size-full\"><a href=\"https:\/\/viajescreativa.com\/?page_id=2487\" target=\"_blank\" rel=\"noreferrer noopener\"><img loading=\"lazy\" decoding=\"async\" width=\"628\" height=\"928\" src=\"https:\/\/viajescreativa.com\/wp-content\/uploads\/2024\/08\/21collage2.jpg\" alt=\"\" class=\"wp-image-2170\" style=\"box-shadow:var(--wp--preset--shadow--natural)\" srcset=\"https:\/\/viajescreativa.com\/wp-content\/uploads\/2024\/08\/21collage2.jpg 628w, https:\/\/viajescreativa.com\/wp-content\/uploads\/2024\/08\/21collage2-203x300.jpg 203w\" sizes=\"(max-width: 628px) 100vw, 628px\" \/><\/a><figcaption class=\"wp-element-caption\">NATURREISEN<\/figcaption><\/figure>\n<\/div>\n\n\n\n<div class=\"wp-block-column is-layout-flow wp-block-column-is-layout-flow\">\n<figure class=\"wp-block-image alignfull size-full\"><a href=\"https:\/\/viajescreativa.com\/?page_id=2492\" target=\"_blank\" rel=\"noreferrer noopener\"><img loading=\"lazy\" decoding=\"async\" width=\"244\" height=\"361\" src=\"https:\/\/viajescreativa.com\/wp-content\/uploads\/2024\/08\/31collage3.jpg\" alt=\"\" class=\"wp-image-2171\" style=\"box-shadow:var(--wp--preset--shadow--natural)\" srcset=\"https:\/\/viajescreativa.com\/wp-content\/uploads\/2024\/08\/31collage3.jpg 244w, https:\/\/viajescreativa.com\/wp-content\/uploads\/2024\/08\/31collage3-203x300.jpg 203w\" sizes=\"(max-width: 244px) 100vw, 244px\" \/><\/a><figcaption class=\"wp-element-caption\">KLEINE FLUCHTEN<\/figcaption><\/figure>\n<\/div>\n<\/div>\n<\/div>\n<\/div>\n<\/div><\/div>\n\n\n\n<div class=\"wp-block-columns is-layout-flex wp-container-core-columns-is-layout-9d6595d7 wp-block-columns-is-layout-flex\">\n<div class=\"wp-block-column is-layout-flow wp-block-column-is-layout-flow\"><div class=\"wpforms-container wpforms-block wpforms-block-1c9e3381-be90-44ba-9792-bb009a08ef66\" id=\"wpforms-6\"><form id=\"wpforms-form-6\" class=\"wpforms-validate wpforms-form\" data-formid=\"6\" method=\"post\" enctype=\"multipart\/form-data\" action=\"\/index.php?rest_route=%2Fwp%2Fv2%2Fpages%2F1934\" data-token=\"b1d2213821b5bfb3e5c7fa45a3a11f39\" data-token-time=\"1777472841\"><noscript class=\"wpforms-error-noscript\">Por favor, activa JavaScript en tu navegador para completar este formulario.<\/noscript><div class=\"wpforms-field-container\"><div id=\"wpforms-6-field_1-container\" class=\"wpforms-field wpforms-field-name\" data-field-id=\"1\"><label class=\"wpforms-field-label\" for=\"wpforms-6-field_1\">Name <span class=\"wpforms-required-label\">*<\/span><\/label><input type=\"text\" id=\"wpforms-6-field_1\" class=\"wpforms-field-medium wpforms-field-required\" name=\"wpforms[fields][1]\" required><\/div><div id=\"wpforms-6-field_2-container\" class=\"wpforms-field wpforms-field-email\" data-field-id=\"2\"><label class=\"wpforms-field-label\" for=\"wpforms-6-field_2\">E-mail <span class=\"wpforms-required-label\">*<\/span><\/label><input type=\"email\" id=\"wpforms-6-field_2\" class=\"wpforms-field-medium wpforms-field-required\" name=\"wpforms[fields][2]\" spellcheck=\"false\" required><\/div><div id=\"wpforms-6-field_4-container\" class=\"wpforms-field wpforms-field-select wpforms-field-select-style-classic\" data-field-id=\"4\"><label class=\"wpforms-field-label\" for=\"wpforms-6-field_4\">Eine Option ausw\u00e4hlen <span class=\"wpforms-required-label\">*<\/span><\/label><select id=\"wpforms-6-field_4\" class=\"wpforms-field-medium wpforms-field-required\" name=\"wpforms[fields][4]\" required=\"required\"><option value=\"Reiseb\u00fcro\"  selected='selected' class=\"choice-1 depth-1\"  >Reiseb\u00fcro<\/option><option value=\"Reisender\"  class=\"choice-2 depth-1\"  >Reisender<\/option><\/select><\/div><div id=\"wpforms-6-field_3-container\" class=\"wpforms-field wpforms-field-textarea\" data-field-id=\"3\"><label class=\"wpforms-field-label\" for=\"wpforms-6-field_3\">Nachricht <span class=\"wpforms-required-label\">*<\/span><\/label><textarea id=\"wpforms-6-field_3\" class=\"wpforms-field-medium wpforms-field-required\" name=\"wpforms[fields][3]\" required><\/textarea><\/div><\/div><!-- .wpforms-field-container --><div class=\"wpforms-submit-container\" ><input type=\"hidden\" name=\"wpforms[id]\" value=\"6\"><input type=\"hidden\" name=\"page_title\" value=\"\"><input type=\"hidden\" name=\"page_url\" value=\"https:\/\/viajescreativa.com\/index.php?rest_route=\/wp\/v2\/pages\/1934\"><input type=\"hidden\" name=\"url_referer\" value=\"\"><button type=\"submit\" name=\"wpforms[submit]\" id=\"wpforms-submit-6\" class=\"wpforms-submit\" data-alt-text=\"Sending...\" data-submit-text=\"Send Message\" aria-live=\"assertive\" value=\"wpforms-submit\">Send Message<\/button><\/div><\/form><\/div>  <!-- .wpforms-container --><\/div>\n\n\n\n<div class=\"wp-block-column is-layout-flow wp-block-column-is-layout-flow\">\n<p class=\"has-ast-global-color-5-color has-text-color has-background has-link-color wp-elements-aafbe019a0c69dc9e941247c6acbdfce\" style=\"background-color:#8383f8;font-size:26px\"><strong><em>Werfe einen Blick auf unseren Blog<\/em><\/strong><\/p>\n\n\n\n<figure class=\"wp-block-image aligncenter size-full\"><a href=\"https:\/\/www.viajescreativa.net\/blog.php\" target=\"_blank\" rel=\"noreferrer noopener\"><img loading=\"lazy\" decoding=\"async\" width=\"593\" height=\"313\" src=\"https:\/\/viajescreativa.com\/wp-content\/uploads\/2024\/08\/capture-20240812-184311.png\" alt=\"\" class=\"wp-image-1885\" srcset=\"https:\/\/viajescreativa.com\/wp-content\/uploads\/2024\/08\/capture-20240812-184311.png 593w, https:\/\/viajescreativa.com\/wp-content\/uploads\/2024\/08\/capture-20240812-184311-300x158.png 300w\" sizes=\"(max-width: 593px) 100vw, 593px\" \/><\/a><\/figure>\n<\/div>\n<\/div>\n","protected":false},"excerpt":{"rendered":"<p>HIGHLIGHTS Wir glauben daran, eine Stadt auf lockere und unterhaltsame Weise kennenzulernen, um ihre Essenz und Lebensrhythmus zu sp\u00fcren. In Sevilla werdet Ihr werdet die Geschichte der Stadt entdecken, ihre kulinarischen K\u00f6stlichkeiten in kleinen Gruppen genie\u00dfen und die Leidenschaft des Flamenco erleben. Wir haben diese Routen durch Sevilla und ihre Provinz so konzipiert, dass ihr &hellip;<\/p>\n<p class=\"read-more\"> <a class=\"\" href=\"https:\/\/viajescreativa.com\/?page_id=1934\"> <span class=\"screen-reader-text\">GENUSSVOLLE ROUTEN IN SEVILLA<\/span> Leer m\u00e1s &raquo;<\/a><\/p>\n","protected":false},"author":1,"featured_media":0,"parent":0,"menu_order":0,"comment_status":"closed","ping_status":"closed","template":"elementor_header_footer","meta":{"om_disable_all_campaigns":false,"_monsterinsights_skip_tracking":false,"_monsterinsights_sitenote_active":false,"_monsterinsights_sitenote_note":"","_monsterinsights_sitenote_category":0,"site-sidebar-layout":"default","site-content-layout":"default","ast-main-header-display":"","ast-hfb-above-header-display":"","ast-hfb-below-header-display":"","ast-hfb-mobile-header-display":"","site-post-title":"","ast-breadcrumbs-content":"","ast-featured-img":"","footer-sml-layout":"","theme-transparent-header-meta":"","adv-header-id-meta":"","stick-header-meta":"","header-above-stick-meta":"","header-main-stick-meta":"","header-below-stick-meta":"","footnotes":""},"class_list":["post-1934","page","type-page","status-publish","hentry"],"aioseo_notices":[],"_links":{"self":[{"href":"https:\/\/viajescreativa.com\/index.php?rest_route=\/wp\/v2\/pages\/1934","targetHints":{"allow":["GET"]}}],"collection":[{"href":"https:\/\/viajescreativa.com\/index.php?rest_route=\/wp\/v2\/pages"}],"about":[{"href":"https:\/\/viajescreativa.com\/index.php?rest_route=\/wp\/v2\/types\/page"}],"author":[{"embeddable":true,"href":"https:\/\/viajescreativa.com\/index.php?rest_route=\/wp\/v2\/users\/1"}],"replies":[{"embeddable":true,"href":"https:\/\/viajescreativa.com\/index.php?rest_route=%2Fwp%2Fv2%2Fcomments&post=1934"}],"version-history":[{"count":24,"href":"https:\/\/viajescreativa.com\/index.php?rest_route=\/wp\/v2\/pages\/1934\/revisions"}],"predecessor-version":[{"id":2515,"href":"https:\/\/viajescreativa.com\/index.php?rest_route=\/wp\/v2\/pages\/1934\/revisions\/2515"}],"wp:attachment":[{"href":"https:\/\/viajescreativa.com\/index.php?rest_route=%2Fwp%2Fv2%2Fmedia&parent=1934"}],"curies":[{"name":"wp","href":"https:\/\/api.w.org\/{rel}","templated":true}]}}