{"id":2197,"date":"2024-08-20T09:14:33","date_gmt":"2024-08-20T09:14:33","guid":{"rendered":"https:\/\/viajescreativa.com\/?page_id=2197"},"modified":"2024-11-01T10:45:57","modified_gmt":"2024-11-01T10:45:57","slug":"die-geschmacker-von-los-alcores","status":"publish","type":"page","link":"https:\/\/viajescreativa.com\/?page_id=2197","title":{"rendered":"Die Geschm\u00e4cker von Los Alcores"},"content":{"rendered":"\n<figure class=\"wp-block-image alignfull size-full\"><img fetchpriority=\"high\" decoding=\"async\" width=\"1920\" height=\"349\" src=\"https:\/\/viajescreativa.com\/wp-content\/uploads\/2024\/08\/Die-Geschmacker-von-Los-Alcores.png\" alt=\"\" class=\"wp-image-2201\" srcset=\"https:\/\/viajescreativa.com\/wp-content\/uploads\/2024\/08\/Die-Geschmacker-von-Los-Alcores.png 1920w, https:\/\/viajescreativa.com\/wp-content\/uploads\/2024\/08\/Die-Geschmacker-von-Los-Alcores-300x55.png 300w, https:\/\/viajescreativa.com\/wp-content\/uploads\/2024\/08\/Die-Geschmacker-von-Los-Alcores-1024x186.png 1024w, https:\/\/viajescreativa.com\/wp-content\/uploads\/2024\/08\/Die-Geschmacker-von-Los-Alcores-768x140.png 768w, https:\/\/viajescreativa.com\/wp-content\/uploads\/2024\/08\/Die-Geschmacker-von-Los-Alcores-1536x279.png 1536w\" sizes=\"(max-width: 1920px) 100vw, 1920px\" \/><\/figure>\n\n\n\n<div class=\"wp-block-columns is-layout-flex wp-container-core-columns-is-layout-9d6595d7 wp-block-columns-is-layout-flex\">\n<div class=\"wp-block-column is-layout-flow wp-block-column-is-layout-flow\">\n<p><\/p>\n\n\n\n<p class=\"has-vivid-red-color has-white-background-color has-text-color has-background has-link-color wp-elements-f1e9b1e555ea0aee154dcb9f6b040668\" style=\"font-size:22px\"><strong><em>HIGHLIGHTS<\/em><\/strong><\/p>\n\n\n\n<ul class=\"wp-block-list\">\n<li><strong><em>Besichtigung von Sevilla, einer UNESCO Weltkulturerbe-Stadt&nbsp;<\/em><\/strong><\/li>\n\n\n\n<li><strong><em>Kulinarischen Erlebnisse&nbsp;<\/em><\/strong><\/li>\n\n\n\n<li><strong><em>Erlebnis des besten Flamenco der Stadt&nbsp;<\/em><\/strong><\/li>\n<\/ul>\n<\/div>\n\n\n\n<div class=\"wp-block-column is-layout-flow wp-block-column-is-layout-flow\">\n<figure class=\"wp-block-image aligncenter size-full is-resized\"><img decoding=\"async\" width=\"900\" height=\"720\" src=\"https:\/\/viajescreativa.com\/wp-content\/uploads\/2024\/08\/pub-semana-16.jpg\" alt=\"\" class=\"wp-image-2200\" style=\"width:400px;height:auto\" srcset=\"https:\/\/viajescreativa.com\/wp-content\/uploads\/2024\/08\/pub-semana-16.jpg 900w, https:\/\/viajescreativa.com\/wp-content\/uploads\/2024\/08\/pub-semana-16-300x240.jpg 300w, https:\/\/viajescreativa.com\/wp-content\/uploads\/2024\/08\/pub-semana-16-768x614.jpg 768w\" sizes=\"(max-width: 900px) 100vw, 900px\" \/><\/figure>\n<\/div>\n<\/div>\n\n\n\n<p class=\"has-white-background-color has-background\">Wir glauben daran, eine Stadt auf lockere und unterhaltsame Weise kennenzulernen, um ihre Essenz und Lebensrhythmus zu sp\u00fcren. In Sevilla werdet Ihr werdet die Geschichte der Stadt entdecken, ihre kulinarischen K\u00f6stlichkeiten in kleinen Gruppen genie\u00dfen und die Leidenschaft des Flamenco erleben. Wir haben diese Routen durch Sevilla und ihre Provinz so konzipiert, dass ihr euch vom Charme der Stadt bezaubern lassen k\u00f6nnt.&nbsp;&nbsp;Taucht ein in das einzigartige Flair von Sevilla! Freut euch auf eine 4-t\u00e4gige unvergessliche Entdeckungsreise in die Hauptstadt Andalusiens!<\/p>\n\n\n\n<figure class=\"wp-block-gallery aligncenter has-nested-images columns-default is-cropped wp-block-gallery-1 is-layout-flex wp-block-gallery-is-layout-flex\">\n<figure class=\"wp-block-image aligncenter size-full\"><img decoding=\"async\" width=\"1280\" height=\"400\" data-id=\"2198\" src=\"https:\/\/viajescreativa.com\/wp-content\/uploads\/2024\/08\/14collage.jpg\" alt=\"\" class=\"wp-image-2198\" srcset=\"https:\/\/viajescreativa.com\/wp-content\/uploads\/2024\/08\/14collage.jpg 1280w, https:\/\/viajescreativa.com\/wp-content\/uploads\/2024\/08\/14collage-300x94.jpg 300w, https:\/\/viajescreativa.com\/wp-content\/uploads\/2024\/08\/14collage-1024x320.jpg 1024w, https:\/\/viajescreativa.com\/wp-content\/uploads\/2024\/08\/14collage-768x240.jpg 768w\" sizes=\"(max-width: 1280px) 100vw, 1280px\" \/><\/figure>\n<\/figure>\n\n\n\n<div class=\"wp-block-group is-layout-constrained wp-block-group-is-layout-constrained\"><div class=\"wp-block-group__inner-container\">\n<p class=\"has-white-background-color has-background\">Auf dieser 4-t\u00e4gigen Tour entdecken Sie Sevilla auf eine besondere Weise, die Ihnen ausreichend Zeit und Mu\u00dfe l\u00e4sst, die Stadt und ihre Umgebung zu genie\u00dfen. Ihr Aufenthalt bietet Ihnen die Gelegenheit, auch die faszinierende Region Los Alcores zu erkunden, ein Gebiet, das aufgrund seines geologischen Reliefs und seiner reichen Geschichte von gro\u00dfer Bedeutung ist.&nbsp;Zwischen Carmona und Alcal\u00e1 de Guadaira erstreckt sich das kulturelle Erbe von Los Alcores: von Dolmen und ph\u00f6nizischen sowie r\u00f6mischen St\u00e4tten \u00fcber das Erbe von al-Andalus, das sich besonders in den malerischen St\u00e4dten Carmona und Alcal\u00e1 de Guadaira zeigt, bis hin zur Entwicklung dieser St\u00e4dte durch den Einfluss wohlhabender Adelsfamilien. Diese Route wird Sie nicht nur durch den kulturellen Reichtum beeindrucken, sondern auch durch die Sch\u00f6nheit der nat\u00fcrlichen Landschaften und die leckere K\u00fcche, die Sie hier genie\u00dfen k\u00f6nnen.<\/p>\n<\/div><\/div>\n\n\n\n<div class=\"wp-block-columns is-layout-flex wp-container-core-columns-is-layout-9d6595d7 wp-block-columns-is-layout-flex\">\n<div class=\"wp-block-column is-layout-flow wp-block-column-is-layout-flow\">\n<div class=\"wp-block-group has-white-background-color has-background is-layout-constrained wp-block-group-is-layout-constrained\"><div class=\"wp-block-group__inner-container\">\n<p><strong>REISEVERLAUF:<\/strong><\/p>\n\n\n\n<p><strong>Tag 1: Willkommen in Sevilla!<\/strong><\/p>\n\n\n\n<p>Ankunft in Sevilla, die Hauptstadt von Andalusien. Unterbringung im Hotel in der Stadt. Freie Zeit bis zum Termin mit dem Reiseveranstalter an der Hotelrezeption, um das Programm durchzugehen. Zur angegebenen Uhrzeit nimmt der Stadtf\u00fchrer Sie auf einer Tapas-Tour durch Sevilla zum Abendessen mit, um den Rhythmus der Stadt zu sp\u00fcren. R\u00fcckkehr zum Hotel zu Fu\u00df.&nbsp;<\/p>\n\n\n\n<p><strong>Tag 2: Sevilla&nbsp;<\/strong><\/p>\n\n\n\n<p>Fr\u00fchst\u00fcck im Hotel. Der Stadtf\u00fchrer holt Sie am Hotel ab, f\u00fcr die Stadtbesichtigung, bei der Sie durch das Viertel Santa Cruz spazieren und die Kathedrale besuchen. Anschlie\u00dfend haben Sie Zeit zur freien Verf\u00fcgung, bis Sie Ihren Stadtf\u00fchrer wieder treffen, um das Flamenco-Tanzmuseum mit einer Show zu besuchen. Danach werden Sie die lokale K\u00fcche genie\u00dfen, bevor Sie zu Fu\u00df zum Hotel zur\u00fcckkehren.<\/p>\n\n\n\n<p><strong>Tag 3: Los Alcores<\/strong><\/p>\n\n\n\n<p>Fr\u00fchst\u00fcck im Hotel. Abfahrt mit dem Bus und Reiseleitung zum Besuch einer Oliven\u00f6lm\u00fchle, wo Sie in die Geheimnisse der Essenz des Oliven\u00f6ls eintauchen werden. Anschlie\u00dfend Besichtigung von Alcal\u00e1 de Guadaira, ber\u00fchmt f\u00fcr seine Getreidem\u00fchlen entlang des Flusses Guadaira und seine imposante Festung. Mittagessen in Alcal\u00e1 de Guadaira. Anschlie\u00dfend Weiterfahrt nach Carmona, Spaziergang durch die tausendj\u00e4hrige Stadt mit ihrer Stadtmauer und zwei Festungen, die sie verteidigten. R\u00fcckkehr in die Stadt Sevilla. Abschiedsabendessen, das einen guten Geschmack hinterlassen wird.&nbsp;&nbsp;&nbsp;<\/p>\n\n\n\n<p><strong>Tag 4: Hasta Pronto!&nbsp;<\/strong><\/p>\n\n\n\n<p>Fr\u00fchst\u00fcck im Hotel.<\/p>\n<\/div><\/div>\n<\/div>\n\n\n\n<div class=\"wp-block-column is-layout-flow wp-block-column-is-layout-flow\">\n<div class=\"wp-block-group is-layout-constrained wp-block-group-is-layout-constrained\"><div class=\"wp-block-group__inner-container\">\n<p><strong>INBEGRIFFENE LEISTUNGEN:<\/strong><\/p>\n\n\n\n<ul class=\"wp-block-list\">\n<li>3 N\u00e4chte in 3-4 Sterne Hotel in der Stadt mit Fr\u00fchst\u00fcck&nbsp;<\/li>\n\n\n\n<li>Reiseleiter f\u00fcr alle Aktivit\u00e4ten&nbsp;<\/li>\n\n\n\n<li>\u00d6rtlicher Stadtf\u00fchrer in Sevilla&nbsp;<\/li>\n\n\n\n<li>Flamenco- Show&nbsp;<\/li>\n\n\n\n<li>Eintrittsgelder f\u00fcr Monumente: Kathedrale, Flamenco-Tanzmuseum, Festung von Alcal\u00e1, Kirche in Carmona<\/li>\n\n\n\n<li>Besuch der \u00d6lm\u00fchle in Los Alcores&nbsp;<\/li>\n\n\n\n<li>Speisen:&nbsp;<\/li>\n\n\n\n<li>Tag 1: Tapas-Tour&nbsp;<\/li>\n\n\n\n<li>Tag 2: Abendessen&nbsp;<\/li>\n\n\n\n<li>Tag 3: Mittagessen und Abendessen&nbsp;<\/li>\n\n\n\n<li>Ausflug Tag 3: klimatisierter Reisebus, Reiseleiter, Besuch von Alcal\u00e1 und Carmona, Besuch einer Oliven\u00f6lpresse&nbsp;<\/li>\n\n\n\n<li>Audiosystem&nbsp;&nbsp;<\/li>\n\n\n\n<li>Reiseversicherung<\/li>\n<\/ul>\n\n\n\n<p class=\"has-text-align-left has-black-color has-text-color has-link-color wp-elements-b2e9c03597182b69ccbce2034a0ece57\"><strong>NICHT INBEGRIFFEN<\/strong><\/p>\n\n\n\n<ul class=\"wp-block-list\">\n<li>Internationale und nationale Fl\u00fcge&nbsp;<\/li>\n\n\n\n<li>Flughafengeb\u00fchren&nbsp;<\/li>\n\n\n\n<li>Visum, falls erforderlich&nbsp;<\/li>\n\n\n\n<li>Trinkgelder&nbsp;<\/li>\n\n\n\n<li>Gep\u00e4cktr\u00e4gerdienst&nbsp;<\/li>\n\n\n\n<li>Eintrittsgelder, die nicht ausdr\u00fccklich im Programm aufgef\u00fchrt sind&nbsp;<\/li>\n\n\n\n<li>Sonstige, nicht im Programm angegebene Leistungen<\/li>\n<\/ul>\n\n\n\n<div class=\"wp-block-group has-white-background-color has-background is-layout-constrained wp-block-group-is-layout-constrained\"><div class=\"wp-block-group__inner-container\">\n<figure class=\"wp-block-image aligncenter size-full is-resized\"><img loading=\"lazy\" decoding=\"async\" width=\"1467\" height=\"1834\" src=\"https:\/\/viajescreativa.com\/wp-content\/uploads\/2024\/08\/sevilla-1013.jpg\" alt=\"\" class=\"wp-image-2199\" style=\"width:328px;height:auto\" srcset=\"https:\/\/viajescreativa.com\/wp-content\/uploads\/2024\/08\/sevilla-1013.jpg 1467w, https:\/\/viajescreativa.com\/wp-content\/uploads\/2024\/08\/sevilla-1013-240x300.jpg 240w, https:\/\/viajescreativa.com\/wp-content\/uploads\/2024\/08\/sevilla-1013-819x1024.jpg 819w, https:\/\/viajescreativa.com\/wp-content\/uploads\/2024\/08\/sevilla-1013-768x960.jpg 768w, https:\/\/viajescreativa.com\/wp-content\/uploads\/2024\/08\/sevilla-1013-1229x1536.jpg 1229w\" sizes=\"(max-width: 1467px) 100vw, 1467px\" \/><\/figure>\n<\/div><\/div>\n<\/div><\/div>\n<\/div>\n<\/div>\n\n\n\n<div class=\"wp-block-cover alignfull is-light\" style=\"min-height:548px;aspect-ratio:unset;\"><span aria-hidden=\"true\" class=\"wp-block-cover__background has-ast-global-color-5-background-color has-background-dim-20 has-background-dim\"><\/span><img loading=\"lazy\" decoding=\"async\" width=\"1920\" height=\"1920\" class=\"wp-block-cover__image-background wp-image-1729\" alt=\"\" src=\"https:\/\/viajescreativa.com\/wp-content\/uploads\/2024\/07\/collage-caratula-blanco-1.jpg\" data-object-fit=\"cover\" srcset=\"https:\/\/viajescreativa.com\/wp-content\/uploads\/2024\/07\/collage-caratula-blanco-1.jpg 1920w, https:\/\/viajescreativa.com\/wp-content\/uploads\/2024\/07\/collage-caratula-blanco-1-300x300.jpg 300w, https:\/\/viajescreativa.com\/wp-content\/uploads\/2024\/07\/collage-caratula-blanco-1-1024x1024.jpg 1024w, https:\/\/viajescreativa.com\/wp-content\/uploads\/2024\/07\/collage-caratula-blanco-1-150x150.jpg 150w, https:\/\/viajescreativa.com\/wp-content\/uploads\/2024\/07\/collage-caratula-blanco-1-768x768.jpg 768w, https:\/\/viajescreativa.com\/wp-content\/uploads\/2024\/07\/collage-caratula-blanco-1-1536x1536.jpg 1536w\" sizes=\"(max-width: 1920px) 100vw, 1920px\" \/><div class=\"wp-block-cover__inner-container is-layout-flow wp-block-cover-is-layout-flow\">\n<div class=\"wp-block-columns is-layout-flex wp-container-core-columns-is-layout-9d6595d7 wp-block-columns-is-layout-flex\">\n<div class=\"wp-block-column is-layout-flow wp-block-column-is-layout-flow\">\n<div class=\"wp-block-columns is-layout-flex wp-container-core-columns-is-layout-9d6595d7 wp-block-columns-is-layout-flex\">\n<div class=\"wp-block-column is-layout-flow wp-block-column-is-layout-flow\">\n<figure class=\"wp-block-image alignfull size-full\"><a href=\"https:\/\/viajescreativa.com\/?page_id=2210\" target=\"_blank\" rel=\"noreferrer noopener\"><img loading=\"lazy\" decoding=\"async\" width=\"262\" height=\"387\" src=\"https:\/\/viajescreativa.com\/wp-content\/uploads\/2024\/08\/5-GASTRONOMICO-ALEMAN.jpg\" alt=\"\" class=\"wp-image-2153\" style=\"box-shadow:var(--wp--preset--shadow--natural)\" srcset=\"https:\/\/viajescreativa.com\/wp-content\/uploads\/2024\/08\/5-GASTRONOMICO-ALEMAN.jpg 262w, https:\/\/viajescreativa.com\/wp-content\/uploads\/2024\/08\/5-GASTRONOMICO-ALEMAN-203x300.jpg 203w\" sizes=\"(max-width: 262px) 100vw, 262px\" \/><\/a><figcaption class=\"wp-element-caption\">GENUSSVOLLE              ROUTEN<\/figcaption><\/figure>\n<\/div>\n\n\n\n<div class=\"wp-block-column is-layout-flow wp-block-column-is-layout-flow\">\n<figure class=\"wp-block-image alignfull size-full\"><a href=\"https:\/\/viajescreativa.com\/?page_id=2439\" target=\"_blank\" rel=\"noreferrer noopener\"><img loading=\"lazy\" decoding=\"async\" width=\"244\" height=\"361\" src=\"https:\/\/viajescreativa.com\/wp-content\/uploads\/2024\/08\/THEMENREISEN.jpg\" alt=\"\" class=\"wp-image-2154\" style=\"box-shadow:var(--wp--preset--shadow--natural)\" srcset=\"https:\/\/viajescreativa.com\/wp-content\/uploads\/2024\/08\/THEMENREISEN.jpg 244w, https:\/\/viajescreativa.com\/wp-content\/uploads\/2024\/08\/THEMENREISEN-203x300.jpg 203w\" sizes=\"(max-width: 244px) 100vw, 244px\" \/><\/a><figcaption class=\"wp-element-caption\">THEMENREISEN<\/figcaption><\/figure>\n<\/div>\n<\/div>\n<\/div>\n\n\n\n<div class=\"wp-block-column is-layout-flow wp-block-column-is-layout-flow\">\n<div class=\"wp-block-columns is-layout-flex wp-container-core-columns-is-layout-9d6595d7 wp-block-columns-is-layout-flex\">\n<div class=\"wp-block-column is-layout-flow wp-block-column-is-layout-flow\">\n<figure class=\"wp-block-image alignfull size-full\"><a href=\"https:\/\/viajescreativa.com\/?page_id=2299\" target=\"_blank\" rel=\"noreferrer noopener\"><img loading=\"lazy\" decoding=\"async\" width=\"244\" height=\"360\" src=\"https:\/\/viajescreativa.com\/wp-content\/uploads\/2024\/08\/SLOWTRAVEL-1.jpg\" alt=\"\" class=\"wp-image-2165\" style=\"box-shadow:var(--wp--preset--shadow--natural)\" srcset=\"https:\/\/viajescreativa.com\/wp-content\/uploads\/2024\/08\/SLOWTRAVEL-1.jpg 244w, https:\/\/viajescreativa.com\/wp-content\/uploads\/2024\/08\/SLOWTRAVEL-1-203x300.jpg 203w\" sizes=\"(max-width: 244px) 100vw, 244px\" \/><\/a><figcaption class=\"wp-element-caption\">SLOW TRAVEL<\/figcaption><\/figure>\n<\/div>\n\n\n\n<div class=\"wp-block-column is-layout-flow wp-block-column-is-layout-flow\">\n<figure class=\"wp-block-image alignfull size-full\"><a href=\"https:\/\/viajescreativa.com\/?page_id=2477\" target=\"_blank\" rel=\"noreferrer noopener\"><img loading=\"lazy\" decoding=\"async\" width=\"244\" height=\"361\" src=\"https:\/\/viajescreativa.com\/wp-content\/uploads\/2024\/08\/11-BASICOS1-2.jpg\" alt=\"\" class=\"wp-image-2168\" style=\"box-shadow:var(--wp--preset--shadow--natural)\" srcset=\"https:\/\/viajescreativa.com\/wp-content\/uploads\/2024\/08\/11-BASICOS1-2.jpg 244w, https:\/\/viajescreativa.com\/wp-content\/uploads\/2024\/08\/11-BASICOS1-2-203x300.jpg 203w\" sizes=\"(max-width: 244px) 100vw, 244px\" \/><\/a><figcaption class=\"wp-element-caption\">DIE ESSENZ VON ANDALUSIEN<\/figcaption><\/figure>\n<\/div>\n<\/div>\n<\/div>\n\n\n\n<div class=\"wp-block-column is-layout-flow wp-block-column-is-layout-flow\">\n<div class=\"wp-block-columns is-layout-flex wp-container-core-columns-is-layout-9d6595d7 wp-block-columns-is-layout-flex\">\n<div class=\"wp-block-column is-layout-flow wp-block-column-is-layout-flow\">\n<figure class=\"wp-block-image alignfull size-full\"><a href=\"https:\/\/viajescreativa.com\/?page_id=2487\" target=\"_blank\" rel=\"noreferrer noopener\"><img loading=\"lazy\" decoding=\"async\" width=\"628\" height=\"928\" src=\"https:\/\/viajescreativa.com\/wp-content\/uploads\/2024\/08\/21collage2.jpg\" alt=\"\" class=\"wp-image-2170\" style=\"box-shadow:var(--wp--preset--shadow--natural)\" srcset=\"https:\/\/viajescreativa.com\/wp-content\/uploads\/2024\/08\/21collage2.jpg 628w, https:\/\/viajescreativa.com\/wp-content\/uploads\/2024\/08\/21collage2-203x300.jpg 203w\" sizes=\"(max-width: 628px) 100vw, 628px\" \/><\/a><figcaption class=\"wp-element-caption\">NATURREISEN<\/figcaption><\/figure>\n<\/div>\n\n\n\n<div class=\"wp-block-column is-layout-flow wp-block-column-is-layout-flow\">\n<figure class=\"wp-block-image alignfull size-full\"><a href=\"https:\/\/viajescreativa.com\/?page_id=2492\" target=\"_blank\" rel=\"noreferrer noopener\"><img loading=\"lazy\" decoding=\"async\" width=\"244\" height=\"361\" src=\"https:\/\/viajescreativa.com\/wp-content\/uploads\/2024\/08\/31collage3.jpg\" alt=\"\" class=\"wp-image-2171\" style=\"box-shadow:var(--wp--preset--shadow--natural)\" srcset=\"https:\/\/viajescreativa.com\/wp-content\/uploads\/2024\/08\/31collage3.jpg 244w, https:\/\/viajescreativa.com\/wp-content\/uploads\/2024\/08\/31collage3-203x300.jpg 203w\" sizes=\"(max-width: 244px) 100vw, 244px\" \/><\/a><figcaption class=\"wp-element-caption\">KLEINE FLUCHTEN<\/figcaption><\/figure>\n<\/div>\n<\/div>\n<\/div>\n<\/div>\n<\/div><\/div>\n\n\n\n<div class=\"wp-block-columns is-layout-flex wp-container-core-columns-is-layout-9d6595d7 wp-block-columns-is-layout-flex\">\n<div class=\"wp-block-column is-layout-flow wp-block-column-is-layout-flow\"><div class=\"wpforms-container wpforms-block wpforms-block-1c9e3381-be90-44ba-9792-bb009a08ef66\" id=\"wpforms-6\"><form id=\"wpforms-form-6\" class=\"wpforms-validate wpforms-form\" data-formid=\"6\" method=\"post\" enctype=\"multipart\/form-data\" action=\"\/index.php?rest_route=%2Fwp%2Fv2%2Fpages%2F2197\" data-token=\"b1d2213821b5bfb3e5c7fa45a3a11f39\" data-token-time=\"1777472604\"><noscript class=\"wpforms-error-noscript\">Por favor, activa JavaScript en tu navegador para completar este formulario.<\/noscript><div class=\"wpforms-field-container\"><div id=\"wpforms-6-field_1-container\" class=\"wpforms-field wpforms-field-name\" data-field-id=\"1\"><label class=\"wpforms-field-label\" for=\"wpforms-6-field_1\">Name <span class=\"wpforms-required-label\">*<\/span><\/label><input type=\"text\" id=\"wpforms-6-field_1\" class=\"wpforms-field-medium wpforms-field-required\" name=\"wpforms[fields][1]\" required><\/div><div id=\"wpforms-6-field_2-container\" class=\"wpforms-field wpforms-field-email\" data-field-id=\"2\"><label class=\"wpforms-field-label\" for=\"wpforms-6-field_2\">E-mail <span class=\"wpforms-required-label\">*<\/span><\/label><input type=\"email\" id=\"wpforms-6-field_2\" class=\"wpforms-field-medium wpforms-field-required\" name=\"wpforms[fields][2]\" spellcheck=\"false\" required><\/div><div id=\"wpforms-6-field_4-container\" class=\"wpforms-field wpforms-field-select wpforms-field-select-style-classic\" data-field-id=\"4\"><label class=\"wpforms-field-label\" for=\"wpforms-6-field_4\">Eine Option ausw\u00e4hlen <span class=\"wpforms-required-label\">*<\/span><\/label><select id=\"wpforms-6-field_4\" class=\"wpforms-field-medium wpforms-field-required\" name=\"wpforms[fields][4]\" required=\"required\"><option value=\"Reiseb\u00fcro\"  selected='selected' class=\"choice-1 depth-1\"  >Reiseb\u00fcro<\/option><option value=\"Reisender\"  class=\"choice-2 depth-1\"  >Reisender<\/option><\/select><\/div><div id=\"wpforms-6-field_3-container\" class=\"wpforms-field wpforms-field-textarea\" data-field-id=\"3\"><label class=\"wpforms-field-label\" for=\"wpforms-6-field_3\">Nachricht <span class=\"wpforms-required-label\">*<\/span><\/label><textarea id=\"wpforms-6-field_3\" class=\"wpforms-field-medium wpforms-field-required\" name=\"wpforms[fields][3]\" required><\/textarea><\/div><\/div><!-- .wpforms-field-container --><div class=\"wpforms-submit-container\" ><input type=\"hidden\" name=\"wpforms[id]\" value=\"6\"><input type=\"hidden\" name=\"page_title\" value=\"\"><input type=\"hidden\" name=\"page_url\" value=\"https:\/\/viajescreativa.com\/index.php?rest_route=\/wp\/v2\/pages\/2197\"><input type=\"hidden\" name=\"url_referer\" value=\"\"><button type=\"submit\" name=\"wpforms[submit]\" id=\"wpforms-submit-6\" class=\"wpforms-submit\" data-alt-text=\"Sending...\" data-submit-text=\"Send Message\" aria-live=\"assertive\" value=\"wpforms-submit\">Send Message<\/button><\/div><\/form><\/div>  <!-- .wpforms-container --><\/div>\n\n\n\n<div class=\"wp-block-column is-layout-flow wp-block-column-is-layout-flow\">\n<p class=\"has-ast-global-color-5-color has-text-color has-background has-link-color wp-elements-aafbe019a0c69dc9e941247c6acbdfce\" style=\"background-color:#8383f8;font-size:26px\"><strong><em>Werfe einen Blick auf unseren Blog<\/em><\/strong><\/p>\n\n\n\n<figure class=\"wp-block-image aligncenter size-full\"><a href=\"https:\/\/www.viajescreativa.net\/blog.php\" target=\"_blank\" rel=\"noreferrer noopener\"><img loading=\"lazy\" decoding=\"async\" width=\"593\" height=\"313\" src=\"https:\/\/viajescreativa.com\/wp-content\/uploads\/2024\/08\/capture-20240812-184311.png\" alt=\"\" class=\"wp-image-1885\" srcset=\"https:\/\/viajescreativa.com\/wp-content\/uploads\/2024\/08\/capture-20240812-184311.png 593w, https:\/\/viajescreativa.com\/wp-content\/uploads\/2024\/08\/capture-20240812-184311-300x158.png 300w\" sizes=\"(max-width: 593px) 100vw, 593px\" \/><\/a><\/figure>\n<\/div>\n<\/div>\n","protected":false},"excerpt":{"rendered":"<p>HIGHLIGHTS Wir glauben daran, eine Stadt auf lockere und unterhaltsame Weise kennenzulernen, um ihre Essenz und Lebensrhythmus zu sp\u00fcren. In Sevilla werdet Ihr werdet die Geschichte der Stadt entdecken, ihre kulinarischen K\u00f6stlichkeiten in kleinen Gruppen genie\u00dfen und die Leidenschaft des Flamenco erleben. Wir haben diese Routen durch Sevilla und ihre Provinz so konzipiert, dass ihr &hellip;<\/p>\n<p class=\"read-more\"> <a class=\"\" href=\"https:\/\/viajescreativa.com\/?page_id=2197\"> <span class=\"screen-reader-text\">Die Geschm\u00e4cker von Los Alcores<\/span> Leer m\u00e1s &raquo;<\/a><\/p>\n","protected":false},"author":1,"featured_media":0,"parent":0,"menu_order":0,"comment_status":"closed","ping_status":"closed","template":"elementor_header_footer","meta":{"om_disable_all_campaigns":false,"_monsterinsights_skip_tracking":false,"_monsterinsights_sitenote_active":false,"_monsterinsights_sitenote_note":"","_monsterinsights_sitenote_category":0,"site-sidebar-layout":"default","site-content-layout":"default","ast-main-header-display":"","ast-hfb-above-header-display":"","ast-hfb-below-header-display":"","ast-hfb-mobile-header-display":"","site-post-title":"","ast-breadcrumbs-content":"","ast-featured-img":"","footer-sml-layout":"","theme-transparent-header-meta":"","adv-header-id-meta":"","stick-header-meta":"","header-above-stick-meta":"","header-main-stick-meta":"","header-below-stick-meta":"","footnotes":""},"class_list":["post-2197","page","type-page","status-publish","hentry"],"aioseo_notices":[],"_links":{"self":[{"href":"https:\/\/viajescreativa.com\/index.php?rest_route=\/wp\/v2\/pages\/2197","targetHints":{"allow":["GET"]}}],"collection":[{"href":"https:\/\/viajescreativa.com\/index.php?rest_route=\/wp\/v2\/pages"}],"about":[{"href":"https:\/\/viajescreativa.com\/index.php?rest_route=\/wp\/v2\/types\/page"}],"author":[{"embeddable":true,"href":"https:\/\/viajescreativa.com\/index.php?rest_route=\/wp\/v2\/users\/1"}],"replies":[{"embeddable":true,"href":"https:\/\/viajescreativa.com\/index.php?rest_route=%2Fwp%2Fv2%2Fcomments&post=2197"}],"version-history":[{"count":7,"href":"https:\/\/viajescreativa.com\/index.php?rest_route=\/wp\/v2\/pages\/2197\/revisions"}],"predecessor-version":[{"id":2514,"href":"https:\/\/viajescreativa.com\/index.php?rest_route=\/wp\/v2\/pages\/2197\/revisions\/2514"}],"wp:attachment":[{"href":"https:\/\/viajescreativa.com\/index.php?rest_route=%2Fwp%2Fv2%2Fmedia&parent=2197"}],"curies":[{"name":"wp","href":"https:\/\/api.w.org\/{rel}","templated":true}]}}