{"id":623,"date":"2022-04-03T14:17:34","date_gmt":"2022-04-03T14:17:34","guid":{"rendered":"https:\/\/viajescreativa.com\/?page_id=623"},"modified":"2024-11-01T11:05:43","modified_gmt":"2024-11-01T11:05:43","slug":"atlantikkuste-algarve-huelva","status":"publish","type":"page","link":"https:\/\/viajescreativa.com\/?page_id=623","title":{"rendered":"Paradies am Atlantik"},"content":{"rendered":"\n<figure class=\"wp-block-image alignfull size-full\"><img fetchpriority=\"high\" decoding=\"async\" width=\"1920\" height=\"349\" src=\"https:\/\/viajescreativa.com\/wp-content\/uploads\/2024\/08\/Paradies-am-Atlantik.png\" alt=\"\" class=\"wp-image-2083\" srcset=\"https:\/\/viajescreativa.com\/wp-content\/uploads\/2024\/08\/Paradies-am-Atlantik.png 1920w, https:\/\/viajescreativa.com\/wp-content\/uploads\/2024\/08\/Paradies-am-Atlantik-300x55.png 300w, https:\/\/viajescreativa.com\/wp-content\/uploads\/2024\/08\/Paradies-am-Atlantik-1024x186.png 1024w, https:\/\/viajescreativa.com\/wp-content\/uploads\/2024\/08\/Paradies-am-Atlantik-768x140.png 768w, https:\/\/viajescreativa.com\/wp-content\/uploads\/2024\/08\/Paradies-am-Atlantik-1536x279.png 1536w\" sizes=\"(max-width: 1920px) 100vw, 1920px\" \/><\/figure>\n\n\n\n<div class=\"wp-block-columns is-layout-flex wp-container-core-columns-is-layout-9d6595d7 wp-block-columns-is-layout-flex\">\n<div class=\"wp-block-column is-layout-flow wp-block-column-is-layout-flow\">\n<p><\/p>\n\n\n\n<p class=\"has-vivid-red-color has-white-background-color has-text-color has-background has-link-color wp-elements-91332145f1d4e635123e506c9a81db15\" style=\"font-size:22px\"><strong><em>HIGHLIGHTS:<\/em><\/strong><\/p>\n\n\n\n<ul class=\"wp-block-list\">\n<li>Besichtigung von Sevilla, einer Stadt, die zum Weltkulturerbe erkl\u00e4rt wurde.<\/li>\n\n\n\n<li>Ausflug nach Silves, einer charmanten Stadt im Hinterland der Algarve <\/li>\n\n\n\n<li> Katamaran-Erlebnis&nbsp;<\/li>\n<\/ul>\n<\/div>\n\n\n\n<div class=\"wp-block-column is-layout-flow wp-block-column-is-layout-flow\">\n<figure class=\"wp-block-image aligncenter size-full\"><img decoding=\"async\" width=\"400\" height=\"308\" src=\"https:\/\/viajescreativa.com\/wp-content\/uploads\/2024\/08\/mapa-algarve-HUELVA.jpg-2.jpg\" alt=\"\" class=\"wp-image-2078\" srcset=\"https:\/\/viajescreativa.com\/wp-content\/uploads\/2024\/08\/mapa-algarve-HUELVA.jpg-2.jpg 400w, https:\/\/viajescreativa.com\/wp-content\/uploads\/2024\/08\/mapa-algarve-HUELVA.jpg-2-300x231.jpg 300w\" sizes=\"(max-width: 400px) 100vw, 400px\" \/><\/figure>\n<\/div>\n<\/div>\n\n\n\n<p class=\"has-white-background-color has-background\">Lass Dich sich auf diese faszinierende Reise ein, die Dich von den sch\u00f6nsten Str\u00e4nden der Algarve in Portugal \u00fcber die Grenze zu den goldenen Str\u00e4nden von Huelva in S\u00fcdspanien f\u00fchrt.<\/p>\n\n\n\n<figure class=\"wp-block-gallery aligncenter has-nested-images columns-default is-cropped wp-block-gallery-1 is-layout-flex wp-block-gallery-is-layout-flex\">\n<figure class=\"wp-block-image alignfull size-full\"><img decoding=\"async\" width=\"900\" height=\"300\" data-id=\"2079\" src=\"https:\/\/viajescreativa.com\/wp-content\/uploads\/2024\/08\/paraiso-atlantico-2.jpg\" alt=\"\" class=\"wp-image-2079\" srcset=\"https:\/\/viajescreativa.com\/wp-content\/uploads\/2024\/08\/paraiso-atlantico-2.jpg 900w, https:\/\/viajescreativa.com\/wp-content\/uploads\/2024\/08\/paraiso-atlantico-2-300x100.jpg 300w, https:\/\/viajescreativa.com\/wp-content\/uploads\/2024\/08\/paraiso-atlantico-2-768x256.jpg 768w\" sizes=\"(max-width: 900px) 100vw, 900px\" \/><\/figure>\n<\/figure>\n\n\n\n<div class=\"wp-block-group is-layout-constrained wp-block-group-is-layout-constrained\"><div class=\"wp-block-group__inner-container\">\n<p class=\"has-white-background-color has-background\">Das Abenteuer der Reise beginnt in Faro, die Hauptstadt der Algarve und ihr \u00fcbernachtet in Portimao, eine moderne K\u00fcstenstadt mit einem herrlichen Strand und vielen Orten, wo man leckere Fischgerichte mit lokalem Wein genie\u00dfen kann. W\u00e4hrend dieser Tage erlebt ihr unter anderen, eine unterhaltsame Fahrt auf einem Katamaran, der zwischen den Felsformationen der K\u00fcste segelt. Ihr werdet die sch\u00f6ne Stadt Silves entdecken, die sich zwischen den H\u00fcgeln im Landesinneren der Algarve befindet. Ein Spaziergang durch die steilen Kopfsteinpflasterstra\u00dfen f\u00fchrt Sie zur mittelalterlichen Festung, der gr\u00f6\u00dften Portugals. Diese Route f\u00fchrt Euch nach Spanien, wo ihr die Grenze \u00fcber den Guadiana \u00fcberqueren, den Fluss, der die nat\u00fcrliche Grenze zwischen den beiden L\u00e4ndern bildet. Es erwarten Euch die traumhaften Str\u00e4nde von Huelva mit ihrem feinen, goldenen Sand. Ihr \u00fcbernachtet in einem Hotel an der K\u00fcste, um den Atlantischen Ozean und die fantastischen Sonnenunterg\u00e4nge zu genie\u00dfen. Ein Besuch in Sevilla konnte auf dieser Reise nicht fehlen! Die Hauptstadt Andalusiens, wo ihr staunen werdet von der gr\u00f6\u00dften gotischen Kathedrale der Welt. Ihr werdet auch Niebla aufsuchen, eine mittelalterliche Stadt, die ihre Mauer mit Toren und T\u00fcrmen intakt bewahrt hat und als eine der am besten erhaltenen in Spanien gilt.&nbsp; Wenn man an der K\u00fcste von Huelva ist, ist ein Besuch des Franziskanerklosters La R\u00e1bida, in dem Christoph Kolumbus bei der Entwicklung seiner Pl\u00e4ne f\u00fcr die Fahrt in die Neue Welt lebte, fast ein Muss. Es ist eine Enklave, die eng mit den Seefahrern und Konquistadoren verbunden ist. Wir haben diese Atlantikroute so konzipiert, dass ihr die M\u00f6glichkeit habt, abzuschalten und sowohl Strandtage und kulturelle Ausfl\u00fcge als auch die lokale K\u00fcche zu genie\u00dfen. Wir hoffen, dass ihr mit einem Koffer voller sch\u00f6ner Erinnerungen und erlebnisreicher Momente nach Hause zur\u00fcckkehren.<\/p>\n<\/div><\/div>\n\n\n\n<div class=\"wp-block-columns is-layout-flex wp-container-core-columns-is-layout-9d6595d7 wp-block-columns-is-layout-flex\">\n<div class=\"wp-block-column is-layout-flow wp-block-column-is-layout-flow\">\n<div class=\"wp-block-group has-white-background-color has-background is-layout-constrained wp-block-group-is-layout-constrained\"><div class=\"wp-block-group__inner-container\">\n<p><strong>REISEVERLAUF:<\/strong><\/p>\n\n\n\n<p><strong>Tag 1: Willkommen an der Algarve!<\/strong><\/p>\n\n\n\n<p>Ankunft am Flughafen Faro. Abendessen frei und \u00dcbernachtung im Hotel in Portimao.<\/p>\n\n\n\n<p><strong>Tag 2: Portimao<\/strong><\/p>\n\n\n\n<p>Fr\u00fchst\u00fcck im Hotel. Katamaran-Erlebnis! Sie machen eine angenehme Bootsfahrt durch die H\u00f6hlen von Albufeira und gemeinsames Mittagessen. Der Nachmittag steht Ihnen zur freien Verf\u00fcgung. Abendessen frei und \u00dcbernachtung im Hotel in Portimao.<\/p>\n\n\n\n<p><strong>Tag 3: Ausflug nach Silves<\/strong><\/p>\n\n\n\n<p>Fr\u00fchst\u00fcck im Hotel und Abfahrt mit dem Bus nach Silves. Ihr Reiseleiter begleitet Sie durch die Altstadt bis zur Festung und erz\u00e4hlt Ihnen ihre faszinierende Geschichte. Sie haben Zeit zur freien Verf\u00fcgung. R\u00fcckfahrt nach Portimao. Abendessen zur freien Verf\u00fcgung und \u00dcbernachtung im Hotel in Portimao.<\/p>\n\n\n\n<p><strong>Tag 4: Portimao &#8211; Huelva<\/strong><\/p>\n\n\n\n<p>Fr\u00fchst\u00fcck im Hotel und Abfahrt nach Spanien. Ein Zwischenstopp auf dem Weg. \u00dcbernachtung in einem Hotel an der K\u00fcste von Huelva, Abendessen und \u00dcbernachtung im Hotel.<\/p>\n\n\n\n<p><strong>Tag 5: Ausflug nach Sevilla<\/strong><\/p>\n\n\n\n<p>Fr\u00fchst\u00fcck und Abfahrt mit dem Bus nach Sevilla. Stadtbesichtigung mit \u00f6rtlicher Stadtf\u00fchrung mit Kathedrale und Spaziergang durch das Viertel Santa Cruz. Auf dem R\u00fcckweg Zwischenstopp in Niebla, um die Stadt zu erkunden. Abendessen und \u00dcbernachtung im Hotel.<\/p>\n\n\n\n<p><strong>Tag 6: Besichtigung des Klosters La R\u00e1bida<\/strong><\/p>\n\n\n\n<p>Fr\u00fchst\u00fcck im Hotel und Abfahrt zur Besichtigung des Klosters La R\u00e1bida in einer Reiseleitung. Gemeinsames Mittagessen und R\u00fcckkehr zum Hotel. Abendessen und \u00dcbernachtung im Hotel.<\/p>\n\n\n\n<p><strong>Tag 7: Hasta Pronto!<\/strong><\/p>\n\n\n\n<p>Fr\u00fchst\u00fcck und Abfahrt zum Flughafen von Faro.<\/p>\n\n\n\n<p><strong>HINWEIS:<\/strong> Wenn Sie Ihren Aufenthalt im Hotel verl\u00e4ngern m\u00f6chten, um den Strand zu genie\u00dfen, setzen Sie sich bitte mit uns in Verbindung.<\/p>\n<\/div><\/div>\n<\/div>\n\n\n\n<div class=\"wp-block-column is-layout-flow wp-block-column-is-layout-flow\">\n<div class=\"wp-block-group is-layout-constrained wp-block-group-is-layout-constrained\"><div class=\"wp-block-group__inner-container\">\n<p><strong>INBEGRIFFENE LEISTUNGEN:<\/strong><\/p>\n\n\n\n<ul class=\"wp-block-list\">\n<li>4-Sterne-Hotel in Portimao mit Fr\u00fchst\u00fcck<\/li>\n\n\n\n<li>4-Sterne-Hotel an der K\u00fcste von Huelva mit Halbpension<\/li>\n\n\n\n<li>Moderner, klimatisierter Bus auf allen Strecken<\/li>\n\n\n\n<li>Deutschsprechender Reiseleiter auf allen Strecken<\/li>\n\n\n\n<li>Deutschsprechende \u00d6rtliche Stadtf\u00fchrer in Sevilla und Niebla &nbsp;<\/li>\n\n\n\n<li>Eintrittsgelder f\u00fcr die Denkm\u00e4ler:<\/li>\n\n\n\n<li>Silves: Castelo<\/li>\n\n\n\n<li>Sevilla: Kathedrale<\/li>\n\n\n\n<li>Huelva: Kloster La R\u00e1bida<\/li>\n\n\n\n<li>Erlebnisse:<\/li>\n\n\n\n<li>Katamaranfahrt in Albufeira<\/li>\n\n\n\n<li>2 x gemeinsames Mittagessen in Portimao und La R\u00e1bida<\/li>\n\n\n\n<li>Audiosystem &nbsp;<\/li>\n\n\n\n<li>Reiseversicherung<\/li>\n<\/ul>\n\n\n\n<p><strong>HINWEIS<\/strong>: Bitte befragen Sie unsere Transferservices vom Flughafen Faro zum Hotel in Portimao und vom Hotel an der K\u00fcste von Huelva zum Flughafen Faro.<\/p>\n\n\n\n<p class=\"has-text-align-left has-black-color has-text-color has-link-color wp-elements-b2e9c03597182b69ccbce2034a0ece57\"><strong>NICHT INBEGRIFFEN<\/strong><\/p>\n\n\n\n<ul class=\"wp-block-list\">\n<li>Internationale und nationale Fl\u00fcge<\/li>\n\n\n\n<li>Flughafengeb\u00fchren<\/li>\n\n\n\n<li>Visum, falls erforderlich<\/li>\n\n\n\n<li>Transferservices<\/li>\n\n\n\n<li>Trinkgelder<\/li>\n\n\n\n<li>Eintrittsgelder f\u00fcr Denkm\u00e4ler, die nicht ausdr\u00fccklich im Programm aufgef\u00fchrt sind<\/li>\n\n\n\n<li>Alle anderen Dienstleistungen, die nicht ausdr\u00fccklich im Programm angegeben sind<\/li>\n<\/ul>\n\n\n\n<div class=\"wp-block-group has-white-background-color has-background is-layout-constrained wp-block-group-is-layout-constrained\"><div class=\"wp-block-group__inner-container\">\n<figure class=\"wp-block-image aligncenter size-large is-resized\"><img loading=\"lazy\" decoding=\"async\" width=\"1024\" height=\"683\" src=\"https:\/\/viajescreativa.com\/wp-content\/uploads\/2024\/08\/la-rabida-9633-1024x683.jpg\" alt=\"\" class=\"wp-image-2081\" style=\"width:420px\" srcset=\"https:\/\/viajescreativa.com\/wp-content\/uploads\/2024\/08\/la-rabida-9633-1024x683.jpg 1024w, https:\/\/viajescreativa.com\/wp-content\/uploads\/2024\/08\/la-rabida-9633-300x200.jpg 300w, https:\/\/viajescreativa.com\/wp-content\/uploads\/2024\/08\/la-rabida-9633-768x512.jpg 768w, https:\/\/viajescreativa.com\/wp-content\/uploads\/2024\/08\/la-rabida-9633-1536x1025.jpg 1536w, https:\/\/viajescreativa.com\/wp-content\/uploads\/2024\/08\/la-rabida-9633-2048x1366.jpg 2048w\" sizes=\"(max-width: 1024px) 100vw, 1024px\" \/><\/figure>\n<\/div><\/div>\n<\/div><\/div>\n<\/div>\n<\/div>\n\n\n\n<div class=\"wp-block-cover alignfull is-light\" style=\"min-height:548px;aspect-ratio:unset;\"><span aria-hidden=\"true\" class=\"wp-block-cover__background has-ast-global-color-5-background-color has-background-dim-20 has-background-dim\"><\/span><img loading=\"lazy\" decoding=\"async\" width=\"1920\" height=\"1920\" class=\"wp-block-cover__image-background wp-image-1729\" alt=\"\" src=\"https:\/\/viajescreativa.com\/wp-content\/uploads\/2024\/07\/collage-caratula-blanco-1.jpg\" data-object-fit=\"cover\" srcset=\"https:\/\/viajescreativa.com\/wp-content\/uploads\/2024\/07\/collage-caratula-blanco-1.jpg 1920w, https:\/\/viajescreativa.com\/wp-content\/uploads\/2024\/07\/collage-caratula-blanco-1-300x300.jpg 300w, https:\/\/viajescreativa.com\/wp-content\/uploads\/2024\/07\/collage-caratula-blanco-1-1024x1024.jpg 1024w, https:\/\/viajescreativa.com\/wp-content\/uploads\/2024\/07\/collage-caratula-blanco-1-150x150.jpg 150w, https:\/\/viajescreativa.com\/wp-content\/uploads\/2024\/07\/collage-caratula-blanco-1-768x768.jpg 768w, https:\/\/viajescreativa.com\/wp-content\/uploads\/2024\/07\/collage-caratula-blanco-1-1536x1536.jpg 1536w\" sizes=\"(max-width: 1920px) 100vw, 1920px\" \/><div class=\"wp-block-cover__inner-container is-layout-flow wp-block-cover-is-layout-flow\">\n<div class=\"wp-block-columns is-layout-flex wp-container-core-columns-is-layout-9d6595d7 wp-block-columns-is-layout-flex\">\n<div class=\"wp-block-column is-layout-flow wp-block-column-is-layout-flow\">\n<div class=\"wp-block-columns is-layout-flex wp-container-core-columns-is-layout-9d6595d7 wp-block-columns-is-layout-flex\">\n<div class=\"wp-block-column is-layout-flow wp-block-column-is-layout-flow\">\n<figure class=\"wp-block-image alignfull size-full\"><a href=\"https:\/\/viajescreativa.com\/?page_id=2210\" target=\"_blank\" rel=\"noreferrer noopener\"><img loading=\"lazy\" decoding=\"async\" width=\"262\" height=\"387\" src=\"https:\/\/viajescreativa.com\/wp-content\/uploads\/2024\/08\/5-GASTRONOMICO-ALEMAN.jpg\" alt=\"\" class=\"wp-image-2153\" style=\"box-shadow:var(--wp--preset--shadow--natural)\" srcset=\"https:\/\/viajescreativa.com\/wp-content\/uploads\/2024\/08\/5-GASTRONOMICO-ALEMAN.jpg 262w, https:\/\/viajescreativa.com\/wp-content\/uploads\/2024\/08\/5-GASTRONOMICO-ALEMAN-203x300.jpg 203w\" sizes=\"(max-width: 262px) 100vw, 262px\" \/><\/a><figcaption class=\"wp-element-caption\">GENUSSVOLLE              ROUTEN<\/figcaption><\/figure>\n<\/div>\n\n\n\n<div class=\"wp-block-column is-layout-flow wp-block-column-is-layout-flow\">\n<figure class=\"wp-block-image alignfull size-full\"><a href=\"https:\/\/viajescreativa.com\/?page_id=2439\" target=\"_blank\" rel=\"noreferrer noopener\"><img loading=\"lazy\" decoding=\"async\" width=\"244\" height=\"361\" src=\"https:\/\/viajescreativa.com\/wp-content\/uploads\/2024\/08\/THEMENREISEN.jpg\" alt=\"\" class=\"wp-image-2154\" style=\"box-shadow:var(--wp--preset--shadow--natural)\" srcset=\"https:\/\/viajescreativa.com\/wp-content\/uploads\/2024\/08\/THEMENREISEN.jpg 244w, https:\/\/viajescreativa.com\/wp-content\/uploads\/2024\/08\/THEMENREISEN-203x300.jpg 203w\" sizes=\"(max-width: 244px) 100vw, 244px\" \/><\/a><figcaption class=\"wp-element-caption\">THEMENREISEN<\/figcaption><\/figure>\n<\/div>\n<\/div>\n<\/div>\n\n\n\n<div class=\"wp-block-column is-layout-flow wp-block-column-is-layout-flow\">\n<div class=\"wp-block-columns is-layout-flex wp-container-core-columns-is-layout-9d6595d7 wp-block-columns-is-layout-flex\">\n<div class=\"wp-block-column is-layout-flow wp-block-column-is-layout-flow\">\n<figure class=\"wp-block-image alignfull size-full\"><a href=\"https:\/\/viajescreativa.com\/?page_id=2299\" target=\"_blank\" rel=\"noreferrer noopener\"><img loading=\"lazy\" decoding=\"async\" width=\"244\" height=\"360\" src=\"https:\/\/viajescreativa.com\/wp-content\/uploads\/2024\/08\/SLOWTRAVEL-1.jpg\" alt=\"\" class=\"wp-image-2165\" style=\"box-shadow:var(--wp--preset--shadow--natural)\" srcset=\"https:\/\/viajescreativa.com\/wp-content\/uploads\/2024\/08\/SLOWTRAVEL-1.jpg 244w, https:\/\/viajescreativa.com\/wp-content\/uploads\/2024\/08\/SLOWTRAVEL-1-203x300.jpg 203w\" sizes=\"(max-width: 244px) 100vw, 244px\" \/><\/a><figcaption class=\"wp-element-caption\">SLOW TRAVEL<\/figcaption><\/figure>\n<\/div>\n\n\n\n<div class=\"wp-block-column is-layout-flow wp-block-column-is-layout-flow\">\n<figure class=\"wp-block-image alignfull size-full\"><a href=\"https:\/\/viajescreativa.com\/?page_id=2477\" target=\"_blank\" rel=\"noreferrer noopener\"><img loading=\"lazy\" decoding=\"async\" width=\"244\" height=\"361\" src=\"https:\/\/viajescreativa.com\/wp-content\/uploads\/2024\/08\/11-BASICOS1-2.jpg\" alt=\"\" class=\"wp-image-2168\" style=\"box-shadow:var(--wp--preset--shadow--natural)\" srcset=\"https:\/\/viajescreativa.com\/wp-content\/uploads\/2024\/08\/11-BASICOS1-2.jpg 244w, https:\/\/viajescreativa.com\/wp-content\/uploads\/2024\/08\/11-BASICOS1-2-203x300.jpg 203w\" sizes=\"(max-width: 244px) 100vw, 244px\" \/><\/a><figcaption class=\"wp-element-caption\">DIE ESSENZ VON ANDALUSIEN<\/figcaption><\/figure>\n<\/div>\n<\/div>\n<\/div>\n\n\n\n<div class=\"wp-block-column is-layout-flow wp-block-column-is-layout-flow\">\n<div class=\"wp-block-columns is-layout-flex wp-container-core-columns-is-layout-9d6595d7 wp-block-columns-is-layout-flex\">\n<div class=\"wp-block-column is-layout-flow wp-block-column-is-layout-flow\">\n<figure class=\"wp-block-image alignfull size-full\"><a href=\"https:\/\/viajescreativa.com\/?page_id=2487\" target=\"_blank\" rel=\"noreferrer noopener\"><img loading=\"lazy\" decoding=\"async\" width=\"628\" height=\"928\" src=\"https:\/\/viajescreativa.com\/wp-content\/uploads\/2024\/08\/21collage2.jpg\" alt=\"\" class=\"wp-image-2170\" style=\"box-shadow:var(--wp--preset--shadow--natural)\" srcset=\"https:\/\/viajescreativa.com\/wp-content\/uploads\/2024\/08\/21collage2.jpg 628w, https:\/\/viajescreativa.com\/wp-content\/uploads\/2024\/08\/21collage2-203x300.jpg 203w\" sizes=\"(max-width: 628px) 100vw, 628px\" \/><\/a><figcaption class=\"wp-element-caption\">NATURREISEN<\/figcaption><\/figure>\n<\/div>\n\n\n\n<div class=\"wp-block-column is-layout-flow wp-block-column-is-layout-flow\">\n<figure class=\"wp-block-image alignfull size-full\"><a href=\"https:\/\/viajescreativa.com\/?page_id=2492\" target=\"_blank\" rel=\"noreferrer noopener\"><img loading=\"lazy\" decoding=\"async\" width=\"244\" height=\"361\" src=\"https:\/\/viajescreativa.com\/wp-content\/uploads\/2024\/08\/31collage3.jpg\" alt=\"\" class=\"wp-image-2171\" style=\"box-shadow:var(--wp--preset--shadow--natural)\" srcset=\"https:\/\/viajescreativa.com\/wp-content\/uploads\/2024\/08\/31collage3.jpg 244w, https:\/\/viajescreativa.com\/wp-content\/uploads\/2024\/08\/31collage3-203x300.jpg 203w\" sizes=\"(max-width: 244px) 100vw, 244px\" \/><\/a><figcaption class=\"wp-element-caption\">KLEINE FLUCHTEN<\/figcaption><\/figure>\n<\/div>\n<\/div>\n<\/div>\n<\/div>\n<\/div><\/div>\n\n\n\n<div class=\"wp-block-columns is-layout-flex wp-container-core-columns-is-layout-9d6595d7 wp-block-columns-is-layout-flex\">\n<div class=\"wp-block-column is-layout-flow wp-block-column-is-layout-flow\"><div class=\"wpforms-container wpforms-block wpforms-block-1c9e3381-be90-44ba-9792-bb009a08ef66\" id=\"wpforms-6\"><form id=\"wpforms-form-6\" class=\"wpforms-validate wpforms-form\" data-formid=\"6\" method=\"post\" enctype=\"multipart\/form-data\" action=\"\/index.php?rest_route=%2Fwp%2Fv2%2Fpages%2F623\" data-token=\"6345bf94530a6aca5a850cad5c1337c2\" data-token-time=\"1775856708\"><noscript class=\"wpforms-error-noscript\">Por favor, activa JavaScript en tu navegador para completar este formulario.<\/noscript><div class=\"wpforms-field-container\"><div id=\"wpforms-6-field_1-container\" class=\"wpforms-field wpforms-field-name\" data-field-id=\"1\"><label class=\"wpforms-field-label\" for=\"wpforms-6-field_1\">Name <span class=\"wpforms-required-label\">*<\/span><\/label><input type=\"text\" id=\"wpforms-6-field_1\" class=\"wpforms-field-medium wpforms-field-required\" name=\"wpforms[fields][1]\" required><\/div><div id=\"wpforms-6-field_2-container\" class=\"wpforms-field wpforms-field-email\" data-field-id=\"2\"><label class=\"wpforms-field-label\" for=\"wpforms-6-field_2\">E-mail <span class=\"wpforms-required-label\">*<\/span><\/label><input type=\"email\" id=\"wpforms-6-field_2\" class=\"wpforms-field-medium wpforms-field-required\" name=\"wpforms[fields][2]\" spellcheck=\"false\" required><\/div><div id=\"wpforms-6-field_4-container\" class=\"wpforms-field wpforms-field-select wpforms-field-select-style-classic\" data-field-id=\"4\"><label class=\"wpforms-field-label\" for=\"wpforms-6-field_4\">Eine Option ausw\u00e4hlen <span class=\"wpforms-required-label\">*<\/span><\/label><select id=\"wpforms-6-field_4\" class=\"wpforms-field-medium wpforms-field-required\" name=\"wpforms[fields][4]\" required=\"required\"><option value=\"Reiseb\u00fcro\"  selected='selected' class=\"choice-1 depth-1\"  >Reiseb\u00fcro<\/option><option value=\"Reisender\"  class=\"choice-2 depth-1\"  >Reisender<\/option><\/select><\/div><div id=\"wpforms-6-field_3-container\" class=\"wpforms-field wpforms-field-textarea\" data-field-id=\"3\"><label class=\"wpforms-field-label\" for=\"wpforms-6-field_3\">Nachricht <span class=\"wpforms-required-label\">*<\/span><\/label><textarea id=\"wpforms-6-field_3\" class=\"wpforms-field-medium wpforms-field-required\" name=\"wpforms[fields][3]\" required><\/textarea><\/div><\/div><!-- .wpforms-field-container --><div class=\"wpforms-submit-container\" ><input type=\"hidden\" name=\"wpforms[id]\" value=\"6\"><input type=\"hidden\" name=\"page_title\" value=\"\"><input type=\"hidden\" name=\"page_url\" value=\"https:\/\/viajescreativa.com\/index.php?rest_route=\/wp\/v2\/pages\/623\"><input type=\"hidden\" name=\"url_referer\" value=\"\"><button type=\"submit\" name=\"wpforms[submit]\" id=\"wpforms-submit-6\" class=\"wpforms-submit\" data-alt-text=\"Sending...\" data-submit-text=\"Send Message\" aria-live=\"assertive\" value=\"wpforms-submit\">Send Message<\/button><\/div><\/form><\/div>  <!-- .wpforms-container --><\/div>\n\n\n\n<div class=\"wp-block-column is-layout-flow wp-block-column-is-layout-flow\">\n<p class=\"has-ast-global-color-5-color has-text-color has-background has-link-color wp-elements-aafbe019a0c69dc9e941247c6acbdfce\" style=\"background-color:#8383f8;font-size:26px\"><strong><em>Werfe einen Blick auf unseren Blog<\/em><\/strong><\/p>\n\n\n\n<figure class=\"wp-block-image aligncenter size-full\"><a href=\"https:\/\/www.viajescreativa.net\/blog.php\" target=\"_blank\" rel=\"noreferrer noopener\"><img loading=\"lazy\" decoding=\"async\" width=\"593\" height=\"313\" src=\"https:\/\/viajescreativa.com\/wp-content\/uploads\/2024\/08\/capture-20240812-184311.png\" alt=\"\" class=\"wp-image-1885\" srcset=\"https:\/\/viajescreativa.com\/wp-content\/uploads\/2024\/08\/capture-20240812-184311.png 593w, https:\/\/viajescreativa.com\/wp-content\/uploads\/2024\/08\/capture-20240812-184311-300x158.png 300w\" sizes=\"(max-width: 593px) 100vw, 593px\" \/><\/a><\/figure>\n<\/div>\n<\/div>\n","protected":false},"excerpt":{"rendered":"<p>HIGHLIGHTS: Lass Dich sich auf diese faszinierende Reise ein, die Dich von den sch\u00f6nsten Str\u00e4nden der Algarve in Portugal \u00fcber die Grenze zu den goldenen Str\u00e4nden von Huelva in S\u00fcdspanien f\u00fchrt. Das Abenteuer der Reise beginnt in Faro, die Hauptstadt der Algarve und ihr \u00fcbernachtet in Portimao, eine moderne K\u00fcstenstadt mit einem herrlichen Strand und &hellip;<\/p>\n<p class=\"read-more\"> <a class=\"\" href=\"https:\/\/viajescreativa.com\/?page_id=623\"> <span class=\"screen-reader-text\">Paradies am Atlantik<\/span> Leer m\u00e1s &raquo;<\/a><\/p>\n","protected":false},"author":1,"featured_media":0,"parent":0,"menu_order":0,"comment_status":"closed","ping_status":"closed","template":"elementor_header_footer","meta":{"om_disable_all_campaigns":false,"_monsterinsights_skip_tracking":false,"_monsterinsights_sitenote_active":false,"_monsterinsights_sitenote_note":"","_monsterinsights_sitenote_category":0,"site-sidebar-layout":"default","site-content-layout":"default","ast-main-header-display":"","ast-hfb-above-header-display":"","ast-hfb-below-header-display":"","ast-hfb-mobile-header-display":"","site-post-title":"","ast-breadcrumbs-content":"","ast-featured-img":"","footer-sml-layout":"","theme-transparent-header-meta":"","adv-header-id-meta":"","stick-header-meta":"","header-above-stick-meta":"","header-main-stick-meta":"","header-below-stick-meta":"","footnotes":""},"class_list":["post-623","page","type-page","status-publish","hentry"],"aioseo_notices":[],"_links":{"self":[{"href":"https:\/\/viajescreativa.com\/index.php?rest_route=\/wp\/v2\/pages\/623","targetHints":{"allow":["GET"]}}],"collection":[{"href":"https:\/\/viajescreativa.com\/index.php?rest_route=\/wp\/v2\/pages"}],"about":[{"href":"https:\/\/viajescreativa.com\/index.php?rest_route=\/wp\/v2\/types\/page"}],"author":[{"embeddable":true,"href":"https:\/\/viajescreativa.com\/index.php?rest_route=\/wp\/v2\/users\/1"}],"replies":[{"embeddable":true,"href":"https:\/\/viajescreativa.com\/index.php?rest_route=%2Fwp%2Fv2%2Fcomments&post=623"}],"version-history":[{"count":8,"href":"https:\/\/viajescreativa.com\/index.php?rest_route=\/wp\/v2\/pages\/623\/revisions"}],"predecessor-version":[{"id":2527,"href":"https:\/\/viajescreativa.com\/index.php?rest_route=\/wp\/v2\/pages\/623\/revisions\/2527"}],"wp:attachment":[{"href":"https:\/\/viajescreativa.com\/index.php?rest_route=%2Fwp%2Fv2%2Fmedia&parent=623"}],"curies":[{"name":"wp","href":"https:\/\/api.w.org\/{rel}","templated":true}]}}