{"id":773,"date":"2022-05-05T18:19:14","date_gmt":"2022-05-05T18:19:14","guid":{"rendered":"https:\/\/viajescreativa.com\/?page_id=773"},"modified":"2024-08-22T17:12:06","modified_gmt":"2024-08-22T17:12:06","slug":"aviso-legal","status":"publish","type":"page","link":"https:\/\/viajescreativa.com\/?page_id=773","title":{"rendered":"Aviso Legal"},"content":{"rendered":"\n<h1 class=\"wp-block-heading alignfull\" style=\"font-size:34px\">INFORMACI\u00d3N LEGAL<\/h1>\n\n\n\n<p>En cumplimiento con el deber de informaci\u00f3n recogido en art\u00edculo 10 de la Ley 34\/2002, de 11 de julio, de Servicios de la Sociedad de la Informaci\u00f3n y del Comercio Electr\u00f3nico, a continuaci\u00f3n se reflejan los siguientes datos del titular:<\/p>\n\n\n\n<p>Nombre:&nbsp;<strong>SPACIO INFINITO STUDIO S.L.<\/strong>&nbsp;(en adelante&nbsp;<strong>www.viajescreativa.com<\/strong>)<\/p>\n\n\n\n<p>NIF:&nbsp;<strong>B90259987<\/strong><\/p>\n\n\n\n<p>Domicilio social:&nbsp;<strong>URB, JARDIN ATALAYA BL4 3C, CAMAS, SEVILLA, CP 41900<\/strong><\/p>\n\n\n\n<p>Correo electr\u00f3nico:&nbsp;&nbsp;<strong>info@viajescreativa.com<\/strong><\/p>\n\n\n\n<p>Datos Registrales:&nbsp;<strong>Tomo 6176, folio 121, hoja SE-109118<\/strong><\/p>\n\n\n\n<h3 class=\"wp-block-heading\">1. USUARIOS<\/h3>\n\n\n\n<p>El acceso y\/o uso de este portal atribuyen la condici\u00f3n de USUARIO, que acepta, desde dicho acceso, los presentes T\u00e9rminos y Condiciones aqu\u00ed reflejados. Los citados T\u00e9rminos y Condiciones&nbsp; ser\u00e1n de aplicaci\u00f3n independientemente de las Condiciones Generales de Contrataci\u00f3n que en su caso resulten de obligado cumplimiento.&nbsp;<\/p>\n\n\n\n<h3 class=\"wp-block-heading\">2. USO DEL PORTAL<\/h3>\n\n\n\n<p><strong>www.viajescreativa<\/strong>.<strong>com<\/strong>&nbsp;proporcionan el acceso a multitud de informaciones, servicios, contenidos, programas o datos (en adelante, \u201clos contenidos\u201d &nbsp; y\/o \u201clos servicios\u201d) en Internet pertenecientes a&nbsp;<strong>www.viajescreativa.com<\/strong>&nbsp;o a sus licenciantes a los que el USUARIO pueda tener acceso.&nbsp;<\/p>\n\n\n\n<p>El USUARIO asume la responsabilidad del uso del portal. Dicha responsabilidad se extiende al registro que fuese necesario para acceder a determinados servicios o contenidos. En dicho registro el USUARIO ser\u00e1 responsable de aportar informaci\u00f3n veraz y l\u00edcita. Como consecuencia de este registro, al USUARIO se le puede proporcionar una contrase\u00f1a, de la que ser\u00e1 responsable, comprometi\u00e9ndose a hacer un uso diligente y confidencial de la misma. El USUARIO se compromete a hacer un uso adecuado de los contenidos y servicios (como por ejemplo servicios de chat, foros de discusi\u00f3n o grupos de noticias) que&nbsp;<strong>www.viajescreativa.com<\/strong>&nbsp;ofrece a trav\u00e9s de su portal y con car\u00e1cter enunciativo pero no limitativo, a no emplearlos para (i) incurrir en actividades il\u00edcitas, ilegales o contrarias a la buena fe y al orden p\u00fablico; (ii) difundir contenidos o propaganda de car\u00e1cter racista, xen\u00f3fobo, pornogr\u00e1fico-ilegal, de apolog\u00eda del terrorismo o atentatorio contra los derechos humanos; (iii) provocar da\u00f1os en los sistemas f\u00edsicos y l\u00f3gicos de&nbsp;<strong>www.viajescreativa.com<\/strong>&nbsp;, de sus proveedores o de terceras personas, introducir o difundir en la red virus inform\u00e1ticos o cualesquiera otros sistemas f\u00edsicos o l\u00f3gicos que sean susceptibles de provocar los da\u00f1os anteriormente mencionados; (iv) intentar acceder y, en su caso, utilizar las cuentas de correo electr\u00f3nico de otros usuarios y modificaro manipular sus mensajes.&nbsp;<strong>www.viajescreativa.com<\/strong>&nbsp;se reserva el derecho de retirar todos aquellos comentarios y aportaciones que vulneren el respeto a la dignidad de la persona, que sean discriminatorios, xen\u00f3fobos, racistas, pornogr\u00e1ficos, que atenten contra la juventud o la infancia, el orden o la seguridad p\u00fablica o que, a su juicio, no resultaran adecuados para su publicaci\u00f3n. En cualquier caso,&nbsp;<strong>www.viajescreativa.com<\/strong>&nbsp;no ser\u00e1 responsable de las opiniones vertidas por los usuarios a trav\u00e9s de los foros, chats, u otras herramientas de participaci\u00f3n.&nbsp;<\/p>\n\n\n\n<h3 class=\"wp-block-heading\">3. PROPIEDAD INTELECTUAL E INDUSTRIAL<\/h3>\n\n\n\n<p><strong>www.viajescreativa.com<\/strong>&nbsp;por s\u00ed o como cesionaria, es titular de todos los derechos de propiedad intelectual e industrial de su p\u00e1gina web, as\u00ed como de los elementos contenidos en la misma (a t\u00edtulo enunciativo, im\u00e1genes, sonido, audio, v\u00eddeo, software o textos; marcas o logotipos, combinaciones de colores, estructura y dise\u00f1o, selecci\u00f3n de materiales usados, programas de ordenador necesarios para su funcionamiento, acceso y uso, etc.), titularidad de&nbsp;<strong>www.viajescreativa.com<\/strong>&nbsp;o bien de sus licenciantes. Todos los derechos reservados. En virtud de lo dispuesto en los art\u00edculos 8 y 32.1, p\u00e1rrafo segundo, de la Ley de Propiedad Intelectual, quedan expresamente prohibidas la reproducci\u00f3n, la distribuci\u00f3n y la comunicaci\u00f3n p\u00fablica, incluida su modalidad de puesta a disposici\u00f3n, de la totalidad o parte de los contenidos de esta p\u00e1gina web, con fines comerciales, en cualquier soporte y por cualquier medio t\u00e9cnico, sin la autorizaci\u00f3n de&nbsp;<strong>www.viajescreativa.com<\/strong>. El USUARIO se compromete a respetar los derechos de Propiedad Intelectual e Industrial que ostenta&nbsp;&nbsp;<strong>www.viajescreativa.com<\/strong>. Podr\u00e1 visualizar los elementos del portal e incluso imprimirlos, copiarlos y almacenarlos en el disco duro de su ordenador o en cualquier otro soporte f\u00edsico siempre y cuando sea, \u00fanica y exclusivamente, para su uso personal y privado. El USUARIO deber\u00e1 abstenerse de suprimir, alterar, eludir o manipular cualquier dispositivo de protecci\u00f3n o sistema de seguridad que estuviera instalado en el las p\u00e1ginas de&nbsp;<strong>www.viajescreativa.com<\/strong>.&nbsp;<\/p>\n\n\n\n<h3 class=\"wp-block-heading\">4. EXCLUSI\u00d3N DE GARANT\u00cdAS Y RESPONSABILIDAD<\/h3>\n\n\n\n<p><strong>www.viajescreativa.com<\/strong>&nbsp;se reserva el derecho a interrumpir el acceso a los servicios en cualquier momento y sin previo aviso, ya sea por motivos t\u00e9cnicos, de seguridad, de control, de mantenimiento, por fallos de suministro el\u00e9ctrico o por cualquier otra causa justificada.<\/p>\n\n\n\n<p>En consecuencia,&nbsp;<strong>www.viajescreativa.com<\/strong>&nbsp;no garantiza la fiabilidad, la disponibilidad ni la continuidad de la Web ni de los Servicios, por lo que la utilizaci\u00f3n de los mismos por parte de los usuarios se lleva a cabo por su propia cuenta y riesgo, sin que, en ning\u00fan momento, puedan exigirse responsabilidades a&nbsp;<strong>www.viajescreativa.com<\/strong>&nbsp;en este sentido.<\/p>\n\n\n\n<p>Adem\u00e1s&nbsp;<strong>www.viajescreativa.com<\/strong>&nbsp;no asume responsabilidad alguna derivada, a t\u00edtulo enunciativo pero no limitativo:<\/p>\n\n\n\n<ul class=\"wp-block-list\">\n<li>De la utilizaci\u00f3n que los usuarios hagan de los materiales dispuestos en la web, ya sean prohibidos o permitidos, en infracci\u00f3n de los derechos de propiedad intelectual y\/o industrial de contenidos de la propia web o de los portales de terceros.<\/li>\n\n\n\n<li>De los eventuales da\u00f1os y perjuicios a los usuarios causados por un funcionamiento normal o anormal de las herramientas de b\u00fasqueda, de la organizaci\u00f3n o la localizaci\u00f3n de los contenidos y\/o acceso a los servicios y, en general, de los errores o problemas que se generen en el desarrollo o instrumentaci\u00f3n de los elementos t\u00e9cnicos que forman el servicio.<\/li>\n\n\n\n<li>De los contenidos de aquellas p\u00e1ginas a las que los usuarios puedan acceder desde enlaces incluidos en la web.\u00a0<\/li>\n\n\n\n<li>De los actos u omisiones de terceros, con independencia de que estos terceros pudiesen estar unidos a\u00a0<strong>www.viajescreativa.com<\/strong>\u00a0mediante v\u00eda contractual.<\/li>\n<\/ul>\n\n\n\n<p>De igual modo,&nbsp;<strong>www.viajescreativa.com<\/strong>&nbsp;excluye cualquier responsabilidad por los da\u00f1os y perjuicios de toda clase que puedan deberse a la presencia de virus o a la presencia de otros elementos lesivos en los contenidos que puedan producir alteraci\u00f3n en los sistemas inform\u00e1ticos as\u00ed como en los documentos o sistemas almacenados en los mismos, por lo que&nbsp;<strong>www.viajescreativa.com<\/strong>&nbsp;no ser\u00e1 responsable en ning\u00fan caso cuando se produzcan:<\/p>\n\n\n\n<ul class=\"wp-block-list\">\n<li>Errores o retrasos en el acceso a los servicios por parte del usuario a la hora de introducir sus datos en el formulario correspondiente o cualquier anomal\u00eda que pueda surgir cuando estas incidencias sean debidas a problemas en la red Internet, causas de caso fortuito o fuerza mayor y cualquier otra contingencia imprevisible ajena a la buena fe de\u00a0<strong>www.viajescreativa.com<\/strong>.<\/li>\n\n\n\n<li>Fallos o incidencias que pudieran producirse en las comunicaciones, borrado o transmisiones incompletas, de manera que no se garantiza que los servicios del sitio web est\u00e9n constantemente operativos.<\/li>\n\n\n\n<li>De los errores o da\u00f1os producidos al sitio web por un uso del servicio ineficiente y de mala fe por parte del usuario.<\/li>\n\n\n\n<li>De la no operatividad o problemas en la direcci\u00f3n de email facilitada por el usuario para el env\u00edo de la informaci\u00f3n solicitada.<\/li>\n<\/ul>\n\n\n\n<p>En todo caso,&nbsp;<strong>www.viajescreativa.com<\/strong>&nbsp;se compromete a solucionar los problemas que puedan surgir y a ofrecer todo el apoyo necesario al usuario para llegar a una soluci\u00f3n r\u00e1pida y satisfactoria de la incidencia.<\/p>\n\n\n\n<h3 class=\"wp-block-heading\">5. CONTRATACI\u00d3N A TRAV\u00c9S DE LA WEB<\/h3>\n\n\n\n<p>Para realizar cualquier reserva y posterior contrataci\u00f3n, en su caso, a trav\u00e9s de la web&nbsp; el usuario debe leer y aceptar primero las Condiciones de contrataci\u00f3n Generales de Reserva. Una vez aceptadas las mismas y cumplimentada y aceptada&nbsp; la dem\u00e1s documentaci\u00f3n aplicable a la reserva contratada y realizado el correspondiente pago, completaremos la operaci\u00f3n lo antes posible.&nbsp;<\/p>\n\n\n\n<p>En caso que por determinadas circunstancias no pudi\u00e9ramos completar las \u00f3rdenes cursadas, se lo notificaremos lo antes posible y recabaremos su autorizaci\u00f3n para volver a intentar la operaci\u00f3n.&nbsp;<\/p>\n\n\n\n<p>Cuando realice una operaci\u00f3n a trav\u00e9s de nuestra plataforma podemos enviarle un correo electr\u00f3nico de confirmaci\u00f3n que tendr\u00e1 detalles de la transacci\u00f3n. Verifique que los detalles en el mensaje de confirmaci\u00f3n sean correctos lo antes posible y guarde una copia para su registro.<\/p>\n\n\n\n<p>En caso de error, nos reservamos el derecho de corregir dicho error y revisar su orden en consecuencia (lo que incluye cobrar el precio correcto) o cancelar la operaci\u00f3n y reembolsar cualquier cantidad cobrada.&nbsp;<\/p>\n\n\n\n<h3 class=\"wp-block-heading\">6. MODIFICACIONES<\/h3>\n\n\n\n<p><strong>www.viajescreativa.com<\/strong>&nbsp;se reserva el derecho de efectuar sin previo aviso las modificaciones que considere oportunas en el portal, pudiendo cambiar, suprimir o a\u00f1adir tanto los contenidos y servicios que se presten a trav\u00e9s de la misma como la forma en la que \u00e9stos aparezcan presentados o localizados en su portal.<\/p>\n\n\n\n<h3 class=\"wp-block-heading\">7. ENLACES<\/h3>\n\n\n\n<p>En el caso de que en&nbsp;<strong>www.viajescreativa.com<\/strong>&nbsp;se dispusiesen enlaces o hiperv\u00ednculos hac\u00eda otros sitios de Internet,&nbsp;<strong>www.viajescreativa.com<\/strong>&nbsp;no ejercer\u00e1 ning\u00fan tipo de control sobre dichos sitios y contenidos. En ning\u00fan caso&nbsp;<strong>www.viajescreativa.com<\/strong>&nbsp;asumir\u00e1 responsabilidad alguna por los contenidos de alg\u00fan enlace perteneciente a un sitio web ajeno, ni garantizar\u00e1 la disponibilidad t\u00e9cnica, calidad, fiabilidad, exactitud, amplitud, veracidad, validez yconstitucionalidad de cualquier material o informaci\u00f3n contenida en ninguno de dichos hiperv\u00ednculos u otros sitios de Internet.Igualmente la inclusi\u00f3n de estas conexiones externas no implicar\u00e1 ning\u00fan tipo de asociaci\u00f3n, fusi\u00f3n o participaci\u00f3n con las entidades conectadas.<\/p>\n\n\n\n<p>Queda expresamente prohibida la introducci\u00f3n de hiperenlaces con fines mercantiles en p\u00e1ginas web ajenas a&nbsp;<strong>www.viajescreativa.com<\/strong>&nbsp;que permitan el acceso al presente portal web sin consentimiento expreso de&nbsp;<strong>www.viajescreativa.com<\/strong>. En todo caso, la existencia de hiperenlaces en sitios web ajenos a&nbsp;<strong>www.viajescreativa.com<\/strong>, no implicar\u00e1 en ning\u00fan caso la existencia de relaciones comerciales o mercantiles con el titular de la p\u00e1gina web donde se establezca el hiperenlace, ni la aceptaci\u00f3n por parte de&nbsp;<strong>www.viajescreativa.com<\/strong>.<\/p>\n\n\n\n<h3 class=\"wp-block-heading\">8. DERECHO DE EXCLUSI\u00d3N<\/h3>\n\n\n\n<p><strong>www.viajescreativa.com<\/strong>&nbsp;se reserva el derecho a denegar o retirar el acceso al portal sin necesidad de preaviso, a instancia propia o de un tercero, a aquellos usuarios que incumplan las presentes T\u00e9rminos y usos de la web.<\/p>\n\n\n\n<h3 class=\"wp-block-heading\">9. GENERALIDADES<\/h3>\n\n\n\n<p><strong>www.viajescreativa.com<\/strong>&nbsp;perseguir\u00e1 el incumplimiento de las presentes condiciones as\u00ed como cualquier utilizaci\u00f3n indebida de su portal ejerciendo todas las acciones civiles y penales que le puedan corresponder en derecho.&nbsp;<\/p>\n\n\n\n<h3 class=\"wp-block-heading\">10. MODIFICACI\u00d3N DE LAS PRESENTES CONDICIONES Y DURACI\u00d3N<\/h3>\n\n\n\n<p><strong>www.viajescreativa.com<\/strong>&nbsp;podr\u00e1 modificar en cualquier momento las condiciones aqu\u00ed determinadas, siendo debidamente publicadas como aqu\u00ed aparecen. La vigencia de las citadas condiciones ir\u00e1 en funci\u00f3n de su exposici\u00f3n y estar\u00e1n vigentes hasta debidamente publicadas. que sean modificadas por otras.&nbsp;<\/p>\n\n\n\n<h3 class=\"wp-block-heading\">11. TRATAMIENTO DE DATOS Y UTILIZACI\u00d3N DE COOKIES<\/h3>\n\n\n\n<p>De acuerdo con lo establecido en el Reglamento General de Protecci\u00f3n de Datos de Car\u00e1cter Personal y dem\u00e1s normativa aplicable en la materia, le informamos de que los datos personales que nos facilite a trav\u00e9s de nuestro sitio web o mediante env\u00edos de correos electr\u00f3nicos, ser\u00e1n&nbsp; tratados por&nbsp;<strong>SPACIO INFINITO STUDIO S.L.<\/strong>&nbsp;como responsable del tratamiento para poder llevar a cabo el registro de usuarios, realizar las transacciones soliticatas, as\u00ed como recibir notificaciones peri\u00f3dicas a trav\u00e9s de medios electr\u00f3nicas. La legitimaci\u00f3n del tratamiento reside en la prestaci\u00f3n de los servicios solicitados. Puede ampliar m\u00e1s informaci\u00f3n sobre el tratamiento de sus datos en la&nbsp;<strong><a href=\"https:\/\/www.viajescreativa.es\/personal_datos\">pol\u00edtica de privacidad<\/a><\/strong>, la cual debe ser le\u00edda, comprendida y aceptada para la utilizaci\u00f3n de los servicios.<\/p>\n\n\n\n<p>En los formularios que recaben datos personales, cada usuario ser\u00e1 informado sobre las finalidades para que se recaben los datos. El usuario responder\u00e1, en cualquier caso, de la veracidad de los datos facilitados.<\/p>\n\n\n\n<p><strong>www.viajescreativa.com<\/strong>&nbsp;se compromete al cumplimiento de la obligaci\u00f3n de secreto de los datos de car\u00e1cter personal, por ello ha adoptado las medidas necesarias para evitar su alteraci\u00f3n, p\u00e9rdida, tratamiento o acceso no autorizado, habida cuenta en todo momento del estado de la tecnolog\u00eda.<\/p>\n\n\n\n<p>Por otra parte,&nbsp;<strong>www.viajescreativa.com<\/strong>&nbsp;le informa que por visitar su portal web no queda registrado de forma autom\u00e1tica ning\u00fan dato de car\u00e1cter personal que identifique a un Usuario, en cambio existe determinada informaci\u00f3n de car\u00e1cter no personal y no identificable con un Usuario concreto que se recoge durante la sesi\u00f3n en directo para a trav\u00e9s de dispositivos denominados \u201ccookies\u201d que nos permiten obtener informaci\u00f3n estad\u00edstica sobre el uso del portal web para luego poder realizar mejoras. Todo usuario debe consultar nuestra&nbsp;<strong><a href=\"https:\/\/www.viajescreativa.es\/info\/16436\/cookies.php\">pol\u00edtica de cookies<\/a><\/strong>&nbsp;para navegar por la web.<\/p>\n\n\n\n<p>En cualquier caso, todos los usuarios tienen derecho a ejercitar, en cualquier momento, los derechos de acceso, rectificaci\u00f3n, limitaci\u00f3n del tratamiento, supresi\u00f3n, oposici\u00f3n, limitaci\u00f3n del tratamiento, y portabilidad de datos que le asisten, mediante escrito dirigido a nuestro delegado de protecci\u00f3n de datos en la direcci\u00f3n electr\u00f3nica&nbsp;<strong>info@viajescreativa.com<\/strong>, acreditando su identidad. En el caso de que considere, puede presentar una reclamaci\u00f3n ante la Agencia Espa\u00f1ola de Protecci\u00f3n de Datos.<\/p>\n\n\n\n<h3 class=\"wp-block-heading\">12. LEGISLACI\u00d3N APLICABLE Y JURISDICCI\u00d3N<\/h3>\n\n\n\n<p>Para cuantas cuestiones interpretativas o litigiosas relacionadas con el portal web ser\u00e1 de aplicaci\u00f3n la legislaci\u00f3n espa\u00f1ola y en caso de controversia, ambas partes acuerdan someterse, con renuncia a cualquier otro fuero que pudiera corresponderle, a la jurisdicci\u00f3n de los Juzgados y Tribunales del domicilio del consumidor o presentando la reclamaci\u00f3n oportuna rellenando el siguiente formulario electr\u00f3nico:&nbsp;<a href=\"http:\/\/ec.europa.eu\/consumers\/odr\/\">http:\/\/ec.europa.eu\/consumers\/odr\/<\/a><\/p>\n","protected":false},"excerpt":{"rendered":"<p>INFORMACI\u00d3N LEGAL En cumplimiento con el deber de informaci\u00f3n recogido en art\u00edculo 10 de la Ley 34\/2002, de 11 de julio, de Servicios de la Sociedad de la Informaci\u00f3n y del Comercio Electr\u00f3nico, a continuaci\u00f3n se reflejan los siguientes datos del titular: Nombre:&nbsp;SPACIO INFINITO STUDIO S.L.&nbsp;(en adelante&nbsp;www.viajescreativa.com) NIF:&nbsp;B90259987 Domicilio social:&nbsp;URB, JARDIN ATALAYA BL4 3C, CAMAS, &hellip;<\/p>\n<p class=\"read-more\"> <a class=\"\" href=\"https:\/\/viajescreativa.com\/?page_id=773\"> <span class=\"screen-reader-text\">Aviso Legal<\/span> Leer m\u00e1s &raquo;<\/a><\/p>\n","protected":false},"author":1,"featured_media":0,"parent":0,"menu_order":0,"comment_status":"closed","ping_status":"closed","template":"elementor_header_footer","meta":{"om_disable_all_campaigns":false,"_monsterinsights_skip_tracking":false,"_monsterinsights_sitenote_active":false,"_monsterinsights_sitenote_note":"","_monsterinsights_sitenote_category":0,"site-sidebar-layout":"default","site-content-layout":"default","ast-main-header-display":"","ast-hfb-above-header-display":"","ast-hfb-below-header-display":"","ast-hfb-mobile-header-display":"","site-post-title":"","ast-breadcrumbs-content":"","ast-featured-img":"","footer-sml-layout":"","theme-transparent-header-meta":"","adv-header-id-meta":"","stick-header-meta":"","header-above-stick-meta":"","header-main-stick-meta":"","header-below-stick-meta":"","footnotes":""},"class_list":["post-773","page","type-page","status-publish","hentry"],"aioseo_notices":[],"_links":{"self":[{"href":"https:\/\/viajescreativa.com\/index.php?rest_route=\/wp\/v2\/pages\/773","targetHints":{"allow":["GET"]}}],"collection":[{"href":"https:\/\/viajescreativa.com\/index.php?rest_route=\/wp\/v2\/pages"}],"about":[{"href":"https:\/\/viajescreativa.com\/index.php?rest_route=\/wp\/v2\/types\/page"}],"author":[{"embeddable":true,"href":"https:\/\/viajescreativa.com\/index.php?rest_route=\/wp\/v2\/users\/1"}],"replies":[{"embeddable":true,"href":"https:\/\/viajescreativa.com\/index.php?rest_route=%2Fwp%2Fv2%2Fcomments&post=773"}],"version-history":[{"count":6,"href":"https:\/\/viajescreativa.com\/index.php?rest_route=\/wp\/v2\/pages\/773\/revisions"}],"predecessor-version":[{"id":2401,"href":"https:\/\/viajescreativa.com\/index.php?rest_route=\/wp\/v2\/pages\/773\/revisions\/2401"}],"wp:attachment":[{"href":"https:\/\/viajescreativa.com\/index.php?rest_route=%2Fwp%2Fv2%2Fmedia&parent=773"}],"curies":[{"name":"wp","href":"https:\/\/api.w.org\/{rel}","templated":true}]}}