{"id":887,"date":"2024-01-13T19:36:06","date_gmt":"2024-01-13T19:36:06","guid":{"rendered":"https:\/\/viajescreativa.com\/?page_id=887"},"modified":"2024-11-01T11:01:37","modified_gmt":"2024-11-01T11:01:37","slug":"sternfahrten-andalusien-von-sevilla-aus","status":"publish","type":"page","link":"https:\/\/viajescreativa.com\/?page_id=887","title":{"rendered":"STERNFAHRTEN ANDALUSIEN VON SEVILLA AUS"},"content":{"rendered":"\n<figure class=\"wp-block-image alignfull size-full\"><img fetchpriority=\"high\" decoding=\"async\" width=\"1920\" height=\"349\" src=\"https:\/\/viajescreativa.com\/wp-content\/uploads\/2024\/08\/Sternfahrten-von-sevilla-1.png\" alt=\"\" class=\"wp-image-1956\" srcset=\"https:\/\/viajescreativa.com\/wp-content\/uploads\/2024\/08\/Sternfahrten-von-sevilla-1.png 1920w, https:\/\/viajescreativa.com\/wp-content\/uploads\/2024\/08\/Sternfahrten-von-sevilla-1-300x55.png 300w, https:\/\/viajescreativa.com\/wp-content\/uploads\/2024\/08\/Sternfahrten-von-sevilla-1-1024x186.png 1024w, https:\/\/viajescreativa.com\/wp-content\/uploads\/2024\/08\/Sternfahrten-von-sevilla-1-768x140.png 768w, https:\/\/viajescreativa.com\/wp-content\/uploads\/2024\/08\/Sternfahrten-von-sevilla-1-1536x279.png 1536w\" sizes=\"(max-width: 1920px) 100vw, 1920px\" \/><\/figure>\n\n\n\n<div class=\"wp-block-columns is-layout-flex wp-container-core-columns-is-layout-9d6595d7 wp-block-columns-is-layout-flex\">\n<div class=\"wp-block-column is-layout-flow wp-block-column-is-layout-flow\">\n<p><\/p>\n\n\n\n<p class=\"has-vivid-red-color has-white-background-color has-text-color has-background has-link-color wp-elements-91332145f1d4e635123e506c9a81db15\" style=\"font-size:22px\"><strong><em>HIGHLIGHTS:<\/em><\/strong><\/p>\n\n\n\n<ul class=\"wp-block-list\">\n<li><em>Besichtigung 2 Unesco Weltkulturerbe St\u00e4dte: Sevilla, und C\u00f3rdoba<\/em><\/li>\n\n\n\n<li><em>Erlebnis in einer Weinkellerei <\/em><\/li>\n<\/ul>\n<\/div>\n\n\n\n<div class=\"wp-block-column is-layout-flow wp-block-column-is-layout-flow\">\n<figure class=\"wp-block-image aligncenter size-full\"><img decoding=\"async\" width=\"704\" height=\"412\" src=\"https:\/\/viajescreativa.com\/wp-content\/uploads\/2024\/08\/RADIAL-SEVILLA-1.jpg\" alt=\"\" class=\"wp-image-1955\" srcset=\"https:\/\/viajescreativa.com\/wp-content\/uploads\/2024\/08\/RADIAL-SEVILLA-1.jpg 704w, https:\/\/viajescreativa.com\/wp-content\/uploads\/2024\/08\/RADIAL-SEVILLA-1-300x176.jpg 300w\" sizes=\"(max-width: 704px) 100vw, 704px\" \/><\/figure>\n<\/div>\n<\/div>\n\n\n\n<p class=\"has-white-background-color has-background\">Der Ausgangspunkt dieser Sternfahrten ist Sevilla, die Hauptstadt Andalusiens mit 700.000 Einwohnern. Sie ist zweifelslos eine der sch\u00f6nsten St\u00e4dte Spaniens. Ihre tausendj\u00e4hrige Geschichte wird durch ihr beeindruckendes monumentales und k\u00fcnstlerisches Erbe bezeugt. &nbsp;<\/p>\n\n\n\n<figure class=\"wp-block-gallery aligncenter has-nested-images columns-default is-cropped wp-block-gallery-1 is-layout-flex wp-block-gallery-is-layout-flex\">\n<figure class=\"wp-block-image size-full\"><img decoding=\"async\" width=\"900\" height=\"300\" data-id=\"1949\" src=\"https:\/\/viajescreativa.com\/wp-content\/uploads\/2024\/08\/RADIAL-SEVILLA.jpg\" alt=\"\" class=\"wp-image-1949\" srcset=\"https:\/\/viajescreativa.com\/wp-content\/uploads\/2024\/08\/RADIAL-SEVILLA.jpg 900w, https:\/\/viajescreativa.com\/wp-content\/uploads\/2024\/08\/RADIAL-SEVILLA-300x100.jpg 300w, https:\/\/viajescreativa.com\/wp-content\/uploads\/2024\/08\/RADIAL-SEVILLA-768x256.jpg 768w\" sizes=\"(max-width: 900px) 100vw, 900px\" \/><\/figure>\n<\/figure>\n\n\n\n<div class=\"wp-block-group is-layout-constrained wp-block-group-is-layout-constrained\"><div class=\"wp-block-group__inner-container\">\n<p class=\"has-white-background-color has-background\">Der Vorteil dieser Reiseart besteht darin, dass Sie in einem einzigen Hotel \u00fcbernachten und die Ausfl\u00fcge in einem Umkreis von maximal 200 km stattfinden, so dass Sie jeden Besuchspunkt optimal genie\u00dfen k\u00f6nnen. Die Ausfl\u00fcge haben wir so ausgew\u00e4hlt, dass Sie die bedeutendsten Sehensw\u00fcrdigkeiten jeder Stadt und ihre Landschaft und Natur genie\u00dfen k\u00f6nnen.&nbsp;Sie werden die wundersch\u00f6ne C\u00f3rdoba, die Stadt der Umayyaden-Kalifen, mit ihrer einzigartigen und beeindruckenden Moschee-Kathedrale besuchen. Sie k\u00f6nnen die Brise des ph\u00f6nizischen C\u00e1diz genie\u00dfen und ein unvergessliches Erlebnis in einer Weinkellerei in Jerez de la Frontera erleben. La Palma del Condado, die Weinstadt Huelva und die mittelalterliche Stadt Niebla mit ihrer pr\u00e4chtigen Stadtmauer werden Sie \u00fcberraschen. Ronda und Setenil sind zwei in die Berge eingebettete Sch\u00e4tze mit atemberaubenden Landschaften, die Sie nicht so schnell vergessen werden.<\/p>\n<\/div><\/div>\n\n\n\n<div class=\"wp-block-columns is-layout-flex wp-container-core-columns-is-layout-9d6595d7 wp-block-columns-is-layout-flex\">\n<div class=\"wp-block-column is-layout-flow wp-block-column-is-layout-flow\">\n<div class=\"wp-block-group has-white-background-color has-background is-layout-constrained wp-block-group-is-layout-constrained\"><div class=\"wp-block-group__inner-container\">\n<p><strong>REISEVERLAUF:<\/strong><\/p>\n\n\n\n<p><strong>Tag 1<\/strong> <strong>\u2013 Willkommen in Andalusien<\/strong><\/p>\n\n\n\n<p>Ankunft in Sevilla. Der Reiseveranstalter und Reiseleiter Willkommen die G\u00e4ste im Hotel und gehen das Reiseprogramm durch. Am Abend Bootsfahrt auf den Guadalquivir und Tapas-Tour im zauberhaftes Viertel von Triana. Fu\u00dfl\u00e4ufig zur\u00fcck ins Hotel oder Taxi (fakultativ)<\/p>\n\n\n\n<p><strong>Tag 2<\/strong> <strong>\u2013 Sevilla.<\/strong><\/p>\n\n\n\n<p>Fr\u00fchst\u00fcck im Hotel. Stadtbesichtigung mit \u00f6rtliche Stadtf\u00fchrer, Spaziergang durch Santa Cruz und Besichtigung der Kathedrale. Der Nachmittag steht zur freien Verf\u00fcgung, um die Stadt auf eigene Faust zu erkunden. Abendessen frei und Unterkunft in Sevilla<\/p>\n\n\n\n<p><strong>Tag 3<\/strong> <strong>\u2013 Ausflug C\u00e1diz und Jerez<\/strong><\/p>\n\n\n\n<p>Fr\u00fchst\u00fcck im Hotel. Abfahrt nach C\u00e1diz. Spaziergang durch die Stadt C\u00e1diz mit dem Reiseleiter, freie Zeit. Am Nachmittag besuch einer besonderen Weinkellerei in Jerez. Abendessen frei und Unterkunft in Sevilla<\/p>\n\n\n\n<p><strong>Tag 4<\/strong> <strong>\u2013 Ausflug Ronda und Setenil<\/strong><\/p>\n\n\n\n<p>Fr\u00fchst\u00fcck im Hotel. Abfahrt nach Ronda. Besichtigung von Ronda mit \u00f6rtlichen Stadtf\u00fchrer, freie Zeit und Weiterfahrt nach Setenil, Spaziergang durch die Stadt mit dem Reiseleiter. &nbsp;Abendessen frei und Unterkunft in Sevilla<\/p>\n\n\n\n<p><strong>Tag 5<\/strong> <strong>\u2013 Sevilla<\/strong><\/p>\n\n\n\n<p>Fr\u00fchst\u00fcck im Hotel. Tag frei in Sevilla um die Stadt auf eigene Faust zu erkunden. Gemeinsames Abendessen und Flamenco Erlebnis in Sevilla. Fu\u00dfl\u00e4ufig ins Hotel zur\u00fcck oder Taxi (fakultativ) &nbsp;<\/p>\n\n\n\n<p><strong>Tag 6<\/strong> <strong>\u2013 Ausflug nach C\u00f3rdoba<\/strong><\/p>\n\n\n\n<p>Fr\u00fchst\u00fcck im Hotel. Abfahrt nach C\u00f3rdoba. Besichtigung mit \u00f6rtlichen Stadtf\u00fchrer mit Moschee-Kathedrale, freie Zeit, R\u00fcckfahrt nach Sevilla. Abendessen frei und Unterkunft in Sevilla<\/p>\n\n\n\n<p><strong>Tag 7<\/strong> <strong>\u2013 Ausflug nach Palma und Niebla<\/strong><\/p>\n\n\n\n<p>Fr\u00fchst\u00fcck im Hotel. Abfahrt Richtung Huelva. Spaziergang und besuch einer Weinkellerei in La Palma, gemeinsames Mittagessen in Niebla, anschlie\u00dfend Besichtigung von Niebla mit \u00f6rtlichen Stadtf\u00fchrer. R\u00fcckfahrt nach Sevilla. Abendessen frei und Unterkunft in Sevilla<\/p>\n\n\n\n<p><strong>Tag 8<\/strong> <strong>\u2013 Hasta pronto!<\/strong><\/p>\n\n\n\n<p>&nbsp;Fr\u00fchst\u00fcck im Hotel<\/p>\n<\/div><\/div>\n<\/div>\n\n\n\n<div class=\"wp-block-column is-layout-flow wp-block-column-is-layout-flow\">\n<div class=\"wp-block-group is-layout-constrained wp-block-group-is-layout-constrained\"><div class=\"wp-block-group__inner-container\">\n<p><strong>INBEGRIFFENE LEISTUNGEN:<\/strong><\/p>\n\n\n\n<ul class=\"wp-block-list\">\n<li>Moderner, klimatisierter Bus f\u00fcr alle Ausfl\u00fcge laut dem Programm<\/li>\n\n\n\n<li>Hotel 3\/4 mit Fr\u00fchst\u00fcck in der Stadt Sevilla<\/li>\n\n\n\n<li>Reiseleiter f\u00fcr alle Ausfl\u00fcge laut Programm<\/li>\n\n\n\n<li>\u00d6rtliche Stadtf\u00fchrer in Sevilla, Cordoba, Ronda und Niebla<\/li>\n\n\n\n<li>Eintrittsgelder f\u00fcr Denkm\u00e4ler:<\/li>\n\n\n\n<li>Sevilla: die Kathedrale<\/li>\n\n\n\n<li>C\u00f3rdoba: die Moschee der Kathedrale<\/li>\n\n\n\n<li>Ronda: Don-Bosco-Haus<\/li>\n\n\n\n<li>Niebla: Burg und Kirche<\/li>\n\n\n\n<li>Erlebnisse:<\/li>\n\n\n\n<li>Nachtbootsfahrt und Tapas-Tour Triana<\/li>\n\n\n\n<li>Weinkellerei Jerez<\/li>\n\n\n\n<li>Haus Don Bosco<\/li>\n\n\n\n<li>Flamenco-Nacht in Sevilla<\/li>\n\n\n\n<li>Besuch einer Weinkellerei in La Palma<\/li>\n\n\n\n<li>1 gemeinsames Mittagessen: Niebla<\/li>\n\n\n\n<li>1 geminsames Abendessen in Sevilla<\/li>\n\n\n\n<li>Reiseversicherung<\/li>\n\n\n\n<li>Radiosystem in alle Ausfl\u00fcge und Besichtigungen<\/li>\n<\/ul>\n\n\n\n<p><strong>NICHT INBEGRIFFEN<\/strong><\/p>\n\n\n\n<ul class=\"wp-block-list\">\n<li>Nationale und internationale Fl\u00fcge<\/li>\n\n\n\n<li>Flughafengeb\u00fchren<\/li>\n\n\n\n<li>Visum, falls erforderlich<\/li>\n\n\n\n<li>*Transferservice vom\/zum Flughafen Sevilla &#8211; Hotel<\/li>\n\n\n\n<li>Trinkgelder<\/li>\n\n\n\n<li>Mittag- und Abendessen, au\u00dfer wie im Programm angegeben<\/li>\n\n\n\n<li>Jede andere Leistung, die nicht ausdr\u00fccklich im Reiseprogramm angegeben ist.<\/li>\n<\/ul>\n\n\n\n<p><\/p>\n\n\n\n<div class=\"wp-block-group has-white-background-color has-background is-layout-constrained wp-block-group-is-layout-constrained\"><div class=\"wp-block-group__inner-container\">\n<figure class=\"wp-block-image alignfull size-large\"><img loading=\"lazy\" decoding=\"async\" width=\"1024\" height=\"683\" src=\"http:\/\/viajescreativa.com\/wp-content\/uploads\/2024\/01\/sevilla-39-2-1024x683.jpg\" alt=\"\" class=\"wp-image-1091\" srcset=\"https:\/\/viajescreativa.com\/wp-content\/uploads\/2024\/01\/sevilla-39-2-1024x683.jpg 1024w, https:\/\/viajescreativa.com\/wp-content\/uploads\/2024\/01\/sevilla-39-2-300x200.jpg 300w, https:\/\/viajescreativa.com\/wp-content\/uploads\/2024\/01\/sevilla-39-2-768x512.jpg 768w, https:\/\/viajescreativa.com\/wp-content\/uploads\/2024\/01\/sevilla-39-2-1536x1025.jpg 1536w, https:\/\/viajescreativa.com\/wp-content\/uploads\/2024\/01\/sevilla-39-2.jpg 1874w\" sizes=\"(max-width: 1024px) 100vw, 1024px\" \/><\/figure>\n<\/div><\/div>\n<\/div><\/div>\n<\/div>\n<\/div>\n\n\n\n<figure class=\"wp-block-image alignfull size-full\"><img loading=\"lazy\" decoding=\"async\" width=\"900\" height=\"300\" src=\"http:\/\/viajescreativa.com\/wp-content\/uploads\/2024\/08\/6collage.jpg\" alt=\"\" class=\"wp-image-1952\" srcset=\"https:\/\/viajescreativa.com\/wp-content\/uploads\/2024\/08\/6collage.jpg 900w, https:\/\/viajescreativa.com\/wp-content\/uploads\/2024\/08\/6collage-300x100.jpg 300w, https:\/\/viajescreativa.com\/wp-content\/uploads\/2024\/08\/6collage-768x256.jpg 768w\" sizes=\"(max-width: 900px) 100vw, 900px\" \/><\/figure>\n\n\n\n<div class=\"wp-block-cover alignfull is-light\" style=\"min-height:548px;aspect-ratio:unset;\"><span aria-hidden=\"true\" class=\"wp-block-cover__background has-ast-global-color-5-background-color has-background-dim-20 has-background-dim\"><\/span><img loading=\"lazy\" decoding=\"async\" width=\"1920\" height=\"1920\" class=\"wp-block-cover__image-background wp-image-1729\" alt=\"\" src=\"https:\/\/viajescreativa.com\/wp-content\/uploads\/2024\/07\/collage-caratula-blanco-1.jpg\" data-object-fit=\"cover\" srcset=\"https:\/\/viajescreativa.com\/wp-content\/uploads\/2024\/07\/collage-caratula-blanco-1.jpg 1920w, https:\/\/viajescreativa.com\/wp-content\/uploads\/2024\/07\/collage-caratula-blanco-1-300x300.jpg 300w, https:\/\/viajescreativa.com\/wp-content\/uploads\/2024\/07\/collage-caratula-blanco-1-1024x1024.jpg 1024w, https:\/\/viajescreativa.com\/wp-content\/uploads\/2024\/07\/collage-caratula-blanco-1-150x150.jpg 150w, https:\/\/viajescreativa.com\/wp-content\/uploads\/2024\/07\/collage-caratula-blanco-1-768x768.jpg 768w, https:\/\/viajescreativa.com\/wp-content\/uploads\/2024\/07\/collage-caratula-blanco-1-1536x1536.jpg 1536w\" sizes=\"(max-width: 1920px) 100vw, 1920px\" \/><div class=\"wp-block-cover__inner-container is-layout-flow wp-block-cover-is-layout-flow\">\n<div class=\"wp-block-columns is-layout-flex wp-container-core-columns-is-layout-9d6595d7 wp-block-columns-is-layout-flex\">\n<div class=\"wp-block-column is-layout-flow wp-block-column-is-layout-flow\">\n<div class=\"wp-block-columns is-layout-flex wp-container-core-columns-is-layout-9d6595d7 wp-block-columns-is-layout-flex\">\n<div class=\"wp-block-column is-layout-flow wp-block-column-is-layout-flow\">\n<figure class=\"wp-block-image alignfull size-full\"><a href=\"https:\/\/viajescreativa.com\/?page_id=2210\" target=\"_blank\" rel=\"noreferrer noopener\"><img loading=\"lazy\" decoding=\"async\" width=\"262\" height=\"387\" src=\"https:\/\/viajescreativa.com\/wp-content\/uploads\/2024\/08\/5-GASTRONOMICO-ALEMAN.jpg\" alt=\"\" class=\"wp-image-2153\" style=\"box-shadow:var(--wp--preset--shadow--natural)\" srcset=\"https:\/\/viajescreativa.com\/wp-content\/uploads\/2024\/08\/5-GASTRONOMICO-ALEMAN.jpg 262w, https:\/\/viajescreativa.com\/wp-content\/uploads\/2024\/08\/5-GASTRONOMICO-ALEMAN-203x300.jpg 203w\" sizes=\"(max-width: 262px) 100vw, 262px\" \/><\/a><figcaption class=\"wp-element-caption\">GENUSSVOLLE              ROUTEN<\/figcaption><\/figure>\n<\/div>\n\n\n\n<div class=\"wp-block-column is-layout-flow wp-block-column-is-layout-flow\">\n<figure class=\"wp-block-image alignfull size-full\"><a href=\"https:\/\/viajescreativa.com\/?page_id=2439\" target=\"_blank\" rel=\"noreferrer noopener\"><img loading=\"lazy\" decoding=\"async\" width=\"244\" height=\"361\" src=\"https:\/\/viajescreativa.com\/wp-content\/uploads\/2024\/08\/THEMENREISEN.jpg\" alt=\"\" class=\"wp-image-2154\" style=\"box-shadow:var(--wp--preset--shadow--natural)\" srcset=\"https:\/\/viajescreativa.com\/wp-content\/uploads\/2024\/08\/THEMENREISEN.jpg 244w, https:\/\/viajescreativa.com\/wp-content\/uploads\/2024\/08\/THEMENREISEN-203x300.jpg 203w\" sizes=\"(max-width: 244px) 100vw, 244px\" \/><\/a><figcaption class=\"wp-element-caption\">THEMENREISEN<\/figcaption><\/figure>\n<\/div>\n<\/div>\n<\/div>\n\n\n\n<div class=\"wp-block-column is-layout-flow wp-block-column-is-layout-flow\">\n<div class=\"wp-block-columns is-layout-flex wp-container-core-columns-is-layout-9d6595d7 wp-block-columns-is-layout-flex\">\n<div class=\"wp-block-column is-layout-flow wp-block-column-is-layout-flow\">\n<figure class=\"wp-block-image alignfull size-full\"><a href=\"https:\/\/viajescreativa.com\/?page_id=2299\" target=\"_blank\" rel=\"noreferrer noopener\"><img loading=\"lazy\" decoding=\"async\" width=\"244\" height=\"360\" src=\"https:\/\/viajescreativa.com\/wp-content\/uploads\/2024\/08\/SLOWTRAVEL-1.jpg\" alt=\"\" class=\"wp-image-2165\" style=\"box-shadow:var(--wp--preset--shadow--natural)\" srcset=\"https:\/\/viajescreativa.com\/wp-content\/uploads\/2024\/08\/SLOWTRAVEL-1.jpg 244w, https:\/\/viajescreativa.com\/wp-content\/uploads\/2024\/08\/SLOWTRAVEL-1-203x300.jpg 203w\" sizes=\"(max-width: 244px) 100vw, 244px\" \/><\/a><figcaption class=\"wp-element-caption\">SLOW TRAVEL<\/figcaption><\/figure>\n<\/div>\n\n\n\n<div class=\"wp-block-column is-layout-flow wp-block-column-is-layout-flow\">\n<figure class=\"wp-block-image alignfull size-full\"><a href=\"https:\/\/viajescreativa.com\/?page_id=2477\" target=\"_blank\" rel=\"noreferrer noopener\"><img loading=\"lazy\" decoding=\"async\" width=\"244\" height=\"361\" src=\"https:\/\/viajescreativa.com\/wp-content\/uploads\/2024\/08\/11-BASICOS1-2.jpg\" alt=\"\" class=\"wp-image-2168\" style=\"box-shadow:var(--wp--preset--shadow--natural)\" srcset=\"https:\/\/viajescreativa.com\/wp-content\/uploads\/2024\/08\/11-BASICOS1-2.jpg 244w, https:\/\/viajescreativa.com\/wp-content\/uploads\/2024\/08\/11-BASICOS1-2-203x300.jpg 203w\" sizes=\"(max-width: 244px) 100vw, 244px\" \/><\/a><figcaption class=\"wp-element-caption\">DIE ESSENZ VON ANDALUSIEN<\/figcaption><\/figure>\n<\/div>\n<\/div>\n<\/div>\n\n\n\n<div class=\"wp-block-column is-layout-flow wp-block-column-is-layout-flow\">\n<div class=\"wp-block-columns is-layout-flex wp-container-core-columns-is-layout-9d6595d7 wp-block-columns-is-layout-flex\">\n<div class=\"wp-block-column is-layout-flow wp-block-column-is-layout-flow\">\n<figure class=\"wp-block-image alignfull size-full\"><a href=\"https:\/\/viajescreativa.com\/?page_id=2487\" target=\"_blank\" rel=\"noreferrer noopener\"><img loading=\"lazy\" decoding=\"async\" width=\"628\" height=\"928\" src=\"https:\/\/viajescreativa.com\/wp-content\/uploads\/2024\/08\/21collage2.jpg\" alt=\"\" class=\"wp-image-2170\" style=\"box-shadow:var(--wp--preset--shadow--natural)\" srcset=\"https:\/\/viajescreativa.com\/wp-content\/uploads\/2024\/08\/21collage2.jpg 628w, https:\/\/viajescreativa.com\/wp-content\/uploads\/2024\/08\/21collage2-203x300.jpg 203w\" sizes=\"(max-width: 628px) 100vw, 628px\" \/><\/a><figcaption class=\"wp-element-caption\">NATURREISEN<\/figcaption><\/figure>\n<\/div>\n\n\n\n<div class=\"wp-block-column is-layout-flow wp-block-column-is-layout-flow\">\n<figure class=\"wp-block-image alignfull size-full\"><a href=\"https:\/\/viajescreativa.com\/?page_id=2492\" target=\"_blank\" rel=\"noreferrer noopener\"><img loading=\"lazy\" decoding=\"async\" width=\"244\" height=\"361\" src=\"https:\/\/viajescreativa.com\/wp-content\/uploads\/2024\/08\/31collage3.jpg\" alt=\"\" class=\"wp-image-2171\" style=\"box-shadow:var(--wp--preset--shadow--natural)\" srcset=\"https:\/\/viajescreativa.com\/wp-content\/uploads\/2024\/08\/31collage3.jpg 244w, https:\/\/viajescreativa.com\/wp-content\/uploads\/2024\/08\/31collage3-203x300.jpg 203w\" sizes=\"(max-width: 244px) 100vw, 244px\" \/><\/a><figcaption class=\"wp-element-caption\">KLEINE FLUCHTEN<\/figcaption><\/figure>\n<\/div>\n<\/div>\n<\/div>\n<\/div>\n<\/div><\/div>\n\n\n\n<div class=\"wp-block-columns is-layout-flex wp-container-core-columns-is-layout-9d6595d7 wp-block-columns-is-layout-flex\">\n<div class=\"wp-block-column is-layout-flow wp-block-column-is-layout-flow\"><div class=\"wpforms-container wpforms-block wpforms-block-1c9e3381-be90-44ba-9792-bb009a08ef66\" id=\"wpforms-6\"><form id=\"wpforms-form-6\" class=\"wpforms-validate wpforms-form\" data-formid=\"6\" method=\"post\" enctype=\"multipart\/form-data\" action=\"\/index.php?rest_route=%2Fwp%2Fv2%2Fpages%2F887\" data-token=\"f0099e697e6c12b81606c8048d6aa372\" data-token-time=\"1775941302\"><noscript class=\"wpforms-error-noscript\">Por favor, activa JavaScript en tu navegador para completar este formulario.<\/noscript><div class=\"wpforms-field-container\"><div id=\"wpforms-6-field_1-container\" class=\"wpforms-field wpforms-field-name\" data-field-id=\"1\"><label class=\"wpforms-field-label\" for=\"wpforms-6-field_1\">Name <span class=\"wpforms-required-label\">*<\/span><\/label><input type=\"text\" id=\"wpforms-6-field_1\" class=\"wpforms-field-medium wpforms-field-required\" name=\"wpforms[fields][1]\" required><\/div><div id=\"wpforms-6-field_2-container\" class=\"wpforms-field wpforms-field-email\" data-field-id=\"2\"><label class=\"wpforms-field-label\" for=\"wpforms-6-field_2\">E-mail <span class=\"wpforms-required-label\">*<\/span><\/label><input type=\"email\" id=\"wpforms-6-field_2\" class=\"wpforms-field-medium wpforms-field-required\" name=\"wpforms[fields][2]\" spellcheck=\"false\" required><\/div><div id=\"wpforms-6-field_4-container\" class=\"wpforms-field wpforms-field-select wpforms-field-select-style-classic\" data-field-id=\"4\"><label class=\"wpforms-field-label\" for=\"wpforms-6-field_4\">Eine Option ausw\u00e4hlen <span class=\"wpforms-required-label\">*<\/span><\/label><select id=\"wpforms-6-field_4\" class=\"wpforms-field-medium wpforms-field-required\" name=\"wpforms[fields][4]\" required=\"required\"><option value=\"Reiseb\u00fcro\"  selected='selected' class=\"choice-1 depth-1\"  >Reiseb\u00fcro<\/option><option value=\"Reisender\"  class=\"choice-2 depth-1\"  >Reisender<\/option><\/select><\/div><div id=\"wpforms-6-field_3-container\" class=\"wpforms-field wpforms-field-textarea\" data-field-id=\"3\"><label class=\"wpforms-field-label\" for=\"wpforms-6-field_3\">Nachricht <span class=\"wpforms-required-label\">*<\/span><\/label><textarea id=\"wpforms-6-field_3\" class=\"wpforms-field-medium wpforms-field-required\" name=\"wpforms[fields][3]\" required><\/textarea><\/div><\/div><!-- .wpforms-field-container --><div class=\"wpforms-submit-container\" ><input type=\"hidden\" name=\"wpforms[id]\" value=\"6\"><input type=\"hidden\" name=\"page_title\" value=\"\"><input type=\"hidden\" name=\"page_url\" value=\"https:\/\/viajescreativa.com\/index.php?rest_route=\/wp\/v2\/pages\/887\"><input type=\"hidden\" name=\"url_referer\" value=\"\"><button type=\"submit\" name=\"wpforms[submit]\" id=\"wpforms-submit-6\" class=\"wpforms-submit\" data-alt-text=\"Sending...\" data-submit-text=\"Send Message\" aria-live=\"assertive\" value=\"wpforms-submit\">Send Message<\/button><\/div><\/form><\/div>  <!-- .wpforms-container --><\/div>\n\n\n\n<div class=\"wp-block-column is-layout-flow wp-block-column-is-layout-flow\">\n<p class=\"has-ast-global-color-5-color has-text-color has-background has-link-color wp-elements-aafbe019a0c69dc9e941247c6acbdfce\" style=\"background-color:#8383f8;font-size:26px\"><strong><em>Werfe einen Blick auf unseren Blog<\/em><\/strong><\/p>\n\n\n\n<figure class=\"wp-block-image aligncenter size-full\"><a href=\"https:\/\/www.viajescreativa.net\/blog.php\" target=\"_blank\" rel=\"noreferrer noopener\"><img loading=\"lazy\" decoding=\"async\" width=\"593\" height=\"313\" src=\"https:\/\/viajescreativa.com\/wp-content\/uploads\/2024\/08\/capture-20240812-184311.png\" alt=\"\" class=\"wp-image-1885\" srcset=\"https:\/\/viajescreativa.com\/wp-content\/uploads\/2024\/08\/capture-20240812-184311.png 593w, https:\/\/viajescreativa.com\/wp-content\/uploads\/2024\/08\/capture-20240812-184311-300x158.png 300w\" sizes=\"(max-width: 593px) 100vw, 593px\" \/><\/a><\/figure>\n<\/div>\n<\/div>\n","protected":false},"excerpt":{"rendered":"<p>HIGHLIGHTS: Der Ausgangspunkt dieser Sternfahrten ist Sevilla, die Hauptstadt Andalusiens mit 700.000 Einwohnern. Sie ist zweifelslos eine der sch\u00f6nsten St\u00e4dte Spaniens. Ihre tausendj\u00e4hrige Geschichte wird durch ihr beeindruckendes monumentales und k\u00fcnstlerisches Erbe bezeugt. &nbsp; Der Vorteil dieser Reiseart besteht darin, dass Sie in einem einzigen Hotel \u00fcbernachten und die Ausfl\u00fcge in einem Umkreis von maximal &hellip;<\/p>\n<p class=\"read-more\"> <a class=\"\" href=\"https:\/\/viajescreativa.com\/?page_id=887\"> <span class=\"screen-reader-text\">STERNFAHRTEN ANDALUSIEN VON SEVILLA AUS<\/span> Leer m\u00e1s &raquo;<\/a><\/p>\n","protected":false},"author":1,"featured_media":0,"parent":0,"menu_order":0,"comment_status":"closed","ping_status":"closed","template":"elementor_header_footer","meta":{"om_disable_all_campaigns":false,"_monsterinsights_skip_tracking":false,"_monsterinsights_sitenote_active":false,"_monsterinsights_sitenote_note":"","_monsterinsights_sitenote_category":0,"site-sidebar-layout":"no-sidebar","site-content-layout":"plain-container","ast-main-header-display":"","ast-hfb-above-header-display":"","ast-hfb-below-header-display":"","ast-hfb-mobile-header-display":"","site-post-title":"","ast-breadcrumbs-content":"","ast-featured-img":"","footer-sml-layout":"","theme-transparent-header-meta":"","adv-header-id-meta":"","stick-header-meta":"","header-above-stick-meta":"","header-main-stick-meta":"","header-below-stick-meta":"","footnotes":""},"class_list":["post-887","page","type-page","status-publish","hentry"],"aioseo_notices":[],"_links":{"self":[{"href":"https:\/\/viajescreativa.com\/index.php?rest_route=\/wp\/v2\/pages\/887","targetHints":{"allow":["GET"]}}],"collection":[{"href":"https:\/\/viajescreativa.com\/index.php?rest_route=\/wp\/v2\/pages"}],"about":[{"href":"https:\/\/viajescreativa.com\/index.php?rest_route=\/wp\/v2\/types\/page"}],"author":[{"embeddable":true,"href":"https:\/\/viajescreativa.com\/index.php?rest_route=\/wp\/v2\/users\/1"}],"replies":[{"embeddable":true,"href":"https:\/\/viajescreativa.com\/index.php?rest_route=%2Fwp%2Fv2%2Fcomments&post=887"}],"version-history":[{"count":46,"href":"https:\/\/viajescreativa.com\/index.php?rest_route=\/wp\/v2\/pages\/887\/revisions"}],"predecessor-version":[{"id":2525,"href":"https:\/\/viajescreativa.com\/index.php?rest_route=\/wp\/v2\/pages\/887\/revisions\/2525"}],"wp:attachment":[{"href":"https:\/\/viajescreativa.com\/index.php?rest_route=%2Fwp%2Fv2%2Fmedia&parent=887"}],"curies":[{"name":"wp","href":"https:\/\/api.w.org\/{rel}","templated":true}]}}